{"id":983,"date":"2024-08-31T13:56:39","date_gmt":"2024-08-31T17:56:39","guid":{"rendered":"https:\/\/newrenova.artemediapr.com\/?page_id=983"},"modified":"2025-01-08T05:04:40","modified_gmt":"2025-01-08T09:04:40","slug":"portal-del-empleado","status":"publish","type":"page","link":"https:\/\/renovasolutions.com\/es\/portal-del-empleado\/","title":{"rendered":"PORTAL DEL EMPLEADO"},"content":{"rendered":"<div id=\"pl-983\"  class=\"panel-layout\" ><div id=\"pg-983-0\"  class=\"panel-grid panel-has-style\" ><div class=\"siteorigin-panels-stretch panel-row-style panel-row-style-for-983-0\" data-stretch-type=\"full\" ><div class=\"so-panels-full-wrapper\" ><div id=\"pgc-983-0-0\"  class=\"panel-grid-cell\" ><div id=\"panel-983-0-0-0\" class=\"so-panel widget widget_sow-editor panel-first-child\" data-index=\"0\" ><div\n\t\t\t\n\t\t\tclass=\"so-widget-sow-editor so-widget-sow-editor-base\"\n\t\t\t\n\t\t>\n<div class=\"siteorigin-widget-tinymce textwidget\">\n\t<h1><span style=\"color: #00b4ac;\"><strong>PORTAL DEL EMPLEADO<\/strong><\/span><\/h1>\n<\/div>\n<\/div><\/div><div id=\"panel-983-0-0-1\" class=\"so-panel widget widget_sow-editor panel-last-child\" data-index=\"1\" ><div class=\"panel-widget-style panel-widget-style-for-983-0-0-1\" ><div\n\t\t\t\n\t\t\tclass=\"so-widget-sow-editor so-widget-sow-editor-base\"\n\t\t\t\n\t\t>\n<div class=\"siteorigin-widget-tinymce textwidget\">\n\t<p><span style=\"color: #586876;\">Plataforma centralizada que facilita la gesti\u00f3n y acceso a la informaci\u00f3n corporativa desde cualquier dispositivo, optimizando la eficiencia y la transparencia organizacional.<\/span><\/p>\n<\/div>\n<\/div><\/div><\/div><\/div><div id=\"pgc-983-0-1\"  class=\"panel-grid-cell\" ><div id=\"panel-983-0-1-0\" class=\"so-panel widget widget_sow-editor panel-first-child panel-last-child\" data-index=\"2\" ><div\n\t\t\t\n\t\t\tclass=\"so-widget-sow-editor so-widget-sow-editor-base\"\n\t\t\t\n\t\t>\n<div class=\"siteorigin-widget-tinymce textwidget\">\n\t<p><img loading=\"lazy\" decoding=\"async\" class=\" wp-image-990 aligncenter\" src=\"https:\/\/renovasolutions.com\/wp-content\/uploads\/2024\/08\/portal-empleado-banner.svg\" alt=\"\" width=\"528\" height=\"433\" \/><\/p>\n<\/div>\n<\/div><\/div><\/div><\/div><\/div><\/div><div id=\"pg-983-1\"  class=\"panel-grid panel-has-style\" ><div class=\"siteorigin-panels-stretch panel-row-style panel-row-style-for-983-1\" data-stretch-type=\"full\" ><div class=\"so-panels-full-wrapper\" ><div id=\"pgc-983-1-0\"  class=\"panel-grid-cell\" ><div id=\"panel-983-1-0-0\" class=\"so-panel widget widget_sow-editor panel-first-child panel-last-child\" data-index=\"3\" ><div class=\"panel-widget-style panel-widget-style-for-983-1-0-0\" ><div\n\t\t\t\n\t\t\tclass=\"so-widget-sow-editor so-widget-sow-editor-base\"\n\t\t\t\n\t\t>\n<div class=\"siteorigin-widget-tinymce textwidget\">\n\t<h6><span style=\"color: #00b4ac;\">Nuestra soluci\u00f3n ofrece una plataforma centralizada que permite a empleados, gerentes y administradores acceder y administrar informaci\u00f3n de la empresa desde cualquier dispositivo, ya sea a trav\u00e9s de Internet o intranet. Esto simplifica el proceso y mejora el compromiso de los empleados, as\u00ed como la rendici\u00f3n de cuentas.<\/span><\/h6>\n<\/div>\n<\/div><\/div><\/div><\/div><\/div><\/div><\/div><div id=\"pg-983-2\"  class=\"panel-grid panel-has-style\" ><div class=\"siteorigin-panels-stretch panel-row-style panel-row-style-for-983-2\" data-stretch-type=\"full\" ><div class=\"so-panels-full-wrapper\" ><div id=\"pgc-983-2-0\"  class=\"panel-grid-cell\" ><div id=\"panel-983-2-0-0\" class=\"so-panel widget widget_sow-editor panel-first-child panel-last-child\" data-index=\"4\" ><div\n\t\t\t\n\t\t\tclass=\"so-widget-sow-editor so-widget-sow-editor-base\"\n\t\t\t\n\t\t>\n<div class=\"siteorigin-widget-tinymce textwidget\">\n\t<p><strong>Entre las caracter\u00edsticas clave se incluyen:<\/strong><\/p>\n<\/div>\n<\/div><\/div><\/div><\/div><\/div><\/div><div id=\"pg-983-3\"  class=\"panel-grid panel-has-style\" ><div class=\"siteorigin-panels-stretch panel-row-style panel-row-style-for-983-3\" data-stretch-type=\"full\" ><div class=\"so-panels-full-wrapper\" ><div id=\"pgc-983-3-0\"  class=\"panel-grid-cell\" ><div id=\"panel-983-3-0-0\" class=\"so-panel widget widget_sow-editor panel-first-child\" data-index=\"5\" ><div\n\t\t\t\n\t\t\tclass=\"so-widget-sow-editor so-widget-sow-editor-base\"\n\t\t\t\n\t\t>\n<div class=\"siteorigin-widget-tinymce textwidget\">\n\t<p><img loading=\"lazy\" decoding=\"async\" class=\"alignnone  wp-image-1000\" src=\"https:\/\/renovasolutions.com\/wp-content\/uploads\/2024\/09\/inicio-de-seccion.png\" alt=\"\" width=\"160\" height=\"164\" \/><\/p>\n<\/div>\n<\/div><\/div><div id=\"panel-983-3-0-1\" class=\"so-panel widget widget_sow-editor panel-last-child\" data-index=\"6\" ><div\n\t\t\t\n\t\t\tclass=\"so-widget-sow-editor so-widget-sow-editor-base\"\n\t\t\t\n\t\t>\n<div class=\"siteorigin-widget-tinymce textwidget\">\n\t<p><span style=\"color: #00b4ac;\"><strong>INICIO DE SESI\u00d3N<\/strong><\/span><\/p>\n<p>Manejo de datos personales, que permite definir roles de usuario y proteger datos confidenciales mediante autorizaciones de inicio de sesi\u00f3n.<\/p>\n<\/div>\n<\/div><\/div><\/div><div id=\"pgc-983-3-1\"  class=\"panel-grid-cell\" ><div id=\"panel-983-3-1-0\" class=\"so-panel widget widget_sow-editor panel-first-child\" data-index=\"7\" ><div\n\t\t\t\n\t\t\tclass=\"so-widget-sow-editor so-widget-sow-editor-base\"\n\t\t\t\n\t\t>\n<div class=\"siteorigin-widget-tinymce textwidget\">\n\t<p><img loading=\"lazy\" decoding=\"async\" class=\"alignnone  wp-image-1001\" src=\"https:\/\/renovasolutions.com\/wp-content\/uploads\/2024\/09\/acceso-24-7.png\" alt=\"\" width=\"160\" height=\"164\" \/><\/p>\n<\/div>\n<\/div><\/div><div id=\"panel-983-3-1-1\" class=\"so-panel widget widget_sow-editor panel-last-child\" data-index=\"8\" ><div\n\t\t\t\n\t\t\tclass=\"so-widget-sow-editor so-widget-sow-editor-base\"\n\t\t\t\n\t\t>\n<div class=\"siteorigin-widget-tinymce textwidget\">\n\t<p><span style=\"color: #00b4ac;\"><strong>ACCESO 24\/7<\/strong><\/span><\/p>\n<p>Acceso seguro las 24 horas del d\u00eda, los 7 d\u00edas de la semana, en un solo lugar para visualizar talonarios, solicitar licencias, registrar asistencia, actualizar datos personales e interactuar con otros empleados.<\/p>\n<\/div>\n<\/div><\/div><\/div><\/div><\/div><\/div><div id=\"pg-983-4\"  class=\"panel-grid panel-has-style\" ><div class=\"siteorigin-panels-stretch panel-row-style panel-row-style-for-983-4\" data-stretch-type=\"full\" ><div class=\"so-panels-full-wrapper\" ><div id=\"pgc-983-4-0\"  class=\"panel-grid-cell\" ><div id=\"panel-983-4-0-0\" class=\"so-panel widget widget_sow-editor panel-first-child\" data-index=\"9\" ><div\n\t\t\t\n\t\t\tclass=\"so-widget-sow-editor so-widget-sow-editor-base\"\n\t\t\t\n\t\t>\n<div class=\"siteorigin-widget-tinymce textwidget\">\n\t<p><img loading=\"lazy\" decoding=\"async\" class=\"alignnone size-full wp-image-1018\" src=\"https:\/\/renovasolutions.com\/wp-content\/uploads\/2024\/09\/politica-tiempo-libre.png\" alt=\"\" width=\"160\" height=\"164\" \/><\/p>\n<\/div>\n<\/div><\/div><div id=\"panel-983-4-0-1\" class=\"so-panel widget widget_sow-editor panel-last-child\" data-index=\"10\" ><div\n\t\t\t\n\t\t\tclass=\"so-widget-sow-editor so-widget-sow-editor-base\"\n\t\t\t\n\t\t>\n<div class=\"siteorigin-widget-tinymce textwidget\">\n\t<p><span style=\"color: #00b4ac;\"><strong>POL\u00cdTICA DE TIEMPO LIBRE<\/strong><\/span><\/p>\n<p>Facilitamos una pol\u00edtica clara de tiempo libre para garantizar una gesti\u00f3n eficiente y equitativa del mismo.<\/p>\n<\/div>\n<\/div><\/div><\/div><div id=\"pgc-983-4-1\"  class=\"panel-grid-cell\" ><div id=\"panel-983-4-1-0\" class=\"so-panel widget widget_sow-editor panel-first-child\" data-index=\"11\" ><div\n\t\t\t\n\t\t\tclass=\"so-widget-sow-editor so-widget-sow-editor-base\"\n\t\t\t\n\t\t>\n<div class=\"siteorigin-widget-tinymce textwidget\">\n\t<p><img loading=\"lazy\" decoding=\"async\" class=\"alignnone size-full wp-image-1019\" src=\"https:\/\/renovasolutions.com\/wp-content\/uploads\/2024\/09\/movilidad.png\" alt=\"\" width=\"160\" height=\"164\" \/><\/p>\n<\/div>\n<\/div><\/div><div id=\"panel-983-4-1-1\" class=\"so-panel widget widget_sow-editor panel-last-child\" data-index=\"12\" ><div\n\t\t\t\n\t\t\tclass=\"so-widget-sow-editor so-widget-sow-editor-base\"\n\t\t\t\n\t\t>\n<div class=\"siteorigin-widget-tinymce textwidget\">\n\t<p><span style=\"color: #00b4ac;\"><strong>MOVILIDAD<\/strong><\/span><\/p>\n<p>Permitimos que los empleados accedan y puedan registrar sus ponches desde dispositivos m\u00f3viles y que los gerentes puedan crear, ver y modificar horarios f\u00e1cilmente, incluso cuando est\u00e1n fuera de la oficina, lo que mejora la gesti\u00f3n de recursos humanos en movimiento.<\/p>\n<\/div>\n<\/div><\/div><\/div><\/div><\/div><\/div><\/div>","protected":false},"excerpt":{"rendered":"<p>PORTAL DEL EMPLEADO Plataforma centralizada que facilita la gesti\u00f3n y acceso a la informaci\u00f3n corporativa desde cualquier dispositivo, optimizando la eficiencia y la transparencia organizacional. Nuestra soluci\u00f3n ofrece una plataforma centralizada que permite a empleados, gerentes y administradores acceder y administrar informaci\u00f3n de la empresa desde cualquier dispositivo, ya sea a trav\u00e9s de Internet o [&hellip;]<\/p>\n","protected":false},"author":6,"featured_media":0,"parent":0,"menu_order":0,"comment_status":"closed","ping_status":"closed","template":"","meta":{"inline_featured_image":false,"footnotes":""},"class_list":["post-983","page","type-page","status-publish","hentry","post"],"_links":{"self":[{"href":"https:\/\/renovasolutions.com\/es\/wp-json\/wp\/v2\/pages\/983","targetHints":{"allow":["GET"]}}],"collection":[{"href":"https:\/\/renovasolutions.com\/es\/wp-json\/wp\/v2\/pages"}],"about":[{"href":"https:\/\/renovasolutions.com\/es\/wp-json\/wp\/v2\/types\/page"}],"author":[{"embeddable":true,"href":"https:\/\/renovasolutions.com\/es\/wp-json\/wp\/v2\/users\/6"}],"replies":[{"embeddable":true,"href":"https:\/\/renovasolutions.com\/es\/wp-json\/wp\/v2\/comments?post=983"}],"version-history":[{"count":48,"href":"https:\/\/renovasolutions.com\/es\/wp-json\/wp\/v2\/pages\/983\/revisions"}],"predecessor-version":[{"id":3823,"href":"https:\/\/renovasolutions.com\/es\/wp-json\/wp\/v2\/pages\/983\/revisions\/3823"}],"wp:attachment":[{"href":"https:\/\/renovasolutions.com\/es\/wp-json\/wp\/v2\/media?parent=983"}],"curies":[{"name":"wp","href":"https:\/\/api.w.org\/{rel}","templated":true}]}}