{"id":959,"date":"2024-08-31T13:12:28","date_gmt":"2024-08-31T17:12:28","guid":{"rendered":"https:\/\/newrenova.artemediapr.com\/?page_id=959"},"modified":"2025-01-08T05:01:19","modified_gmt":"2025-01-08T09:01:19","slug":"nomina","status":"publish","type":"page","link":"https:\/\/renovasolutions.com\/es\/nomina\/","title":{"rendered":"N\u00f3mina"},"content":{"rendered":"<div id=\"pl-959\"  class=\"panel-layout\" ><div id=\"pg-959-0\"  class=\"panel-grid panel-has-style\" ><div class=\"siteorigin-panels-stretch panel-row-style panel-row-style-for-959-0\" data-stretch-type=\"full\" ><div class=\"so-panels-full-wrapper\" ><div id=\"pgc-959-0-0\"  class=\"panel-grid-cell\" ><div id=\"panel-959-0-0-0\" class=\"so-panel widget widget_sow-editor panel-first-child\" data-index=\"0\" ><div\n\t\t\t\n\t\t\tclass=\"so-widget-sow-editor so-widget-sow-editor-base\"\n\t\t\t\n\t\t>\n<div class=\"siteorigin-widget-tinymce textwidget\">\n\t<h1><span style=\"color: #586876;\"><strong>N\u00d3MINA<\/strong><\/span><\/h1>\n<\/div>\n<\/div><\/div><div id=\"panel-959-0-0-1\" class=\"so-panel widget widget_sow-editor panel-last-child\" data-index=\"1\" ><div class=\"panel-widget-style panel-widget-style-for-959-0-0-1\" ><div\n\t\t\t\n\t\t\tclass=\"so-widget-sow-editor so-widget-sow-editor-base\"\n\t\t\t\n\t\t>\n<div class=\"siteorigin-widget-tinymce textwidget\">\n\t<p><span style=\"color: #586876;\">Nuestra soluci\u00f3n de N\u00f3mina proporciona una gesti\u00f3n completa de todas las tareas relacionadas con la compensaci\u00f3n de los empleados.<\/span><\/p>\n<\/div>\n<\/div><\/div><\/div><\/div><div id=\"pgc-959-0-1\"  class=\"panel-grid-cell\" ><div id=\"panel-959-0-1-0\" class=\"so-panel widget widget_sow-editor panel-first-child panel-last-child\" data-index=\"2\" ><div\n\t\t\t\n\t\t\tclass=\"so-widget-sow-editor so-widget-sow-editor-base\"\n\t\t\t\n\t\t>\n<div class=\"siteorigin-widget-tinymce textwidget\">\n\t<p><a href=\"https:\/\/renovasolutions.com\/wp-content\/uploads\/2024\/08\/tiempo-asistencia.svg\"><img loading=\"lazy\" decoding=\"async\" class=\"alignnone  wp-image-964 aligncenter\" src=\"https:\/\/renovasolutions.com\/wp-content\/uploads\/2024\/08\/nomina.svg\" alt=\"\" width=\"473\" height=\"378\" \/><\/a><\/p>\n<\/div>\n<\/div><\/div><\/div><\/div><\/div><\/div><div id=\"pg-959-1\"  class=\"panel-grid panel-has-style\" ><div class=\"siteorigin-panels-stretch panel-row-style panel-row-style-for-959-1\" data-stretch-type=\"full\" ><div class=\"so-panels-full-wrapper\" ><div id=\"pgc-959-1-0\"  class=\"panel-grid-cell\" ><div id=\"panel-959-1-0-0\" class=\"so-panel widget widget_sow-editor panel-first-child\" data-index=\"3\" ><div class=\"panel-widget-style panel-widget-style-for-959-1-0-0\" ><div\n\t\t\t\n\t\t\tclass=\"so-widget-sow-editor so-widget-sow-editor-base\"\n\t\t\t\n\t\t>\n<div class=\"siteorigin-widget-tinymce textwidget\">\n\t<h6><span style=\"color: #00b4ac;\">Con RENOVA Payroll, llevamos el procesamiento de n\u00f3mina a un nivel superior, transformando lo que sol\u00eda ser una tarea manual y tediosa en c\u00e1lculos precisos y continuos, respaldados por auditor\u00edas detalladas para garantizar la exactitud en los pagos.\u00a0<\/span><\/h6>\n<\/div>\n<\/div><\/div><\/div><div id=\"panel-959-1-0-1\" class=\"so-panel widget widget_sow-editor panel-last-child\" data-index=\"4\" ><div\n\t\t\t\n\t\t\tclass=\"so-widget-sow-editor so-widget-sow-editor-base\"\n\t\t\t\n\t\t>\n<div class=\"siteorigin-widget-tinymce textwidget\">\n\t<p><img loading=\"lazy\" decoding=\"async\" class=\" wp-image-970 aligncenter\" src=\"https:\/\/renovasolutions.com\/wp-content\/uploads\/2024\/08\/nomina-1024x789.jpg\" alt=\"\" width=\"843\" height=\"650\" srcset=\"https:\/\/renovasolutions.com\/wp-content\/uploads\/2024\/08\/nomina-1024x789.jpg 1024w, https:\/\/renovasolutions.com\/wp-content\/uploads\/2024\/08\/nomina-300x231.jpg 300w, https:\/\/renovasolutions.com\/wp-content\/uploads\/2024\/08\/nomina-768x592.jpg 768w, https:\/\/renovasolutions.com\/wp-content\/uploads\/2024\/08\/nomina.jpg 1145w\" sizes=\"auto, (max-width: 843px) 100vw, 843px\" \/><\/p>\n<\/div>\n<\/div><\/div><\/div><\/div><\/div><\/div><div id=\"pg-959-2\"  class=\"panel-grid panel-no-style\" ><div id=\"pgc-959-2-0\"  class=\"panel-grid-cell\" ><div id=\"panel-959-2-0-0\" class=\"so-panel widget widget_sow-editor panel-first-child panel-last-child\" data-index=\"5\" ><div class=\"panel-widget-style panel-widget-style-for-959-2-0-0\" ><div\n\t\t\t\n\t\t\tclass=\"so-widget-sow-editor so-widget-sow-editor-base\"\n\t\t\t\n\t\t>\n<div class=\"siteorigin-widget-tinymce textwidget\">\n\t<p style=\"text-align: center;\">La integraci\u00f3n con <strong>RENOVA HR y RENOVA Time &amp; Attendance<\/strong> agrega a\u00fan m\u00e1s valor a nuestra soluci\u00f3n, permitiendo el registro de datos de empleados, la administraci\u00f3n de beneficios, la gesti\u00f3n de tiempos trabajados, el seguimiento de licencias y la gesti\u00f3n de eventos de vida, todo desde una plataforma centralizada.<\/p>\n<p style=\"text-align: center;\">Adem\u00e1s, nuestra plataforma ofrece una configuraci\u00f3n flexible e intuitiva que se adapta a los requisitos espec\u00edficos de su organizaci\u00f3n, brindando funcionalidades mejoradas que le permiten gestionar de manera eficiente y efectiva todas las necesidades relacionadas con la n\u00f3mina de su personal.<\/p>\n<\/div>\n<\/div><\/div><\/div><\/div><\/div><\/div>","protected":false},"excerpt":{"rendered":"<p>N\u00d3MINA Nuestra soluci\u00f3n de N\u00f3mina proporciona una gesti\u00f3n completa de todas las tareas relacionadas con la compensaci\u00f3n de los empleados. Con RENOVA Payroll, llevamos el procesamiento de n\u00f3mina a un nivel superior, transformando lo que sol\u00eda ser una tarea manual y tediosa en c\u00e1lculos precisos y continuos, respaldados por auditor\u00edas detalladas para garantizar la exactitud [&hellip;]<\/p>\n","protected":false},"author":6,"featured_media":0,"parent":0,"menu_order":0,"comment_status":"closed","ping_status":"closed","template":"","meta":{"inline_featured_image":false,"footnotes":""},"class_list":["post-959","page","type-page","status-publish","hentry","post"],"_links":{"self":[{"href":"https:\/\/renovasolutions.com\/es\/wp-json\/wp\/v2\/pages\/959","targetHints":{"allow":["GET"]}}],"collection":[{"href":"https:\/\/renovasolutions.com\/es\/wp-json\/wp\/v2\/pages"}],"about":[{"href":"https:\/\/renovasolutions.com\/es\/wp-json\/wp\/v2\/types\/page"}],"author":[{"embeddable":true,"href":"https:\/\/renovasolutions.com\/es\/wp-json\/wp\/v2\/users\/6"}],"replies":[{"embeddable":true,"href":"https:\/\/renovasolutions.com\/es\/wp-json\/wp\/v2\/comments?post=959"}],"version-history":[{"count":45,"href":"https:\/\/renovasolutions.com\/es\/wp-json\/wp\/v2\/pages\/959\/revisions"}],"predecessor-version":[{"id":2930,"href":"https:\/\/renovasolutions.com\/es\/wp-json\/wp\/v2\/pages\/959\/revisions\/2930"}],"wp:attachment":[{"href":"https:\/\/renovasolutions.com\/es\/wp-json\/wp\/v2\/media?parent=959"}],"curies":[{"name":"wp","href":"https:\/\/api.w.org\/{rel}","templated":true}]}}