{"id":886,"date":"2024-08-30T21:53:55","date_gmt":"2024-08-31T01:53:55","guid":{"rendered":"https:\/\/newrenova.artemediapr.com\/?page_id=886"},"modified":"2025-01-08T04:17:38","modified_gmt":"2025-01-08T08:17:38","slug":"tiempo-y-asistencia","status":"publish","type":"page","link":"https:\/\/renovasolutions.com\/es\/tiempo-y-asistencia\/","title":{"rendered":"TIEMPO Y ASISTENCIA"},"content":{"rendered":"<div id=\"pl-886\"  class=\"panel-layout\" ><div id=\"pg-886-0\"  class=\"panel-grid panel-has-style\" ><div class=\"siteorigin-panels-stretch panel-row-style panel-row-style-for-886-0\" data-stretch-type=\"full\" ><div class=\"so-panels-full-wrapper\" ><div id=\"pgc-886-0-0\"  class=\"panel-grid-cell\" ><div id=\"panel-886-0-0-0\" class=\"so-panel widget widget_sow-editor panel-first-child\" data-index=\"0\" ><div\n\t\t\t\n\t\t\tclass=\"so-widget-sow-editor so-widget-sow-editor-base\"\n\t\t\t\n\t\t>\n<div class=\"siteorigin-widget-tinymce textwidget\">\n\t<h1><span style=\"color: #e3530f;\"><strong>TIEMPO Y ASISTENCIA<\/strong><\/span><\/h1>\n<\/div>\n<\/div><\/div><div id=\"panel-886-0-0-1\" class=\"so-panel widget widget_sow-editor panel-last-child\" data-index=\"1\" ><div class=\"panel-widget-style panel-widget-style-for-886-0-0-1\" ><div\n\t\t\t\n\t\t\tclass=\"so-widget-sow-editor so-widget-sow-editor-base\"\n\t\t\t\n\t\t>\n<div class=\"siteorigin-widget-tinymce textwidget\">\n\t<p>Optimice la gesti\u00f3n de su fuerza laboral y maximice la rentabilidad dedicando menos tiempo a tareas administrativas tediosas.<\/p>\n<\/div>\n<\/div><\/div><\/div><\/div><div id=\"pgc-886-0-1\"  class=\"panel-grid-cell\" ><div id=\"panel-886-0-1-0\" class=\"so-panel widget widget_sow-editor panel-first-child panel-last-child\" data-index=\"2\" ><div\n\t\t\t\n\t\t\tclass=\"so-widget-sow-editor so-widget-sow-editor-base\"\n\t\t\t\n\t\t>\n<div class=\"siteorigin-widget-tinymce textwidget\">\n\t<p><img loading=\"lazy\" decoding=\"async\" class=\" wp-image-899 aligncenter\" src=\"https:\/\/renovasolutions.com\/wp-content\/uploads\/2024\/08\/tiempo-asistencia.svg\" alt=\"\" width=\"519\" height=\"378\" \/><\/p>\n<\/div>\n<\/div><\/div><\/div><\/div><\/div><\/div><div id=\"pg-886-1\"  class=\"panel-grid panel-has-style\" ><div class=\"siteorigin-panels-stretch panel-row-style panel-row-style-for-886-1\" data-stretch-type=\"full\" ><div class=\"so-panels-full-wrapper\" ><div id=\"pgc-886-1-0\"  class=\"panel-grid-cell\" ><div id=\"panel-886-1-0-0\" class=\"so-panel widget widget_sow-editor panel-first-child panel-last-child\" data-index=\"3\" ><div class=\"panel-widget-style panel-widget-style-for-886-1-0-0\" ><div\n\t\t\t\n\t\t\tclass=\"so-widget-sow-editor so-widget-sow-editor-base\"\n\t\t\t\n\t\t>\n<div class=\"siteorigin-widget-tinymce textwidget\">\n\t<h6><span style=\"color: #e3530f;\">Con nuestra aplicaci\u00f3n web altamente configurable, RENOVA Time &amp; Attendance, puede simplificar el seguimiento de itinerarios, el registro del tiempo trabajado y el cumplimiento de requisitos, todo mientras administra de manera m\u00e1s eficiente a toda su poblaci\u00f3n de empleados.<\/span><\/h6>\n<\/div>\n<\/div><\/div><\/div><\/div><\/div><\/div><\/div><div id=\"pg-886-2\"  class=\"panel-grid panel-has-style\" ><div class=\"so-rounded panel-row-style panel-row-style-for-886-2\" ><div id=\"pgc-886-2-0\"  class=\"panel-grid-cell\" ><div id=\"panel-886-2-0-0\" class=\"so-panel widget widget_sow-editor panel-first-child panel-last-child\" data-index=\"4\" ><div class=\"panel-widget-style panel-widget-style-for-886-2-0-0\" ><div\n\t\t\t\n\t\t\tclass=\"so-widget-sow-editor so-widget-sow-editor-base\"\n\t\t\t\n\t\t>\n<div class=\"siteorigin-widget-tinymce textwidget\">\n\t<p>Nuestra aplicaci\u00f3n web reduce dr\u00e1sticamente la entrada manual de datos propensa a errores, mejorando la precisi\u00f3n general de la n\u00f3mina y eliminando la necesidad de realizar tediosas verificaciones. Al trabajar en perfecta armon\u00eda con <strong>RENOVA Payroll y RENOVA HR<\/strong>, nuestro software de tiempo y asistencia ofrece una experiencia de usuario sencilla y fluida, accesible desde dispositivos m\u00f3viles, IVR, relojes biom\u00e9tricos o incluso registrar los ponches de manera conveniente a trav\u00e9s de su tel\u00e9fono m\u00f3vil, utilizando la tecnolog\u00eda de geofencing. Con esta funci\u00f3n, los empleados pueden realizar el registro de entrada y salida de manera r\u00e1pida y precisa, simplemente al entrar o salir de un \u00e1rea espec\u00edfica definida por geofencing.<\/p>\n<\/div>\n<\/div><\/div><\/div><\/div><\/div><\/div><div id=\"pg-886-3\"  class=\"panel-grid panel-has-style\" ><div class=\"so-rounded panel-row-style panel-row-style-for-886-3\" ><div id=\"pgc-886-3-0\"  class=\"panel-grid-cell\" ><div id=\"panel-886-3-0-0\" class=\"so-panel widget widget_sow-editor panel-first-child panel-last-child\" data-index=\"5\" ><div\n\t\t\t\n\t\t\tclass=\"so-widget-sow-editor so-widget-sow-editor-base\"\n\t\t\t\n\t\t>\n<div class=\"siteorigin-widget-tinymce textwidget\">\n\t<p><img loading=\"lazy\" decoding=\"async\" class=\" wp-image-906 aligncenter\" src=\"https:\/\/renovasolutions.com\/wp-content\/uploads\/2024\/08\/tiempoyasistencia.jpg\" alt=\"\" width=\"625\" height=\"507\" srcset=\"https:\/\/renovasolutions.com\/wp-content\/uploads\/2024\/08\/tiempoyasistencia.jpg 776w, https:\/\/renovasolutions.com\/wp-content\/uploads\/2024\/08\/tiempoyasistencia-300x243.jpg 300w, https:\/\/renovasolutions.com\/wp-content\/uploads\/2024\/08\/tiempoyasistencia-768x623.jpg 768w\" sizes=\"auto, (max-width: 625px) 100vw, 625px\" \/><\/p>\n<\/div>\n<\/div><\/div><\/div><div id=\"pgc-886-3-1\"  class=\"panel-grid-cell\" ><div id=\"panel-886-3-1-0\" class=\"so-panel widget widget_sow-editor panel-first-child panel-last-child\" data-index=\"6\" ><div class=\"panel-widget-style panel-widget-style-for-886-3-1-0\" ><div\n\t\t\t\n\t\t\tclass=\"so-widget-sow-editor so-widget-sow-editor-base\"\n\t\t\t\n\t\t>\n<div class=\"siteorigin-widget-tinymce textwidget\">\n\t<p>Libere tiempo y recursos valiosos al automatizar procesos clave de gesti\u00f3n de empleados, permiti\u00e9ndole enfocarse en actividades estrat\u00e9gicas que impulsan el crecimiento y el \u00e9xito de su organizaci\u00f3n. Descubra c\u00f3mo RENOVA Time &amp; Attendance puede transformar la manera en que administra a su fuerza laboral y obtenga la m\u00e1xima eficiencia y rentabilidad.<\/p>\n<\/div>\n<\/div><\/div><\/div><\/div><\/div><\/div><div id=\"pg-886-4\"  class=\"panel-grid panel-has-style\" ><div class=\"siteorigin-panels-stretch panel-row-style panel-row-style-for-886-4\" data-stretch-type=\"full\" ><div class=\"so-panels-full-wrapper\" ><div id=\"pgc-886-4-0\"  class=\"panel-grid-cell\" ><div id=\"panel-886-4-0-0\" class=\"so-panel widget widget_sow-accordion panel-first-child panel-last-child\" data-index=\"7\" ><div\n\t\t\t\n\t\t\tclass=\"so-widget-sow-accordion so-widget-sow-accordion-default-a407d2df4e4c-886\"\n\t\t\t data-max-open-panels=\"0\" data-initial-scroll-panel=\"0\" data-anchor-id=\"acordeon\"\n\t\t><div>\n\t<div class=\"sow-accordion\">\n\t\t\t<div class=\"sow-accordion-panel\n\t\t\t\t\t\"\n\t\t\t\tdata-anchor-id=\"politicas-de-tiempo-libre\">\n\t\t\t\t\t<div class=\"sow-accordion-panel-header-container\" role=\"heading\" aria-level=\"2\">\n\t\t\t\t\t<div class=\"sow-accordion-panel-header\" tabindex=\"0\" role=\"button\" id=\"accordion-label-pol%c3%adticas-de-tiempo-libre\" aria-controls=\"accordion-content-pol%c3%adticas-de-tiempo-libre\" aria-expanded=\"false\">\n\t\t\t\t\t\t<div class=\"sow-accordion-title sow-accordion-title-icon-left\">\n\t\t\t\t\t\t\t\t\t\t\t\t\t\tPol\u00edticas de tiempo libre\t\t\t\t\t\t\t\t\t\t\t\t\t<\/div>\n\t\t\t\t\t\t<div class=\"sow-accordion-open-close-button\">\n\t\t\t\t\t\t\t<div class=\"sow-accordion-open-button\">\n\t\t\t\t\t\t\t\t<span class=\"sow-icon-ionicons\" data-sow-icon=\"&#xf218;\"\n\t\t \n\t\taria-hidden=\"true\"><\/span>\t\t\t\t\t\t\t<\/div>\n\t\t\t\t\t\t\t<div class=\"sow-accordion-close-button\">\n\t\t\t\t\t\t\t\t<span class=\"sow-icon-ionicons\" data-sow-icon=\"&#xf2f4;\"\n\t\t \n\t\taria-hidden=\"true\"><\/span>\t\t\t\t\t\t\t<\/div>\n\t\t\t\t\t\t<\/div>\n\t\t\t\t\t<\/div>\n\t\t\t\t<\/div>\n\n\t\t\t<div\n\t\t\t\tclass=\"sow-accordion-panel-content\"\n\t\t\t\trole=\"region\"\n\t\t\t\taria-labelledby=\"accordion-label-pol%c3%adticas-de-tiempo-libre\"\n\t\t\t\tid=\"accordion-content-pol%c3%adticas-de-tiempo-libre\"\n\t\t\t\tstyle=\"display: none;\"\t\t\t>\n\t\t\t\t<div class=\"sow-accordion-panel-border\">\n\t\t\t\t\t<div id=\"pl-w8f3f7379\"  class=\"panel-layout\" ><div id=\"pg-w8f3f7379-0\"  class=\"panel-grid panel-has-style\" ><div class=\"panel-row-style panel-row-style-for-w8f3f7379-0\" ><div id=\"pgc-w8f3f7379-0-0\"  class=\"panel-grid-cell\" ><div id=\"panel-w8f3f7379-0-0-0\" class=\"so-panel widget widget_sow-editor panel-first-child panel-last-child\" data-index=\"0\" ><div class=\"panel-widget-style panel-widget-style-for-w8f3f7379-0-0-0\" ><div\n\t\t\t\n\t\t\tclass=\"so-widget-sow-editor so-widget-sow-editor-base\"\n\t\t\t\n\t\t>\n<div class=\"siteorigin-widget-tinymce textwidget\">\n\t<p><span style=\"color: #e3530f;\"><strong>Es esencial establecer y comunicar claramente las pol\u00edticas de Tiempo Libre Remunerado (PTO) como parte del paquete de compensaci\u00f3n de los empleados.<\/strong><\/span><\/p>\n<\/div>\n<\/div><\/div><\/div><\/div><div id=\"pgc-w8f3f7379-0-1\"  class=\"panel-grid-cell\" ><div id=\"panel-w8f3f7379-0-1-0\" class=\"so-panel widget widget_sow-editor panel-first-child panel-last-child\" data-index=\"1\" ><div class=\"panel-widget-style panel-widget-style-for-w8f3f7379-0-1-0\" ><div\n\t\t\t\n\t\t\tclass=\"so-widget-sow-editor so-widget-sow-editor-base\"\n\t\t\t\n\t\t>\n<div class=\"siteorigin-widget-tinymce textwidget\">\n\t<p>Monitorear diligentemente el uso del PTO garantiza el cumplimiento de las pol\u00edticas y mantiene la productividad. Adem\u00e1s, proporcionar acceso f\u00e1cil y comprensible a la pol\u00edtica de PTO promueve la transparencia y fortalece la confianza entre empleadores y empleados, asegurando un uso efectivo del tiempo libre.<\/p>\n<\/div>\n<\/div><\/div><\/div><\/div><\/div><\/div><\/div>\t\t\t\t<\/div>\n\t\t\t<\/div>\n\t\t<\/div>\n\t\t\t<div class=\"sow-accordion-panel\n\t\t\t\t\t\"\n\t\t\t\tdata-anchor-id=\"manejo-de-horarios\">\n\t\t\t\t\t<div class=\"sow-accordion-panel-header-container\" role=\"heading\" aria-level=\"2\">\n\t\t\t\t\t<div class=\"sow-accordion-panel-header\" tabindex=\"0\" role=\"button\" id=\"accordion-label-manejo-de-horarios\" aria-controls=\"accordion-content-manejo-de-horarios\" aria-expanded=\"false\">\n\t\t\t\t\t\t<div class=\"sow-accordion-title sow-accordion-title-icon-left\">\n\t\t\t\t\t\t\t\t\t\t\t\t\t\tManejo de horarios\t\t\t\t\t\t\t\t\t\t\t\t\t<\/div>\n\t\t\t\t\t\t<div class=\"sow-accordion-open-close-button\">\n\t\t\t\t\t\t\t<div class=\"sow-accordion-open-button\">\n\t\t\t\t\t\t\t\t<span class=\"sow-icon-ionicons\" data-sow-icon=\"&#xf218;\"\n\t\t \n\t\taria-hidden=\"true\"><\/span>\t\t\t\t\t\t\t<\/div>\n\t\t\t\t\t\t\t<div class=\"sow-accordion-close-button\">\n\t\t\t\t\t\t\t\t<span class=\"sow-icon-ionicons\" data-sow-icon=\"&#xf2f4;\"\n\t\t \n\t\taria-hidden=\"true\"><\/span>\t\t\t\t\t\t\t<\/div>\n\t\t\t\t\t\t<\/div>\n\t\t\t\t\t<\/div>\n\t\t\t\t<\/div>\n\n\t\t\t<div\n\t\t\t\tclass=\"sow-accordion-panel-content\"\n\t\t\t\trole=\"region\"\n\t\t\t\taria-labelledby=\"accordion-label-manejo-de-horarios\"\n\t\t\t\tid=\"accordion-content-manejo-de-horarios\"\n\t\t\t\tstyle=\"display: none;\"\t\t\t>\n\t\t\t\t<div class=\"sow-accordion-panel-border\">\n\t\t\t\t\t<div id=\"pl-w278687c1\"  class=\"panel-layout\" ><div id=\"pg-w278687c1-0\"  class=\"panel-grid panel-has-style\" ><div class=\"panel-row-style panel-row-style-for-w278687c1-0\" ><div id=\"pgc-w278687c1-0-0\"  class=\"panel-grid-cell\" ><div id=\"panel-w278687c1-0-0-0\" class=\"so-panel widget widget_sow-editor panel-first-child panel-last-child\" data-index=\"0\" ><div class=\"panel-widget-style panel-widget-style-for-w278687c1-0-0-0\" ><div\n\t\t\t\n\t\t\tclass=\"so-widget-sow-editor so-widget-sow-editor-base\"\n\t\t\t\n\t\t>\n<div class=\"siteorigin-widget-tinymce textwidget\">\n\t<p><span style=\"color: #e3530f;\"><strong>Nuestro sistema de Manejo de Horarios ofrece una soluci\u00f3n integral para simplificar la gesti\u00f3n del tiempo de su equipo.<\/strong><\/span><\/p>\n<\/div>\n<\/div><\/div><\/div><\/div><div id=\"pgc-w278687c1-0-1\"  class=\"panel-grid-cell\" ><div id=\"panel-w278687c1-0-1-0\" class=\"so-panel widget widget_sow-editor panel-first-child panel-last-child\" data-index=\"1\" ><div class=\"panel-widget-style panel-widget-style-for-w278687c1-0-1-0\" ><div\n\t\t\t\n\t\t\tclass=\"so-widget-sow-editor so-widget-sow-editor-base\"\n\t\t\t\n\t\t>\n<div class=\"siteorigin-widget-tinymce textwidget\">\n\t<p>Desde una plataforma centralizada, puede crear, publicar y administrar horarios con facilidad, lo que reduce significativamente el tiempo dedicado a la planificaci\u00f3n. Adem\u00e1s, el sistema le permite aplicar reglas espec\u00edficas, como el redondeo de horas, turnos de medianoche, bonificaciones y diferencias de fin de semana, para adaptarse a las necesidades \u00fanicas de su empresa.<\/p>\n<p>Con flexibilidad en la entrada, puede establecer l\u00edmites de entrada de 5 o 15 minutos para garantizar que los empleados lleguen a tiempo, permitiendo una puntualidad \u00f3ptima. Adem\u00e1s, nuestra funci\u00f3n de geolocalizaci\u00f3n avanzada le permite configurar ubicaciones geo-determinadas para el registro de asistencia, asegurando la precisi\u00f3n de los datos y el cumplimiento de las pol\u00edticas de presencia f\u00edsica.<\/p>\n<p>Finalmente, el sistema genera autom\u00e1ticamente hojas de horarios y reportes flexibles para mejorar la productividad del equipo y proporcionar una visi\u00f3n clara del rendimiento laboral. Con estas herramientas integradas, nuestro sistema de Manejo de Horarios le brinda el control total sobre la gesti\u00f3n del tiempo de su personal, garantizando una planificaci\u00f3n eficiente y el cumplimiento de las pol\u00edticas laborales establecidas.<\/p>\n<\/div>\n<\/div><\/div><\/div><\/div><\/div><\/div><\/div>\t\t\t\t<\/div>\n\t\t\t<\/div>\n\t\t<\/div>\n\t\t\t<div class=\"sow-accordion-panel\n\t\t\t\t\t\"\n\t\t\t\tdata-anchor-id=\"administracion-de-costos-de-personal\">\n\t\t\t\t\t<div class=\"sow-accordion-panel-header-container\" role=\"heading\" aria-level=\"2\">\n\t\t\t\t\t<div class=\"sow-accordion-panel-header\" tabindex=\"0\" role=\"button\" id=\"accordion-label-administraci%c3%b3n-de-costos-de-personal\" aria-controls=\"accordion-content-administraci%c3%b3n-de-costos-de-personal\" aria-expanded=\"false\">\n\t\t\t\t\t\t<div class=\"sow-accordion-title sow-accordion-title-icon-left\">\n\t\t\t\t\t\t\t\t\t\t\t\t\t\tAdministraci\u00f3n de Costos de Personal\t\t\t\t\t\t\t\t\t\t\t\t\t<\/div>\n\t\t\t\t\t\t<div class=\"sow-accordion-open-close-button\">\n\t\t\t\t\t\t\t<div class=\"sow-accordion-open-button\">\n\t\t\t\t\t\t\t\t<span class=\"sow-icon-ionicons\" data-sow-icon=\"&#xf218;\"\n\t\t \n\t\taria-hidden=\"true\"><\/span>\t\t\t\t\t\t\t<\/div>\n\t\t\t\t\t\t\t<div class=\"sow-accordion-close-button\">\n\t\t\t\t\t\t\t\t<span class=\"sow-icon-ionicons\" data-sow-icon=\"&#xf2f4;\"\n\t\t \n\t\taria-hidden=\"true\"><\/span>\t\t\t\t\t\t\t<\/div>\n\t\t\t\t\t\t<\/div>\n\t\t\t\t\t<\/div>\n\t\t\t\t<\/div>\n\n\t\t\t<div\n\t\t\t\tclass=\"sow-accordion-panel-content\"\n\t\t\t\trole=\"region\"\n\t\t\t\taria-labelledby=\"accordion-label-administraci%c3%b3n-de-costos-de-personal\"\n\t\t\t\tid=\"accordion-content-administraci%c3%b3n-de-costos-de-personal\"\n\t\t\t\tstyle=\"display: none;\"\t\t\t>\n\t\t\t\t<div class=\"sow-accordion-panel-border\">\n\t\t\t\t\t<div id=\"pl-w8743c8a3\"  class=\"panel-layout\" ><div id=\"pg-w8743c8a3-0\"  class=\"panel-grid panel-has-style\" ><div class=\"panel-row-style panel-row-style-for-w8743c8a3-0\" ><div id=\"pgc-w8743c8a3-0-0\"  class=\"panel-grid-cell\" ><div id=\"panel-w8743c8a3-0-0-0\" class=\"so-panel widget widget_sow-editor panel-first-child panel-last-child\" data-index=\"0\" ><div class=\"panel-widget-style panel-widget-style-for-w8743c8a3-0-0-0\" ><div\n\t\t\t\n\t\t\tclass=\"so-widget-sow-editor so-widget-sow-editor-base\"\n\t\t\t\n\t\t>\n<div class=\"siteorigin-widget-tinymce textwidget\">\n\t<p><span style=\"color: #e3530f;\"><strong>Esta funci\u00f3n proporciona flexibilidad y control, permitiendo ajustes precisos para reflejar con exactitud las horas trabajadas, garantizando una gesti\u00f3n eficiente y precisa de los costos laborales.<\/strong><\/span><\/p>\n<\/div>\n<\/div><\/div><\/div><\/div><div id=\"pgc-w8743c8a3-0-1\"  class=\"panel-grid-cell\" ><div id=\"panel-w8743c8a3-0-1-0\" class=\"so-panel widget widget_sow-editor panel-first-child panel-last-child\" data-index=\"1\" ><div class=\"panel-widget-style panel-widget-style-for-w8743c8a3-0-1-0\" ><div\n\t\t\t\n\t\t\tclass=\"so-widget-sow-editor so-widget-sow-editor-base\"\n\t\t\t\n\t\t>\n<div class=\"siteorigin-widget-tinymce textwidget\">\n\t<p>En nuestra plataforma de Administraci\u00f3n de Costos de Personal, ofrecemos la capacidad de evitar el fraude en el registro de asistencia y reducir las horas extras accidentales al permitir la edici\u00f3n de hojas de horarios cuando un empleado olvida marcar su salida.<\/p>\n<\/div>\n<\/div><\/div><\/div><\/div><\/div><\/div><\/div>\t\t\t\t<\/div>\n\t\t\t<\/div>\n\t\t<\/div>\n\t\t<\/div>\n<\/div>\n<\/div><\/div><\/div><\/div><\/div><\/div><\/div>","protected":false},"excerpt":{"rendered":"<p>TIEMPO Y ASISTENCIA Optimice la gesti\u00f3n de su fuerza laboral y maximice la rentabilidad dedicando menos tiempo a tareas administrativas tediosas. Con nuestra aplicaci\u00f3n web altamente configurable, RENOVA Time &amp; Attendance, puede simplificar el seguimiento de itinerarios, el registro del tiempo trabajado y el cumplimiento de requisitos, todo mientras administra de manera m\u00e1s eficiente a [&hellip;]<\/p>\n","protected":false},"author":6,"featured_media":0,"parent":0,"menu_order":0,"comment_status":"closed","ping_status":"closed","template":"","meta":{"inline_featured_image":false,"footnotes":""},"class_list":["post-886","page","type-page","status-publish","hentry","post"],"_links":{"self":[{"href":"https:\/\/renovasolutions.com\/es\/wp-json\/wp\/v2\/pages\/886","targetHints":{"allow":["GET"]}}],"collection":[{"href":"https:\/\/renovasolutions.com\/es\/wp-json\/wp\/v2\/pages"}],"about":[{"href":"https:\/\/renovasolutions.com\/es\/wp-json\/wp\/v2\/types\/page"}],"author":[{"embeddable":true,"href":"https:\/\/renovasolutions.com\/es\/wp-json\/wp\/v2\/users\/6"}],"replies":[{"embeddable":true,"href":"https:\/\/renovasolutions.com\/es\/wp-json\/wp\/v2\/comments?post=886"}],"version-history":[{"count":78,"href":"https:\/\/renovasolutions.com\/es\/wp-json\/wp\/v2\/pages\/886\/revisions"}],"predecessor-version":[{"id":3805,"href":"https:\/\/renovasolutions.com\/es\/wp-json\/wp\/v2\/pages\/886\/revisions\/3805"}],"wp:attachment":[{"href":"https:\/\/renovasolutions.com\/es\/wp-json\/wp\/v2\/media?parent=886"}],"curies":[{"name":"wp","href":"https:\/\/api.w.org\/{rel}","templated":true}]}}