{"id":3187,"date":"2024-10-17T07:19:19","date_gmt":"2024-10-17T11:19:19","guid":{"rendered":"https:\/\/newrenova.artemediapr.com\/?page_id=3187"},"modified":"2025-01-14T03:09:17","modified_gmt":"2025-01-14T07:09:17","slug":"blog","status":"publish","type":"page","link":"https:\/\/renovasolutions.com\/es\/blog\/","title":{"rendered":"Blog"},"content":{"rendered":"<div id=\"pl-3187\"  class=\"panel-layout\" ><div id=\"pg-3187-0\"  class=\"panel-grid panel-has-style\" ><div class=\"siteorigin-panels-stretch panel-row-style panel-row-style-for-3187-0\" data-stretch-type=\"full\" ><div class=\"so-panels-full-wrapper\" ><div id=\"pgc-3187-0-0\"  class=\"panel-grid-cell panel-grid-cell-empty\" ><\/div><div id=\"pgc-3187-0-1\"  class=\"panel-grid-cell panel-grid-cell-mobile-last\" ><div id=\"panel-3187-0-1-0\" class=\"so-panel widget widget_sow-editor panel-first-child panel-last-child\" data-index=\"0\" ><div\n\t\t\t\n\t\t\tclass=\"so-widget-sow-editor so-widget-sow-editor-base\"\n\t\t\t\n\t\t>\n<div class=\"siteorigin-widget-tinymce textwidget\">\n\t<h1 style=\"text-align: center;\"><strong>BLOG<\/strong><\/h1>\n<p style=\"text-align: center;\"><span style=\"color: #e3530f; font-size: 14pt;\">Conoce los \u00faltimos desarrollos en recursos humanos a trav\u00e9s de nuestras columnas de tecnolog\u00eda de capital humano.<\/span><\/p>\n<\/div>\n<\/div><\/div><\/div><div id=\"pgc-3187-0-2\"  class=\"panel-grid-cell panel-grid-cell-empty\" ><\/div><\/div><\/div><\/div><div id=\"pg-3187-1\"  class=\"panel-grid panel-has-style\" ><div class=\"siteorigin-panels-stretch panel-row-style panel-row-style-for-3187-1\" data-stretch-type=\"full\" ><div class=\"so-panels-full-wrapper\" ><div id=\"pgc-3187-1-0\"  class=\"panel-grid-cell\" ><div id=\"panel-3187-1-0-0\" class=\"so-panel widget widget_sow-editor panel-first-child panel-last-child\" data-index=\"1\" ><div\n\t\t\t\n\t\t\tclass=\"so-widget-sow-editor so-widget-sow-editor-base\"\n\t\t\t\n\t\t>\n<div class=\"siteorigin-widget-tinymce textwidget\">\n\t<div class=\"pt-cv-wrapper\">\n<div class=\"pt-cv-view pt-cv-blockgrid iscvblock iscvhybrid list1 layout1\" id=\"pt-cv-view-66e372cuvq\">\n<div data-id=\"pt-cv-page-1\" class=\"pt-cv-page\" data-cvc=\"1\">\n<div class=\" pt-cv-content-item pt-cv-2-col\"  data-pid=\"3389\">\n<div class=\"pt-cv-thumb-wrapper pull-left \"><a href=\"https:\/\/renovasolutions.com\/es\/2024\/10\/17\/como-funcionan-los-relojes-biometricos-para-el-manejo-de-tiempo-y-asistencia\/\" class=\"_self pt-cv-href-thumbnail pt-cv-thumb-left cvplbd\" target=\"_self\" ><img decoding=\"async\" src=\"https:\/\/renovasolutions.com\/wp-content\/uploads\/2024\/10\/biometrics-header.jpg\" class=\"pt-cv-thumbnail img-rounded pull-left cvp-substitute\" alt=\"\u00bfC\u00f3mo funcionan los relojes biom\u00e9tricos para el manejo de tiempo y asistencia?\" title=\"\" \/><\/a><\/div>\n<div class=\"pt-cv-colwrap\">\n<h4 class=\"pt-cv-title\"><a href=\"https:\/\/renovasolutions.com\/es\/2024\/10\/17\/como-funcionan-los-relojes-biometricos-para-el-manejo-de-tiempo-y-asistencia\/\" class=\"_self cvplbd\" target=\"_self\" >\u00bfC\u00f3mo funcionan los relojes biom\u00e9tricos para el manejo de tiempo y asistencia?<\/a><\/h4>\n<div class=\"pt-cv-content\">\n<div class=\"pt-cv-rmwrap\"><a href=\"https:\/\/renovasolutions.com\/es\/2024\/10\/17\/como-funcionan-los-relojes-biometricos-para-el-manejo-de-tiempo-y-asistencia\/\" class=\"_self pt-cv-readmore btn btn-success cvplbd\" target=\"_self\">Leer m\u00e1s<\/a><\/div>\n<\/div>\n<\/div>\n<\/div>\n<div class=\" pt-cv-content-item pt-cv-2-col\"  data-pid=\"3180\">\n<div class=\"pt-cv-thumb-wrapper pull-left \"><a href=\"https:\/\/renovasolutions.com\/es\/2024\/10\/17\/3-estrategias-para-crear-proposito-en-el-empleo-2\/\" class=\"_self pt-cv-href-thumbnail pt-cv-thumb-left cvplbd\" target=\"_self\" ><img decoding=\"async\" src=\"https:\/\/renovasolutions.com\/wp-content\/uploads\/2024\/10\/Estrategias.jpg\" class=\"pt-cv-thumbnail img-rounded pull-left cvp-substitute\" alt=\"3 estrategias para crear prop\u00f3sito en el empleo\" title=\"\" \/><\/a><\/div>\n<div class=\"pt-cv-colwrap\">\n<h4 class=\"pt-cv-title\"><a href=\"https:\/\/renovasolutions.com\/es\/2024\/10\/17\/3-estrategias-para-crear-proposito-en-el-empleo-2\/\" class=\"_self cvplbd\" target=\"_self\" >3 estrategias para crear prop\u00f3sito en el empleo<\/a><\/h4>\n<div class=\"pt-cv-content\">\n<div class=\"pt-cv-rmwrap\"><a href=\"https:\/\/renovasolutions.com\/es\/2024\/10\/17\/3-estrategias-para-crear-proposito-en-el-empleo-2\/\" class=\"_self pt-cv-readmore btn btn-success cvplbd\" target=\"_self\">Leer m\u00e1s<\/a><\/div>\n<\/div>\n<\/div>\n<\/div>\n<div class=\" pt-cv-content-item pt-cv-2-col\"  data-pid=\"3215\">\n<div class=\"pt-cv-thumb-wrapper pull-left \"><a href=\"https:\/\/renovasolutions.com\/es\/2024\/10\/17\/por-que-la-experiencia-del-empleado-ex-es-tan-importante-como-la-experiencia-del-cliente\/\" class=\"_self pt-cv-href-thumbnail pt-cv-thumb-left cvplbd\" target=\"_self\" ><img decoding=\"async\" src=\"https:\/\/renovasolutions.com\/wp-content\/uploads\/2024\/10\/experiencia.jpg\" class=\"pt-cv-thumbnail img-rounded pull-left cvp-substitute\" alt=\"\u00bfPor qu\u00e9 la Experiencia del Empleado (EX) es tan importante como la Experiencia del Cliente?\" title=\"\" \/><\/a><\/div>\n<div class=\"pt-cv-colwrap\">\n<h4 class=\"pt-cv-title\"><a href=\"https:\/\/renovasolutions.com\/es\/2024\/10\/17\/por-que-la-experiencia-del-empleado-ex-es-tan-importante-como-la-experiencia-del-cliente\/\" class=\"_self cvplbd\" target=\"_self\" >\u00bfPor qu\u00e9 la Experiencia del Empleado (EX) es tan importante como la Experiencia del Cliente?<\/a><\/h4>\n<div class=\"pt-cv-content\">\n<div class=\"pt-cv-rmwrap\"><a href=\"https:\/\/renovasolutions.com\/es\/2024\/10\/17\/por-que-la-experiencia-del-empleado-ex-es-tan-importante-como-la-experiencia-del-cliente\/\" class=\"_self pt-cv-readmore btn btn-success cvplbd\" target=\"_self\">Leer m\u00e1s<\/a><\/div>\n<\/div>\n<\/div>\n<\/div>\n<div class=\" pt-cv-content-item pt-cv-2-col\"  data-pid=\"4378\">\n<div class=\"pt-cv-thumb-wrapper pull-left \"><a href=\"https:\/\/renovasolutions.com\/es\/2024\/01\/16\/por-que-la-experiencia-del-empleado-ex-es-tan-importante-como-la-experiencia-del-cliente-2\/\" class=\"_self pt-cv-href-thumbnail pt-cv-thumb-left cvplbd\" target=\"_self\" ><img decoding=\"async\" src=\"https:\/\/renovasolutions.com\/wp-content\/uploads\/2025\/01\/importancia.jpg\" class=\"pt-cv-thumbnail img-rounded pull-left cvp-substitute\" alt=\"\u00bfPor qu\u00e9 la Experiencia del Empleado (EX) es tan importante como la Experiencia del Cliente?\" title=\"\" \/><\/a><\/div>\n<div class=\"pt-cv-colwrap\">\n<h4 class=\"pt-cv-title\"><a href=\"https:\/\/renovasolutions.com\/es\/2024\/01\/16\/por-que-la-experiencia-del-empleado-ex-es-tan-importante-como-la-experiencia-del-cliente-2\/\" class=\"_self cvplbd\" target=\"_self\" >\u00bfPor qu\u00e9 la Experiencia del Empleado (EX) es tan importante como la Experiencia del Cliente?<\/a><\/h4>\n<div class=\"pt-cv-content\">\n<div class=\"pt-cv-rmwrap\"><a href=\"https:\/\/renovasolutions.com\/es\/2024\/01\/16\/por-que-la-experiencia-del-empleado-ex-es-tan-importante-como-la-experiencia-del-cliente-2\/\" class=\"_self pt-cv-readmore btn btn-success cvplbd\" target=\"_self\">Leer m\u00e1s<\/a><\/div>\n<\/div>\n<\/div>\n<\/div>\n<div class=\" pt-cv-content-item pt-cv-2-col\"  data-pid=\"4367\">\n<div class=\"pt-cv-thumb-wrapper pull-left \"><a href=\"https:\/\/renovasolutions.com\/es\/2024\/01\/16\/la-seguridad-tambien-es-tema-de-recursos-humanos\/\" class=\"_self pt-cv-href-thumbnail pt-cv-thumb-left cvplbd\" target=\"_self\" ><img decoding=\"async\" src=\"https:\/\/renovasolutions.com\/wp-content\/uploads\/2025\/01\/RENOVA-Articulo-Seguridad-es-tema-de-RH-header.jpg\" class=\"pt-cv-thumbnail img-rounded pull-left cvp-substitute\" alt=\"La seguridad tambi\u00e9n es tema de Recursos Humanos\" title=\"\" \/><\/a><\/div>\n<div class=\"pt-cv-colwrap\">\n<h4 class=\"pt-cv-title\"><a href=\"https:\/\/renovasolutions.com\/es\/2024\/01\/16\/la-seguridad-tambien-es-tema-de-recursos-humanos\/\" class=\"_self cvplbd\" target=\"_self\" >La seguridad tambi\u00e9n es tema de Recursos Humanos<\/a><\/h4>\n<div class=\"pt-cv-content\">\n<div class=\"pt-cv-rmwrap\"><a href=\"https:\/\/renovasolutions.com\/es\/2024\/01\/16\/la-seguridad-tambien-es-tema-de-recursos-humanos\/\" class=\"_self pt-cv-readmore btn btn-success cvplbd\" target=\"_self\">Leer m\u00e1s<\/a><\/div>\n<\/div>\n<\/div>\n<\/div>\n<div class=\" pt-cv-content-item pt-cv-2-col\"  data-pid=\"4354\">\n<div class=\"pt-cv-thumb-wrapper pull-left \"><a href=\"https:\/\/renovasolutions.com\/es\/2024\/01\/16\/4-tendencias-a-seguir-en-el-manejo-de-tiempo-y-asistencia-ta\/\" class=\"_self pt-cv-href-thumbnail pt-cv-thumb-left cvplbd\" target=\"_self\" ><img decoding=\"async\" src=\"https:\/\/renovasolutions.com\/wp-content\/uploads\/2025\/01\/RENOVA-4-Tendencias-TandA-header.jpg\" class=\"pt-cv-thumbnail img-rounded pull-left cvp-substitute\" alt=\"4 tendencias a seguir en el manejo de Tiempo y Asistencia (T&amp;A)\" title=\"\" \/><\/a><\/div>\n<div class=\"pt-cv-colwrap\">\n<h4 class=\"pt-cv-title\"><a href=\"https:\/\/renovasolutions.com\/es\/2024\/01\/16\/4-tendencias-a-seguir-en-el-manejo-de-tiempo-y-asistencia-ta\/\" class=\"_self cvplbd\" target=\"_self\" >4 tendencias a seguir en el manejo de Tiempo y Asistencia (T&#038;A)<\/a><\/h4>\n<div class=\"pt-cv-content\">\n<div class=\"pt-cv-rmwrap\"><a href=\"https:\/\/renovasolutions.com\/es\/2024\/01\/16\/4-tendencias-a-seguir-en-el-manejo-de-tiempo-y-asistencia-ta\/\" class=\"_self pt-cv-readmore btn btn-success cvplbd\" target=\"_self\">Leer m\u00e1s<\/a><\/div>\n<\/div>\n<\/div>\n<\/div>\n<div class=\" pt-cv-content-item pt-cv-2-col\"  data-pid=\"4334\">\n<div class=\"pt-cv-thumb-wrapper pull-left \"><a href=\"https:\/\/renovasolutions.com\/es\/2024\/01\/16\/3-formas-en-que-las-analiticas-optimizan-el-reclutamiento\/\" class=\"_self pt-cv-href-thumbnail pt-cv-thumb-left cvplbd\" target=\"_self\" ><img decoding=\"async\" src=\"https:\/\/renovasolutions.com\/wp-content\/uploads\/2025\/01\/RENOVA-3-fomas-Reclutamiento-header.jpg\" class=\"pt-cv-thumbnail img-rounded pull-left cvp-substitute\" alt=\"3 formas en que las anal\u00edticas optimizan el reclutamiento\" title=\"\" \/><\/a><\/div>\n<div class=\"pt-cv-colwrap\">\n<h4 class=\"pt-cv-title\"><a href=\"https:\/\/renovasolutions.com\/es\/2024\/01\/16\/3-formas-en-que-las-analiticas-optimizan-el-reclutamiento\/\" class=\"_self cvplbd\" target=\"_self\" >3 formas en que las anal\u00edticas optimizan el reclutamiento<\/a><\/h4>\n<div class=\"pt-cv-content\">\n<div class=\"pt-cv-rmwrap\"><a href=\"https:\/\/renovasolutions.com\/es\/2024\/01\/16\/3-formas-en-que-las-analiticas-optimizan-el-reclutamiento\/\" class=\"_self pt-cv-readmore btn btn-success cvplbd\" target=\"_self\">Leer m\u00e1s<\/a><\/div>\n<\/div>\n<\/div>\n<\/div>\n<div class=\" pt-cv-content-item pt-cv-2-col\"  data-pid=\"4332\">\n<div class=\"pt-cv-thumb-wrapper pull-left \"><a href=\"https:\/\/renovasolutions.com\/es\/2024\/01\/16\/usa-hr-analytics-para-que-tus-empleados-no-se-sientan-como-un-numero\/\" class=\"_self pt-cv-href-thumbnail pt-cv-thumb-left cvplbd\" target=\"_self\" ><img decoding=\"async\" src=\"https:\/\/renovasolutions.com\/wp-content\/uploads\/2025\/01\/RENOVA-Usa-HR-Analytics-post.jpg\" class=\"pt-cv-thumbnail img-rounded pull-left cvp-substitute\" alt=\"Usa HR Analytics para que tus empleados no se sientan como un n\u00famero\" title=\"\" \/><\/a><\/div>\n<div class=\"pt-cv-colwrap\">\n<h4 class=\"pt-cv-title\"><a href=\"https:\/\/renovasolutions.com\/es\/2024\/01\/16\/usa-hr-analytics-para-que-tus-empleados-no-se-sientan-como-un-numero\/\" class=\"_self cvplbd\" target=\"_self\" >Usa HR Analytics para que tus empleados no se sientan como un n\u00famero<\/a><\/h4>\n<div class=\"pt-cv-content\">\n<div class=\"pt-cv-rmwrap\"><a href=\"https:\/\/renovasolutions.com\/es\/2024\/01\/16\/usa-hr-analytics-para-que-tus-empleados-no-se-sientan-como-un-numero\/\" class=\"_self pt-cv-readmore btn btn-success cvplbd\" target=\"_self\">Leer m\u00e1s<\/a><\/div>\n<\/div>\n<\/div>\n<\/div>\n<div class=\" pt-cv-content-item pt-cv-2-col\"  data-pid=\"4278\">\n<div class=\"pt-cv-thumb-wrapper pull-left \"><a href=\"https:\/\/renovasolutions.com\/es\/2024\/01\/14\/4-causas-y-soluciones-a-la-desmotivacion-de-los-empleados\/\" class=\"_self pt-cv-href-thumbnail pt-cv-thumb-left cvplbd\" target=\"_self\" ><img decoding=\"async\" src=\"https:\/\/renovasolutions.com\/wp-content\/uploads\/2025\/01\/RENOVA-portada_1.jpg\" class=\"pt-cv-thumbnail img-rounded pull-left cvp-substitute\" alt=\"4 causas y soluciones a la desmotivaci\u00f3n de los empleados\" title=\"\" \/><\/a><\/div>\n<div class=\"pt-cv-colwrap\">\n<h4 class=\"pt-cv-title\"><a href=\"https:\/\/renovasolutions.com\/es\/2024\/01\/14\/4-causas-y-soluciones-a-la-desmotivacion-de-los-empleados\/\" class=\"_self cvplbd\" target=\"_self\" >4 causas y soluciones a la desmotivaci\u00f3n de los empleados<\/a><\/h4>\n<div class=\"pt-cv-content\">\n<div class=\"pt-cv-rmwrap\"><a href=\"https:\/\/renovasolutions.com\/es\/2024\/01\/14\/4-causas-y-soluciones-a-la-desmotivacion-de-los-empleados\/\" class=\"_self pt-cv-readmore btn btn-success cvplbd\" target=\"_self\">Leer m\u00e1s<\/a><\/div>\n<\/div>\n<\/div>\n<\/div>\n<div class=\" pt-cv-content-item pt-cv-2-col\"  data-pid=\"4259\">\n<div class=\"pt-cv-thumb-wrapper pull-left \"><a href=\"https:\/\/renovasolutions.com\/es\/2024\/01\/14\/por-que-es-importante-el-proposito-en-el-lugar-de-trabajo\/\" class=\"_self pt-cv-href-thumbnail pt-cv-thumb-left cvplbd\" target=\"_self\" ><img decoding=\"async\" src=\"https:\/\/renovasolutions.com\/wp-content\/uploads\/2025\/01\/portada_1-1.jpg\" class=\"pt-cv-thumbnail img-rounded pull-left cvp-substitute\" alt=\"\u00bfPor qu\u00e9 es importante el prop\u00f3sito en el lugar de trabajo?\" title=\"\" \/><\/a><\/div>\n<div class=\"pt-cv-colwrap\">\n<h4 class=\"pt-cv-title\"><a href=\"https:\/\/renovasolutions.com\/es\/2024\/01\/14\/por-que-es-importante-el-proposito-en-el-lugar-de-trabajo\/\" class=\"_self cvplbd\" target=\"_self\" >\u00bfPor qu\u00e9 es importante el prop\u00f3sito en el lugar de trabajo?<\/a><\/h4>\n<div class=\"pt-cv-content\">\n<div class=\"pt-cv-rmwrap\"><a href=\"https:\/\/renovasolutions.com\/es\/2024\/01\/14\/por-que-es-importante-el-proposito-en-el-lugar-de-trabajo\/\" class=\"_self pt-cv-readmore btn btn-success cvplbd\" target=\"_self\">Leer m\u00e1s<\/a><\/div>\n<\/div>\n<\/div>\n<\/div>\n<\/div>\n<\/div>\n<\/div>\n<style type=\"text\/css\" id=\"pt-cv-inline-style-d97c3c82am\">\n#pt-cv-view-66e372cuvq .pt-cv-thumb-wrapper:not(.miniwrap) { width: 40%; }#pt-cv-view-66e372cuvq .pt-cv-thumbnail:not(.pt-cv-thumbnailsm) { height: 100%; }#pt-cv-view-66e372cuvq > .pt-cv-page {grid-template-columns: repeat(1, 1fr);grid-gap: 40px;}\n@media all and (max-width: 1024px) { \n#pt-cv-view-66e372cuvq > .pt-cv-page {grid-template-columns: repeat(1, 1fr);}\n} \n@media all and (max-width: 767px) { \n#pt-cv-view-66e372cuvq > .pt-cv-page {grid-template-columns: repeat(1, 1fr);}\n} <\/style>\n<style type=\"text\/css\" id=\"pt-cv-inline-style-ea3501fabk\">#pt-cv-view-66e372cuvq  .pt-cv-content-item   { background-color: #fdf9f2 !important; }\n#pt-cv-view-66e372cuvq .pt-cv-title a, #pt-cv-view-66e372cuvq  .panel-title { color: #d19000 !important; font-weight: 600 !important; }\n#pt-cv-view-66e372cuvq .pt-cv-content , #pt-cv-view-66e372cuvq  .pt-cv-content *:not(.pt-cv-readmore):not(style):not(script) { display: block !important; text-align: left !important; clear: both !important; }\n#pt-cv-view-66e372cuvq .pt-cv-readmore  { font-size: 17px !important; line-height: 1.3 !important; color: #ffffff !important; background-color: #e3530f !important; float: left !important; display: block !important; text-align: left !important; clear: both !important; }\n#pt-cv-view-66e372cuvq .pt-cv-readmore:hover  { color: #ffffff !important; }\n#pt-cv-view-66e372cuvq .img-rounded, #pt-cv-view-66e372cuvq .pt-cv-hover-wrapper { -webkit-border-radius: 20px !important; -moz-border-radius: 20px !important; border-radius: 20px !important; }\n#pt-cv-view-66e372cuvq .pt-cv-cap-w-img { border-bottom-left-radius: 20px !important; border-bottom-right-radius: 20px !important; }<\/style><\/p>\n<\/div>\n<\/div><\/div><\/div><\/div><\/div><\/div><\/div>","protected":false},"excerpt":{"rendered":"<p>BLOG Conoce los \u00faltimos desarrollos en recursos humanos a trav\u00e9s de nuestras columnas de tecnolog\u00eda de capital humano.<\/p>\n","protected":false},"author":6,"featured_media":0,"parent":0,"menu_order":0,"comment_status":"closed","ping_status":"closed","template":"","meta":{"inline_featured_image":false,"footnotes":""},"class_list":["post-3187","page","type-page","status-publish","hentry","post"],"_links":{"self":[{"href":"https:\/\/renovasolutions.com\/es\/wp-json\/wp\/v2\/pages\/3187","targetHints":{"allow":["GET"]}}],"collection":[{"href":"https:\/\/renovasolutions.com\/es\/wp-json\/wp\/v2\/pages"}],"about":[{"href":"https:\/\/renovasolutions.com\/es\/wp-json\/wp\/v2\/types\/page"}],"author":[{"embeddable":true,"href":"https:\/\/renovasolutions.com\/es\/wp-json\/wp\/v2\/users\/6"}],"replies":[{"embeddable":true,"href":"https:\/\/renovasolutions.com\/es\/wp-json\/wp\/v2\/comments?post=3187"}],"version-history":[{"count":29,"href":"https:\/\/renovasolutions.com\/es\/wp-json\/wp\/v2\/pages\/3187\/revisions"}],"predecessor-version":[{"id":4137,"href":"https:\/\/renovasolutions.com\/es\/wp-json\/wp\/v2\/pages\/3187\/revisions\/4137"}],"wp:attachment":[{"href":"https:\/\/renovasolutions.com\/es\/wp-json\/wp\/v2\/media?parent=3187"}],"curies":[{"name":"wp","href":"https:\/\/api.w.org\/{rel}","templated":true}]}}