{"id":3086,"date":"2024-10-09T07:36:57","date_gmt":"2024-10-09T11:36:57","guid":{"rendered":"https:\/\/newrenova.artemediapr.com\/?page_id=3086"},"modified":"2025-01-09T22:42:30","modified_gmt":"2025-01-10T02:42:30","slug":"contactar","status":"publish","type":"page","link":"https:\/\/renovasolutions.com\/es\/contactar\/","title":{"rendered":"Contactar"},"content":{"rendered":"<div id=\"pl-3086\"  class=\"panel-layout\" ><div id=\"pg-3086-0\"  class=\"panel-grid panel-has-style\" ><div class=\"siteorigin-panels-stretch panel-row-style panel-row-style-for-3086-0\" data-stretch-type=\"full\" ><div class=\"so-panels-full-wrapper\" ><div id=\"pgc-3086-0-0\"  class=\"panel-grid-cell\" ><div id=\"panel-3086-0-0-0\" class=\"so-panel widget widget_sow-editor panel-first-child panel-last-child\" data-index=\"0\" ><div\n\t\t\t\n\t\t\tclass=\"so-widget-sow-editor so-widget-sow-editor-base\"\n\t\t\t\n\t\t>\n<div class=\"siteorigin-widget-tinymce textwidget\">\n\t<h1 style=\"text-align: center;\">Contactar<\/h1>\n<\/div>\n<\/div><\/div><\/div><\/div><\/div><\/div><div id=\"pg-3086-1\"  class=\"panel-grid panel-has-style\" ><div class=\"siteorigin-panels-stretch panel-row-style panel-row-style-for-3086-1\" data-stretch-type=\"full\" ><div class=\"so-panels-full-wrapper\" ><div id=\"pgc-3086-1-0\"  class=\"panel-grid-cell\" ><div id=\"panel-3086-1-0-0\" class=\"so-panel widget widget_sow-editor panel-first-child panel-last-child\" data-index=\"1\" ><div\n\t\t\t\n\t\t\tclass=\"so-widget-sow-editor so-widget-sow-editor-base\"\n\t\t\t\n\t\t>\n<div class=\"siteorigin-widget-tinymce textwidget\">\n\t<p><strong>Direcci\u00f3n Postal<br \/>\n<\/strong>PO Box 191650<br \/>\nSan Juan, PR 00919-1650<\/p>\n<p><strong>Direcci\u00f3n<br \/>\n<\/strong>Centro Internacional de Mercadeo, Torre II<br \/>\nCarretera 165 Suite 304<br \/>\nGuaynabo, Puerto Rico 00968<\/p>\n<p><strong>Tel\u00e9fono<br \/>\n<\/strong><a href=\"tel:1-787-273-6682\">+1-787-273-6682<\/a><\/p>\n<p><strong>Informaci\u00f3n General<\/strong>.:\u00a0<a href=\"mailto:info@renovasolutions.net\">info@renovasolutions.net<\/a><br \/>\n<strong>Ventas:<\/strong>\u00a0<a href=\"mailto:sales@renovasolutions.net\">sales@renovasolutions.net<\/a><\/p>\n<p><strong>Coordenadas GPS:<br \/>\n<\/strong>18.423339836943256, -66.10997796822916<\/p>\n<p><strong>Las oficinas comerciales<\/strong> est\u00e1n abiertas desde<br \/>\n<strong>8:00 am a 5:00 pm EST<\/strong><br \/>\n<strong>De lunes a viernes.<\/strong><\/p>\n<p><strong>Para Soporte T\u00e9cnico:<\/strong><\/p>\n<p><strong>Llamar: 787-273-6682<\/strong>, presione 2 Env\u00ede una solicitud de soporte t\u00e9cnico para que nuestro <strong>Equipo de Soporte T\u00e9cnico<\/strong> se comunique con usted o env\u00ede un correo electr\u00f3nico a:<\/p>\n<p><a href=\"mailto:techsupport@renovasolutions.net\">techsupport@renovasolutions.net<\/a><\/p>\n<p><strong>El Centro de Soporte de Servicio<\/strong> est\u00e1 abierto desde<br \/>\n<strong>8:00 am a 5:00 pm EST<\/strong><br \/>\n<strong>De lunes a viernes<\/strong><\/p>\n<\/div>\n<\/div><\/div><\/div><div id=\"pgc-3086-1-1\"  class=\"panel-grid-cell\" ><div id=\"panel-3086-1-1-0\" class=\"so-panel widget widget_sow-editor panel-first-child panel-last-child\" data-index=\"2\" ><div\n\t\t\t\n\t\t\tclass=\"so-widget-sow-editor so-widget-sow-editor-base\"\n\t\t\t\n\t\t>\n<div class=\"siteorigin-widget-tinymce textwidget\">\n\t<div class='fluentform ff-default fluentform_wrapper_3 ffs_default_wrap'><form data-form_id=\"3\" id=\"fluentform_3\" class=\"frm-fluent-form fluent_form_3 ff-el-form-top ff_form_instance_3_1 ff-form-loading ff_has_v3_recptcha ffs_default\" data-form_instance=\"ff_form_instance_3_1\" method=\"POST\" data-recptcha_key=\"6LfwcfoqAAAAAL1Khuq8bpST5C8RO58YYmMFYwsF\" ><fieldset  style=\"border: none!important;margin: 0!important;padding: 0!important;background-color: transparent!important;box-shadow: none!important;outline: none!important; min-inline-size: 100%;\">\n                    <legend class=\"ff_screen_reader_title\" style=\"display: block; margin: 0!important;padding: 0!important;height: 0!important;text-indent: -999999px;width: 0!important;overflow:hidden;\">contactar<\/legend><input type='hidden' name='__fluent_form_embded_post_id' value='3086' \/><input type=\"hidden\" id=\"_fluentform_3_fluentformnonce\" name=\"_fluentform_3_fluentformnonce\" value=\"ce64d76435\" \/><input type=\"hidden\" name=\"_wp_http_referer\" value=\"\/es\/wp-json\/wp\/v2\/pages\/3086\" \/><div class='ff-el-group'><div class=\"ff-el-input--label ff-el-is-required asterisk-right\"><label for='ff_3_input_text' id='label_ff_3_input_text' aria-label=\"Nombre Completo\">Nombre Completo<\/label><\/div><div class='ff-el-input--content'><input type=\"text\" name=\"input_text\" class=\"ff-el-form-control\" data-name=\"input_text\" id=\"ff_3_input_text\"  aria-invalid=\"false\" aria-required=true><\/div><\/div><div class='ff-el-group'><div class=\"ff-el-input--label asterisk-right\"><label for='ff_3_input_text_1' id='label_ff_3_input_text_1' aria-label=\"Compa\u00f1\u00eda\">Compa\u00f1\u00eda<\/label><\/div><div class='ff-el-input--content'><input type=\"text\" name=\"input_text_1\" class=\"ff-el-form-control\" data-name=\"input_text_1\" id=\"ff_3_input_text_1\"  aria-invalid=\"false\" aria-required=false><\/div><\/div><div class='ff-el-group'><div class=\"ff-el-input--label ff-el-is-required asterisk-right\"><label for='ff_3_input_mask' id='label_ff_3_input_mask' aria-label=\"Tel\u00e9fono\">Tel\u00e9fono<\/label><\/div><div class='ff-el-input--content'><input type=\"text\" name=\"input_mask\" data-mask=\"# (###) ###-####\" class=\"ff-el-form-control\" data-name=\"input_mask\" id=\"ff_3_input_mask\"  aria-invalid=\"false\" aria-required=true><\/div><\/div><div class='ff-el-group'><div class=\"ff-el-input--label asterisk-right\"><label for='ff_3_input_text_2' id='label_ff_3_input_text_2' aria-label=\"Direcci\u00f3n\">Direcci\u00f3n<\/label><\/div><div class='ff-el-input--content'><input type=\"text\" name=\"input_text_2\" class=\"ff-el-form-control\" data-name=\"input_text_2\" id=\"ff_3_input_text_2\"  aria-invalid=\"false\" aria-required=false><\/div><\/div><div class='ff-el-group'><div class=\"ff-el-input--label ff-el-is-required asterisk-right\"><label for='ff_3_input_text_3' id='label_ff_3_input_text_3' aria-label=\"Correo Electr\u00f3nico\">Correo Electr\u00f3nico<\/label><\/div><div class='ff-el-input--content'><input type=\"text\" name=\"input_text_3\" class=\"ff-el-form-control\" data-name=\"input_text_3\" id=\"ff_3_input_text_3\"  aria-invalid=\"false\" aria-required=true><\/div><\/div><div class='ff-el-group'><div class=\"ff-el-input--label asterisk-right\"><label   aria-label=\"Lista\">Lista<\/label><\/div><div class='ff-el-input--content'><div class='ff-el-form-check ff-el-form-check-'><label class='ff-el-form-check-label' for='checkbox_1c140e5e8601c17573fe54a9723fcfa0'><input  type=\"checkbox\" name=\"checkbox[]\" data-name=\"checkbox\" class=\"ff-el-form-check-input ff-el-form-check-checkbox\" value=\"Literatura del producto\"  id='checkbox_1c140e5e8601c17573fe54a9723fcfa0' aria-label='Literatura del producto' aria-invalid='false' aria-required=false> <span>Literatura del producto<\/span><\/label><\/div><div class='ff-el-form-check ff-el-form-check-'><label class='ff-el-form-check-label' for='checkbox_d1abee734de1154dd57974c468ec4abf'><input  type=\"checkbox\" name=\"checkbox[]\" data-name=\"checkbox\" class=\"ff-el-form-check-input ff-el-form-check-checkbox\" value=\"Literatura de la Empresa\"  id='checkbox_d1abee734de1154dd57974c468ec4abf' aria-label='Literatura de la Empresa' aria-invalid='false' aria-required=false> <span>Literatura de la Empresa<\/span><\/label><\/div><div class='ff-el-form-check ff-el-form-check-'><label class='ff-el-form-check-label' for='checkbox_ac763544794edb1cb8c1aff09e3ffa4d'><input  type=\"checkbox\" name=\"checkbox[]\" data-name=\"checkbox\" class=\"ff-el-form-check-input ff-el-form-check-checkbox\" value=\"Contacto del Vendedor\"  id='checkbox_ac763544794edb1cb8c1aff09e3ffa4d' aria-label='Contacto del Vendedor' aria-invalid='false' aria-required=false> <span>Contacto del Vendedor<\/span><\/label><\/div><\/div><\/div><div class='ff-el-group'><div class=\"ff-el-input--label asterisk-right\"><label for='ff_3_description' id='label_ff_3_description' aria-label=\"Mensaje\">Mensaje<\/label><\/div><div class='ff-el-input--content'><textarea aria-required=\"false\" aria-labelledby=\"label_ff_3_description\" name=\"description\" id=\"ff_3_description\" class=\"ff-el-form-control\" rows=\"3\" cols=\"2\" data-name=\"description\" ><\/textarea><\/div><\/div><div class='ff-el-group ff-text-right ff_submit_btn_wrapper'><button type=\"submit\" class=\"ff-btn ff-btn-submit ff-btn-md ff_btn_style wpf_has_custom_css\"  aria-label=\"Enviar\">Enviar<\/button><\/div><\/fieldset><\/form><div id='fluentform_3_errors' class='ff-errors-in-stack ff_form_instance_3_1 ff-form-loading_errors ff_form_instance_3_1_errors'><\/div><\/div>            <script type=\"text\/javascript\">\n                window.fluent_form_ff_form_instance_3_1 = {\"id\":\"3\",\"ajaxUrl\":\"https:\\\/\\\/renovasolutions.com\\\/wp-admin\\\/admin-ajax.php\",\"settings\":{\"layout\":{\"labelPlacement\":\"top\",\"helpMessagePlacement\":\"with_label\",\"errorMessagePlacement\":\"inline\",\"cssClassName\":\"\",\"asteriskPlacement\":\"asterisk-right\"},\"restrictions\":{\"denyEmptySubmission\":{\"enabled\":false}}},\"form_instance\":\"ff_form_instance_3_1\",\"form_id_selector\":\"fluentform_3\",\"rules\":{\"input_text\":{\"required\":{\"value\":true,\"message\":\"Campo requerido\",\"global_message\":\"This field is required\",\"global\":false}},\"input_text_1\":{\"required\":{\"value\":false,\"message\":\"Este campo es obligatorio\",\"global_message\":\"This field is required\",\"global\":true}},\"input_mask\":{\"required\":{\"value\":true,\"message\":\"Campo requerido\",\"global_message\":\"This field is required\",\"global\":false}},\"input_text_2\":{\"required\":{\"value\":false,\"message\":\"Este campo es obligatorio\",\"global_message\":\"This field is required\",\"global\":true}},\"input_text_3\":{\"required\":{\"value\":true,\"message\":\"Campo requerido\",\"global_message\":\"This field is required\",\"global\":false}},\"checkbox\":{\"required\":{\"value\":false,\"message\":\"Este campo es obligatorio\",\"global_message\":\"This field is required\",\"global\":true}},\"description\":{\"required\":{\"value\":false,\"message\":\"Este campo es obligatorio\",\"global_message\":\"This field is required\",\"global\":true}},\"g-recaptcha-response\":[]},\"debounce_time\":300};\n                            <\/script>\n            \n<\/div>\n<\/div><\/div><\/div><\/div><\/div><\/div><\/div>","protected":false},"excerpt":{"rendered":"<p>Contactar Direcci\u00f3n Postal PO Box 191650 San Juan, PR 00919-1650 Direcci\u00f3n Centro Internacional de Mercadeo, Torre II Carretera 165 Suite 304 Guaynabo, Puerto Rico 00968 Tel\u00e9fono +1-787-273-6682 Informaci\u00f3n General.:\u00a0info@renovasolutions.net Ventas:\u00a0sales@renovasolutions.net Coordenadas GPS: 18.423339836943256, -66.10997796822916 Las oficinas comerciales est\u00e1n abiertas desde 8:00 am a 5:00 pm EST De lunes a viernes. Para Soporte T\u00e9cnico: Llamar: 787-273-6682, [&hellip;]<\/p>\n","protected":false},"author":6,"featured_media":0,"parent":0,"menu_order":0,"comment_status":"closed","ping_status":"closed","template":"","meta":{"inline_featured_image":false,"footnotes":""},"class_list":["post-3086","page","type-page","status-publish","hentry","post"],"_links":{"self":[{"href":"https:\/\/renovasolutions.com\/es\/wp-json\/wp\/v2\/pages\/3086","targetHints":{"allow":["GET"]}}],"collection":[{"href":"https:\/\/renovasolutions.com\/es\/wp-json\/wp\/v2\/pages"}],"about":[{"href":"https:\/\/renovasolutions.com\/es\/wp-json\/wp\/v2\/types\/page"}],"author":[{"embeddable":true,"href":"https:\/\/renovasolutions.com\/es\/wp-json\/wp\/v2\/users\/6"}],"replies":[{"embeddable":true,"href":"https:\/\/renovasolutions.com\/es\/wp-json\/wp\/v2\/comments?post=3086"}],"version-history":[{"count":20,"href":"https:\/\/renovasolutions.com\/es\/wp-json\/wp\/v2\/pages\/3086\/revisions"}],"predecessor-version":[{"id":3898,"href":"https:\/\/renovasolutions.com\/es\/wp-json\/wp\/v2\/pages\/3086\/revisions\/3898"}],"wp:attachment":[{"href":"https:\/\/renovasolutions.com\/es\/wp-json\/wp\/v2\/media?parent=3086"}],"curies":[{"name":"wp","href":"https:\/\/api.w.org\/{rel}","templated":true}]}}