{"id":3019,"date":"2024-10-02T07:36:03","date_gmt":"2024-10-02T11:36:03","guid":{"rendered":"https:\/\/newrenova.artemediapr.com\/?page_id=3019"},"modified":"2025-02-19T08:01:09","modified_gmt":"2025-02-19T12:01:09","slug":"burger-fi","status":"publish","type":"page","link":"https:\/\/renovasolutions.com\/es\/burger-fi\/","title":{"rendered":"Burger Fi"},"content":{"rendered":"<div id=\"pl-3019\"  class=\"panel-layout\" ><div id=\"pg-3019-0\"  class=\"panel-grid panel-has-style\" ><div class=\"siteorigin-panels-stretch panel-row-style panel-row-style-for-3019-0\" data-stretch-type=\"full\" ><div class=\"so-panels-full-wrapper\" ><div id=\"pgc-3019-0-0\"  class=\"panel-grid-cell\" ><div id=\"panel-3019-0-0-0\" class=\"so-panel widget widget_sow-editor panel-first-child\" data-index=\"0\" ><div\n\t\t\t\n\t\t\tclass=\"so-widget-sow-editor so-widget-sow-editor-base\"\n\t\t\t\n\t\t>\n<div class=\"siteorigin-widget-tinymce textwidget\">\n\t<p><img loading=\"lazy\" decoding=\"async\" class=\"aligncenter  wp-image-3028\" src=\"https:\/\/renovasolutions.com\/wp-content\/uploads\/2024\/10\/2000px-BurgerFi_Logo.svg.png\" alt=\"\" width=\"219\" height=\"27\" srcset=\"https:\/\/renovasolutions.com\/wp-content\/uploads\/2024\/10\/2000px-BurgerFi_Logo.svg.png 2000w, https:\/\/renovasolutions.com\/wp-content\/uploads\/2024\/10\/2000px-BurgerFi_Logo.svg-300x37.png 300w, https:\/\/renovasolutions.com\/wp-content\/uploads\/2024\/10\/2000px-BurgerFi_Logo.svg-1024x126.png 1024w, https:\/\/renovasolutions.com\/wp-content\/uploads\/2024\/10\/2000px-BurgerFi_Logo.svg-768x95.png 768w, https:\/\/renovasolutions.com\/wp-content\/uploads\/2024\/10\/2000px-BurgerFi_Logo.svg-1536x190.png 1536w\" sizes=\"auto, (max-width: 219px) 100vw, 219px\" \/><\/p>\n<\/div>\n<\/div><\/div><div id=\"panel-3019-0-0-1\" class=\"so-panel widget widget_sow-editor\" data-index=\"1\" ><div\n\t\t\t\n\t\t\tclass=\"so-widget-sow-editor so-widget-sow-editor-base\"\n\t\t\t\n\t\t>\n<div class=\"siteorigin-widget-tinymce textwidget\">\n\t<p style=\"text-align: center;\">Beyond Burgers, LLC posee y opera los restaurantes Burger Fi; una cadena se origin\u00f3 en 2011 en Ft. Lauderdale, Florida. El 12 de marzo de 2020, d\u00edas antes del confinamiento decretado por el Gobierno de Puerto Rico, debido a la pandemia del COVID-19, abrieron su primer restaurante en Guaynabo. Este concepto, conocido como Fast Casual, es una nueva modalidad que se considera un intermedio entre los restaurantes de comida r\u00e1pida y la comida informal. Sus productos naturales la distinguen, ofreciendo carnes libres de hormonas y antibi\u00f3ticos y alimentos frescos cocinados diariamente. Burger Fi inici\u00f3 operaciones con 48 empleados.<\/p>\n<\/div>\n<\/div><\/div><div id=\"panel-3019-0-0-2\" class=\"so-panel widget widget_sow-editor panel-last-child\" data-index=\"2\" ><div\n\t\t\t\n\t\t\tclass=\"so-widget-sow-editor so-widget-sow-editor-base\"\n\t\t\t\n\t\t>\n<div class=\"siteorigin-widget-tinymce textwidget\">\n\t<p><img loading=\"lazy\" decoding=\"async\" class=\" foto2 aligncenter wp-image-3030 size-full\" src=\"https:\/\/renovasolutions.com\/wp-content\/uploads\/2024\/10\/burgerfi.jpg\" alt=\"\" width=\"673\" height=\"234\" srcset=\"https:\/\/renovasolutions.com\/wp-content\/uploads\/2024\/10\/burgerfi.jpg 673w, https:\/\/renovasolutions.com\/wp-content\/uploads\/2024\/10\/burgerfi-300x104.jpg 300w\" sizes=\"auto, (max-width: 673px) 100vw, 673px\" \/><\/p>\n<\/div>\n<\/div><\/div><\/div><\/div><\/div><\/div><div id=\"pg-3019-1\"  class=\"panel-grid panel-has-style\" ><div class=\"siteorigin-panels-stretch panel-row-style panel-row-style-for-3019-1\" data-stretch-type=\"full\" ><div class=\"so-panels-full-wrapper\" ><div id=\"pgc-3019-1-0\"  class=\"panel-grid-cell\" ><div class=\"so-rounded panel-cell-style panel-cell-style-for-3019-1-0\" ><div id=\"panel-3019-1-0-0\" class=\"so-panel widget widget_sow-editor panel-first-child\" data-index=\"3\" ><div class=\"panel-widget-style panel-widget-style-for-3019-1-0-0\" ><div\n\t\t\t\n\t\t\tclass=\"so-widget-sow-editor so-widget-sow-editor-base\"\n\t\t\t\n\t\t>\n<div class=\"siteorigin-widget-tinymce textwidget\">\n\t<p><strong>OBJETIVOS:<\/strong><\/p>\n<ol>\n<li>Obt\u00e9n el control de los itinerarios, las penalizaciones por comidas y las propinas incluidas en los pagos con tarjeta de cr\u00e9dito. Integrar el sistema de gesti\u00f3n de capital humano, n\u00f3mina, gesti\u00f3n del tiempo, y POS.<\/li>\n<li>Implementar ESS como estrategia de satisfacci\u00f3n de los empleados y evitar sobrecargar a nuestro personal administrativo.<\/li>\n<li>Proporcione visibilidad de la informaci\u00f3n de n\u00f3mina, los itinerarios y los beneficios con informes flexibles para hacer proyecciones y administrar los recursos de manera eficiente.<\/li>\n<\/ol>\n<\/div>\n<\/div><\/div><\/div><div id=\"panel-3019-1-0-1\" class=\"widget_text so-panel widget widget_custom_html\" data-index=\"4\" ><div class=\"textwidget custom-html-widget\"><hr \/><\/div><\/div><div id=\"panel-3019-1-0-2\" class=\"so-panel widget widget_sow-editor\" data-index=\"5\" ><div class=\"panel-widget-style panel-widget-style-for-3019-1-0-2\" ><div\n\t\t\t\n\t\t\tclass=\"so-widget-sow-editor so-widget-sow-editor-base\"\n\t\t\t\n\t\t>\n<div class=\"siteorigin-widget-tinymce textwidget\">\n\t<p><span style=\"color: #e3530f;\"><strong>SOLUCIONES:<\/strong><\/span><\/p>\n<p><a href=\"https:\/\/renovasolutions.com\/suite-de-recursos-humanos\/\">RENOVA Recursos Humanos<\/a><br \/>\n<a href=\"https:\/\/renovasolutions.com\/nomina\/\">RENOVA N\u00f3mina<\/a><br \/>\n<a href=\"https:\/\/renovasolutions.com\/tiempo-y-asistencia\/\">RENOVA Tiempo y Asistencia<\/a><br \/>\n<a href=\"https:\/\/renovasolutions.com\/portal-del-empleado\/\">RENOVA Autoservicio para empleados<\/a><\/p>\n<\/div>\n<\/div><\/div><\/div><div id=\"panel-3019-1-0-3\" class=\"so-panel widget widget_sow-editor\" data-index=\"6\" ><div class=\"panel-widget-style panel-widget-style-for-3019-1-0-3\" ><div\n\t\t\t\n\t\t\tclass=\"so-widget-sow-editor so-widget-sow-editor-base\"\n\t\t\t\n\t\t>\n<div class=\"siteorigin-widget-tinymce textwidget\">\n\t<p><a href=\"https:\/\/renovasolutions.com\/nomina\/\"><img loading=\"lazy\" decoding=\"async\" class=\"size-thumbnail wp-image-2883 alignnone\" src=\"https:\/\/renovasolutions.com\/wp-content\/uploads\/2024\/09\/nomina.svg\" alt=\"\" width=\"60\" height=\"60\" \/><\/a> <a href=\"https:\/\/renovasolutions.com\/tiempo-y-asistencia\/\"><img loading=\"lazy\" decoding=\"async\" class=\"size-thumbnail wp-image-2883 alignnone\" src=\"https:\/\/renovasolutions.com\/wp-content\/uploads\/2024\/09\/teimpo-asistencia.svg\" alt=\"\" width=\"60\" height=\"60\" \/><\/a>\u00a0<a href=\"https:\/\/renovasolutions.com\/portal-del-empleado\/\"><img loading=\"lazy\" decoding=\"async\" class=\"size-thumbnail wp-image-2883 alignnone\" src=\"https:\/\/renovasolutions.com\/wp-content\/uploads\/2024\/09\/portal-empleado.svg\" alt=\"\" width=\"60\" height=\"60\" data-wp-editing=\"1\" \/><\/a> <a href=\"https:\/\/renovasolutions.com\/suite-de-recursos-humanos\/\" target=\"_blank\" rel=\"noopener\"><img loading=\"lazy\" decoding=\"async\" class=\"size-thumbnail wp-image-2883 alignnone\" src=\"https:\/\/renovasolutions.com\/wp-content\/uploads\/2024\/09\/srh.svg\" alt=\"\" width=\"60\" height=\"60\" data-wp-editing=\"1\" \/><\/a><\/p>\n<\/div>\n<\/div><\/div><\/div><div id=\"panel-3019-1-0-4\" class=\"widget_text so-panel widget widget_custom_html\" data-index=\"7\" ><div class=\"textwidget custom-html-widget\"><hr \/><\/div><\/div><div id=\"panel-3019-1-0-5\" class=\"so-panel widget widget_sow-editor\" data-index=\"8\" ><div class=\"panel-widget-style panel-widget-style-for-3019-1-0-5\" ><div\n\t\t\t\n\t\t\tclass=\"so-widget-sow-editor so-widget-sow-editor-base\"\n\t\t\t\n\t\t>\n<div class=\"siteorigin-widget-tinymce textwidget\">\n\t<p><strong>LOS RESULTADOS:<\/strong><\/p>\n<ol>\n<li>Control de las operaciones y procesos de recursos humanos.<\/li>\n<li>La certeza de la transferencia precisa de los tiempos trabajados capturada de los POS's al software de procesamiento de n\u00f3minas.<\/li>\n<li>Acceso a todas las funcionalidades necesarias a precios razonables.<\/li>\n<li>Disponibilidad de m\u00e9tricas de valor agregado asociadas, como la rapidez con la que se ejecuta la operaci\u00f3n, as\u00ed como el rendimiento por empleado.<\/li>\n<\/ol>\n<\/div>\n<\/div><\/div><\/div><div id=\"panel-3019-1-0-6\" class=\"so-panel widget widget_sow-button panel-last-child\" data-index=\"9\" ><div class=\"panel-widget-style panel-widget-style-for-3019-1-0-6\" ><div\n\t\t\t\n\t\t\tclass=\"so-widget-sow-button so-widget-sow-button-flat-65e6736e8567-3019\"\n\t\t\t\n\t\t><div class=\"ow-button-base ow-button-align-left\"\n>\n\t\t\t<a\n\t\t\t\t\thref=\"https:\/\/renovasolutions.com\/wp-content\/uploads\/pdf\/RENOVA-Case-Study-BurgerFi.pdf\"\n\t\t\t\t\tclass=\"sowb-button ow-icon-placement-left ow-button-hover\" \t>\n\t\t<span>\n\t\t\t\n\t\t\tDescargar Estudio de Caso\t\t<\/span>\n\t\t\t<\/a>\n\t<\/div>\n<\/div><\/div><\/div><\/div><\/div><div id=\"pgc-3019-1-1\"  class=\"panel-grid-cell\" ><div id=\"panel-3019-1-1-0\" class=\"so-panel widget widget_sow-editor panel-first-child\" data-index=\"10\" ><div class=\"panel-widget-style panel-widget-style-for-3019-1-1-0\" ><div\n\t\t\t\n\t\t\tclass=\"so-widget-sow-editor so-widget-sow-editor-base\"\n\t\t\t\n\t\t>\n<div class=\"siteorigin-widget-tinymce textwidget\">\n\t<h3>El reto<\/h3>\n<p>Los establecimientos de comida r\u00e1pida, casuales y fast-casual enfrentan un desaf\u00edo com\u00fan: c\u00f3mo hacer crecer su operaci\u00f3n sin agregar carga a su personal administrativo y sin tener que contratar m\u00e1s empleados de recursos humanos para administrar los procesos de servicio a los empleados, como solicitudes de vacaciones, d\u00edas de enfermedad y cartas de confirmaci\u00f3n de empleo, entre otros.<\/p>\n<p>\"Otro de los retos a los que nos enfrentamos habitualmente en el sector es c\u00f3mo integrar los registros de asistencia generados a trav\u00e9s de los puntos de venta (POS) en el sistema de gesti\u00f3n de n\u00f3minas. Sin esta integraci\u00f3n, no podemos procesar la n\u00f3mina, pagar a tiempo y cumplir con la normativa laboral, con todas las implicancias que esto conlleva\", dijo Ricardo Gonz\u00e1lez, vicepresidente ejecutivo de Beyond Burgers, LLC.<\/p>\n<\/div>\n<\/div><\/div><\/div><div id=\"panel-3019-1-1-1\" class=\"so-panel widget widget_sow-editor\" data-index=\"11\" ><div\n\t\t\t\n\t\t\tclass=\"so-widget-sow-editor so-widget-sow-editor-base\"\n\t\t\t\n\t\t>\n<div class=\"siteorigin-widget-tinymce textwidget\">\n\t<h3>Necesidades del negocio<\/h3>\n<p>Generalmente, el 50% de los costos de una empresa est\u00e1n asociados al personal, por lo que el acceso a los datos y la integraci\u00f3n a otras plataformas comerciales debe ser transparente y confiable.<\/p>\n<p>Gonzales agreg\u00f3 que \"hab\u00edamos experimentado en nuestros restaurantes Denny's los servicios y eficiencias que pod\u00edamos obtener con RENOVA HCM. As\u00ed que integrar esta nueva franquicia fue una decisi\u00f3n autom\u00e1tica. Necesit\u00e1bamos la integraci\u00f3n entre el tiempo y la asistencia, la n\u00f3mina, Aloha, la precisi\u00f3n de los datos, los informes y la funcionalidad de autoservicio del empleado (ESS)\".<\/p>\n<\/div>\n<\/div><\/div><div id=\"panel-3019-1-1-2\" class=\"so-panel widget widget_sow-editor panel-last-child\" data-index=\"12\" ><div\n\t\t\t\n\t\t\tclass=\"so-widget-sow-editor so-widget-sow-editor-base\"\n\t\t\t\n\t\t>\n<div class=\"siteorigin-widget-tinymce textwidget\">\n\t<h3>El proceso<\/h3>\n<p>\"Al igual que nuestra experiencia con Denny&amp;#39;s, la implementaci\u00f3n de Burger Fi se realiz\u00f3 sin problemas y dentro del cronograma de trabajo que el equipo de RENOVA nos present\u00f3. Una vez m\u00e1s, nos demostraron su conocimiento de la industria y que tienen un proceso bien estructurado que les permite implementar de manera efectiva y eficiente\", concluy\u00f3 Gonz\u00e1lez.<\/p>\n<\/div>\n<\/div><\/div><\/div><\/div><\/div><\/div><div id=\"pg-3019-2\"  class=\"panel-grid panel-has-style\" ><div class=\"siteorigin-panels-stretch panel-row-style panel-row-style-for-3019-2\" data-stretch-type=\"full\" ><div class=\"so-panels-full-wrapper\" ><div id=\"pgc-3019-2-0\"  class=\"panel-grid-cell panel-grid-cell-empty\" ><\/div><div id=\"pgc-3019-2-1\"  class=\"panel-grid-cell panel-grid-cell-mobile-last\" ><div id=\"panel-3019-2-1-0\" class=\"so-panel widget widget_sow-editor panel-first-child\" data-index=\"13\" ><div class=\"panel-widget-style panel-widget-style-for-3019-2-1-0\" ><div\n\t\t\t\n\t\t\tclass=\"so-widget-sow-editor so-widget-sow-editor-base\"\n\t\t\t\n\t\t>\n<div class=\"siteorigin-widget-tinymce textwidget\">\n\t<h1 style=\"text-align: center;\"><span style=\"color: #ffffff;\"><strong>Nuestro valor comercial y experiencia reconocida por nuestros clientes.<\/strong><\/span><\/h1>\n<\/div>\n<\/div><\/div><\/div><div id=\"panel-3019-2-1-1\" class=\"so-panel widget widget_sow-button-grid panel-last-child\" data-index=\"14\" ><div class=\"panel-widget-style panel-widget-style-for-3019-2-1-1\" ><div\n\t\t\t\n\t\t\tclass=\"so-widget-sow-button-grid so-widget-sow-button-grid-default-30211081be0b-3019\"\n\t\t\t\n\t\t>\t<div class=\"sow-buttons-grid\">\n\t\t<div\n\t\t\t\n\t\t\tclass=\"so-widget-sow-button so-widget-sow-button-flat-171d3b5364a2\"\n\t\t\t\n\t\t><div class=\"ow-button-base ow-button-align-center\"\n>\n\t\t\t<a\n\t\t\t\t\thref=\"https:\/\/renovasolutions.com\/es\/estudios-de-caso\/\"\n\t\t\t\t\tclass=\"sowb-button ow-icon-placement-left ow-button-hover\" \t>\n\t\t<span>\n\t\t\t\n\t\t\tEstudios de caso\t\t<\/span>\n\t\t\t<\/a>\n\t<\/div>\n<\/div><div\n\t\t\t\n\t\t\tclass=\"so-widget-sow-button so-widget-sow-button-wire-af901ecd6ecc\"\n\t\t\t\n\t\t><div class=\"ow-button-base ow-button-align-center\"\n>\n\t\t\t<a\n\t\t\t\t\thref=\"https:\/\/renovasolutions.com\/es\/contactar\/\"\n\t\t\t\t\tclass=\"sowb-button ow-icon-placement-left ow-button-hover\" \t>\n\t\t<span>\n\t\t\t\n\t\t\tSolicita reuini\u00f3n\t\t<\/span>\n\t\t\t<\/a>\n\t<\/div>\n<\/div>\t<\/div>\n\t<\/div><\/div><\/div><\/div><div id=\"pgc-3019-2-2\"  class=\"panel-grid-cell panel-grid-cell-empty\" ><\/div><\/div><\/div><\/div><\/div>","protected":false},"excerpt":{"rendered":"<p>Beyond Burgers, LLC posee y opera los restaurantes Burger Fi; una cadena se origin\u00f3 en 2011 en Ft. Lauderdale, Florida. El 12 de marzo de 2020, d\u00edas antes del confinamiento decretado por el Gobierno de Puerto Rico, debido a la pandemia del COVID-19, abrieron su primer restaurante en Guaynabo. Este concepto, conocido como Fast Casual, [&hellip;]<\/p>\n","protected":false},"author":6,"featured_media":0,"parent":0,"menu_order":0,"comment_status":"closed","ping_status":"closed","template":"","meta":{"inline_featured_image":false,"footnotes":""},"class_list":["post-3019","page","type-page","status-publish","hentry","post"],"_links":{"self":[{"href":"https:\/\/renovasolutions.com\/es\/wp-json\/wp\/v2\/pages\/3019","targetHints":{"allow":["GET"]}}],"collection":[{"href":"https:\/\/renovasolutions.com\/es\/wp-json\/wp\/v2\/pages"}],"about":[{"href":"https:\/\/renovasolutions.com\/es\/wp-json\/wp\/v2\/types\/page"}],"author":[{"embeddable":true,"href":"https:\/\/renovasolutions.com\/es\/wp-json\/wp\/v2\/users\/6"}],"replies":[{"embeddable":true,"href":"https:\/\/renovasolutions.com\/es\/wp-json\/wp\/v2\/comments?post=3019"}],"version-history":[{"count":18,"href":"https:\/\/renovasolutions.com\/es\/wp-json\/wp\/v2\/pages\/3019\/revisions"}],"predecessor-version":[{"id":4600,"href":"https:\/\/renovasolutions.com\/es\/wp-json\/wp\/v2\/pages\/3019\/revisions\/4600"}],"wp:attachment":[{"href":"https:\/\/renovasolutions.com\/es\/wp-json\/wp\/v2\/media?parent=3019"}],"curies":[{"name":"wp","href":"https:\/\/api.w.org\/{rel}","templated":true}]}}