{"id":2994,"date":"2024-09-30T19:37:11","date_gmt":"2024-09-30T23:37:11","guid":{"rendered":"https:\/\/newrenova.artemediapr.com\/?page_id=2994"},"modified":"2025-02-19T08:03:01","modified_gmt":"2025-02-19T12:03:01","slug":"dennys","status":"publish","type":"page","link":"https:\/\/renovasolutions.com\/es\/dennys\/","title":{"rendered":"Denny&#8217;s"},"content":{"rendered":"<div id=\"pl-2994\"  class=\"panel-layout\" ><div id=\"pg-2994-0\"  class=\"panel-grid panel-has-style\" ><div class=\"siteorigin-panels-stretch panel-row-style panel-row-style-for-2994-0\" data-stretch-type=\"full\" ><div class=\"so-panels-full-wrapper\" ><div id=\"pgc-2994-0-0\"  class=\"panel-grid-cell\" ><div id=\"panel-2994-0-0-0\" class=\"so-panel widget widget_sow-editor panel-first-child\" data-index=\"0\" ><div\n\t\t\t\n\t\t\tclass=\"so-widget-sow-editor so-widget-sow-editor-base\"\n\t\t\t\n\t\t>\n<div class=\"siteorigin-widget-tinymce textwidget\">\n\t<p><img loading=\"lazy\" decoding=\"async\" class=\"aligncenter  wp-image-3033\" src=\"https:\/\/renovasolutions.com\/wp-content\/uploads\/2024\/10\/dennys-logo.svg\" alt=\"\" width=\"225\" height=\"115\" \/><\/p>\n<\/div>\n<\/div><\/div><div id=\"panel-2994-0-0-1\" class=\"so-panel widget widget_sow-editor\" data-index=\"1\" ><div\n\t\t\t\n\t\t\tclass=\"so-widget-sow-editor so-widget-sow-editor-base\"\n\t\t\t\n\t\t>\n<div class=\"siteorigin-widget-tinymce textwidget\">\n\t<p style=\"text-align: center;\">En 1988, Marpor Corporation abri\u00f3 el primer restaurante Denny's en Puerto Rico, con un ambiente casual y familiar y un men\u00fa variado servido las 24 horas del d\u00eda. Denny's es conocido por servir desayunos a todas horas, y sus variadas opciones incluyen un men\u00fa criollo con platos tradicionales puertorrique\u00f1os. Actualmente, la cadena cuenta con 15 restaurantes y unos 945 empleados.<\/p>\n<\/div>\n<\/div><\/div><div id=\"panel-2994-0-0-2\" class=\"so-panel widget widget_sow-editor panel-last-child\" data-index=\"2\" ><div\n\t\t\t\n\t\t\tclass=\"so-widget-sow-editor so-widget-sow-editor-base\"\n\t\t\t\n\t\t>\n<div class=\"siteorigin-widget-tinymce textwidget\">\n\t<p><img loading=\"lazy\" decoding=\"async\" class=\" foto2 aligncenter wp-image-1261 size-full\" src=\"https:\/\/renovasolutions.com\/wp-content\/uploads\/2024\/09\/dennys.jpg\" alt=\"\" width=\"673\" height=\"234\" srcset=\"https:\/\/renovasolutions.com\/wp-content\/uploads\/2024\/09\/dennys.jpg 673w, https:\/\/renovasolutions.com\/wp-content\/uploads\/2024\/09\/dennys-300x104.jpg 300w\" sizes=\"auto, (max-width: 673px) 100vw, 673px\" \/><\/p>\n<\/div>\n<\/div><\/div><\/div><\/div><\/div><\/div><div id=\"pg-2994-1\"  class=\"panel-grid panel-has-style\" ><div class=\"siteorigin-panels-stretch panel-row-style panel-row-style-for-2994-1\" data-stretch-type=\"full\" ><div class=\"so-panels-full-wrapper\" ><div id=\"pgc-2994-1-0\"  class=\"panel-grid-cell\" ><div class=\"so-rounded panel-cell-style panel-cell-style-for-2994-1-0\" ><div id=\"panel-2994-1-0-0\" class=\"so-panel widget widget_sow-editor panel-first-child\" data-index=\"3\" ><div class=\"panel-widget-style panel-widget-style-for-2994-1-0-0\" ><div\n\t\t\t\n\t\t\tclass=\"so-widget-sow-editor so-widget-sow-editor-base\"\n\t\t\t\n\t\t>\n<div class=\"siteorigin-widget-tinymce textwidget\">\n\t<p><strong>OBJETIVOS:<\/strong><\/p>\n<ol>\n<li>Garantizar la gesti\u00f3n oportuna del tiempo y la asistencia, los beneficios, la n\u00f3mina y el dep\u00f3sito directo.<\/li>\n<li>Integrar el sistema de gesti\u00f3n de capital humano al sistema POS y otras herramientas operativas de la empresa.<\/li>\n<li>Administrar de manera efectiva las propinas de las tarjetas de cr\u00e9dito, saldos de propinas y las multas por comidas.<\/li>\n<li>Obtener visibilidad de la informaci\u00f3n de n\u00f3mina y beneficios para crear informes configurables que permitan hacer proyecciones y administrar los recursos de manera eficiente.<\/li>\n<li>Liberar al equipo administrativo de funciones que pueden ser realizadas de forma remota por los empleados y en tiempo real.<\/li>\n<\/ol>\n<\/div>\n<\/div><\/div><\/div><div id=\"panel-2994-1-0-1\" class=\"widget_text so-panel widget widget_custom_html\" data-index=\"4\" ><div class=\"textwidget custom-html-widget\"><hr \/><\/div><\/div><div id=\"panel-2994-1-0-2\" class=\"so-panel widget widget_sow-editor\" data-index=\"5\" ><div class=\"panel-widget-style panel-widget-style-for-2994-1-0-2\" ><div\n\t\t\t\n\t\t\tclass=\"so-widget-sow-editor so-widget-sow-editor-base\"\n\t\t\t\n\t\t>\n<div class=\"siteorigin-widget-tinymce textwidget\">\n\t<p><span style=\"color: #e3530f;\"><strong>SOLUCIONES:<\/strong><\/span><\/p>\n<p><a href=\"https:\/\/renovasolutions.com\/nomina\/\">RENOVA N\u00f3mina<\/a><br \/>\n<a href=\"https:\/\/renovasolutions.com\/tiempo-y-asistencia\/\">RENOVA Tiempo y Asistencia<\/a><br \/>\n<a href=\"https:\/\/renovasolutions.com\/portal-del-empleado\/\">RENOVA Autoservicio para empleados<\/a><br \/>\nRENOVA M\u00f3vil<br \/>\n<a href=\"https:\/\/renovasolutions.com\/suite-de-recursos-humanos\/\" target=\"_blank\" rel=\"noopener\">RENOVA<\/a><a href=\"https:\/\/renovasolutions.com\/suite-de-recursos-humanos\/\" target=\"_blank\" rel=\"noopener\"> Recursos Humanos<\/a><\/p>\n<\/div>\n<\/div><\/div><\/div><div id=\"panel-2994-1-0-3\" class=\"so-panel widget widget_sow-editor\" data-index=\"6\" ><div class=\"panel-widget-style panel-widget-style-for-2994-1-0-3\" ><div\n\t\t\t\n\t\t\tclass=\"so-widget-sow-editor so-widget-sow-editor-base\"\n\t\t\t\n\t\t>\n<div class=\"siteorigin-widget-tinymce textwidget\">\n\t<p><a href=\"https:\/\/renovasolutions.com\/nomina\/\"><img loading=\"lazy\" decoding=\"async\" class=\"size-thumbnail wp-image-2883 alignnone\" src=\"https:\/\/renovasolutions.com\/wp-content\/uploads\/2024\/09\/nomina.svg\" alt=\"\" width=\"60\" height=\"60\" \/><\/a> <a href=\"https:\/\/renovasolutions.com\/tiempo-y-asistencia\/\"><img loading=\"lazy\" decoding=\"async\" class=\"size-thumbnail wp-image-2883 alignnone\" src=\"https:\/\/renovasolutions.com\/wp-content\/uploads\/2024\/09\/teimpo-asistencia.svg\" alt=\"\" width=\"60\" height=\"60\" \/><\/a>\u00a0<a href=\"https:\/\/renovasolutions.com\/portal-del-empleado\/\"><img loading=\"lazy\" decoding=\"async\" class=\"size-thumbnail wp-image-2883 alignnone\" src=\"https:\/\/renovasolutions.com\/wp-content\/uploads\/2024\/09\/portal-empleado.svg\" alt=\"\" width=\"60\" height=\"60\" data-wp-editing=\"1\" \/><\/a> <a href=\"https:\/\/renovasolutions.com\/suite-de-recursos-humanos\/\"><img loading=\"lazy\" decoding=\"async\" class=\"size-thumbnail wp-image-2883 alignnone\" src=\"https:\/\/renovasolutions.com\/wp-content\/uploads\/2024\/09\/srh.svg\" alt=\"\" width=\"60\" height=\"60\" data-wp-editing=\"1\" \/><\/a><\/p>\n<p>Entre las funcionalidades obtenidas a trav\u00e9s de estas soluciones se encuentra el acceso de los empleados las 24 horas del d\u00eda, los 7 d\u00edas de la semana a sus datos de beneficios, recibos de pago e itinerarios.<\/p>\n<p>&nbsp;<\/p>\n<\/div>\n<\/div><\/div><\/div><div id=\"panel-2994-1-0-4\" class=\"widget_text so-panel widget widget_custom_html\" data-index=\"7\" ><div class=\"textwidget custom-html-widget\"><hr \/><\/div><\/div><div id=\"panel-2994-1-0-5\" class=\"so-panel widget widget_sow-editor\" data-index=\"8\" ><div class=\"panel-widget-style panel-widget-style-for-2994-1-0-5\" ><div\n\t\t\t\n\t\t\tclass=\"so-widget-sow-editor so-widget-sow-editor-base\"\n\t\t\t\n\t\t>\n<div class=\"siteorigin-widget-tinymce textwidget\">\n\t<p><strong>LOS RESULTADOS:<\/strong><\/p>\n<ol>\n<li>Certeza de la transferencia precisa de la informaci\u00f3n capturada en los POS's para procesar la n\u00f3mina.<\/li>\n<li>Reducci\u00f3n del 50% en el tiempo y recursos necesarios para procesar la n\u00f3mina.<\/li>\n<li>Mayor precisi\u00f3n y ahorro del 50% en el tiempo dedicado al c\u00e1lculo de las penalidades por comidas.<\/li>\n<li>Acceso a todas las funcionalidades necesarias a precios razonables.<\/li>\n<li>Aumentar el nivel de confianza de los usuarios cuyas funciones dependen de los datos de recursos humanos.<\/li>\n<li>Disponibilidad de m\u00e9tricas de valor a\u00f1adido como el rendimiento por empleado.<\/li>\n<\/ol>\n<\/div>\n<\/div><\/div><\/div><div id=\"panel-2994-1-0-6\" class=\"so-panel widget widget_sow-button panel-last-child\" data-index=\"9\" ><div class=\"panel-widget-style panel-widget-style-for-2994-1-0-6\" ><div\n\t\t\t\n\t\t\tclass=\"so-widget-sow-button so-widget-sow-button-flat-007079c88417-2994\"\n\t\t\t\n\t\t><div class=\"ow-button-base ow-button-align-left\"\n>\n\t\t\t<a\n\t\t\t\t\thref=\"https:\/\/renovasolutions.com\/wp-content\/uploads\/pdf\/NEW-RENOVA-Case-Study-Dennys.pdf\"\n\t\t\t\t\tclass=\"sowb-button ow-icon-placement-left ow-button-hover\" \t>\n\t\t<span>\n\t\t\t\n\t\t\tDescargar Estudio de Caso\t\t<\/span>\n\t\t\t<\/a>\n\t<\/div>\n<\/div><\/div><\/div><\/div><\/div><div id=\"pgc-2994-1-1\"  class=\"panel-grid-cell\" ><div id=\"panel-2994-1-1-0\" class=\"so-panel widget widget_sow-editor panel-first-child\" data-index=\"10\" ><div class=\"panel-widget-style panel-widget-style-for-2994-1-1-0\" ><div\n\t\t\t\n\t\t\tclass=\"so-widget-sow-editor so-widget-sow-editor-base\"\n\t\t\t\n\t\t>\n<div class=\"siteorigin-widget-tinymce textwidget\">\n\t<h3>El reto<\/h3>\n<p>Los restaurantes con m\u00faltiples ubicaciones y horarios se enfrentan a varios desaf\u00edos. Despu\u00e9s de intentar superarlos con tres empresas de soluciones tecnol\u00f3gicas para la gesti\u00f3n del capital humano, optaron por usar a RENOVA HCM.<\/p>\n<p>Su vicepresidente ejecutivo, Ricardo Gonz\u00e1lez, nos cont\u00f3 los retos que enfrentaron durante muchos a\u00f1os. \"En nuestra industria, la certidumbre es de vital importancia en todos nuestros procesos. Si el empleado espera recibir el pago todos los jueves, su dep\u00f3sito directo no puede estar disponible en la cuenta el viernes, ya que impacta el compromiso. Necesit\u00e1bamos un sistema que se integrara perfectamente en los procesos operativos para evitar la carga adicional que esta situaci\u00f3n causaba al equipo administrativo y que, sobre todo, fuera confiable y tuviera la capacidad de integrarse con nuestro sistema de punto de venta (POS) de Aloha\".<\/p>\n<\/div>\n<\/div><\/div><\/div><div id=\"panel-2994-1-1-1\" class=\"so-panel widget widget_sow-editor\" data-index=\"11\" ><div\n\t\t\t\n\t\t\tclass=\"so-widget-sow-editor so-widget-sow-editor-base\"\n\t\t\t\n\t\t>\n<div class=\"siteorigin-widget-tinymce textwidget\">\n\t<h3>Necesidades del negocio<\/h3>\n<p>El acceso a la informaci\u00f3n y la movilidad es una parte fundamental de la operaci\u00f3n del restaurante Denny's. \"Cuando creas horarios de trabajo semanales para m\u00e1s de 900 empleados que est\u00e1n en diferentes municipios y con diferentes turnos -las 24 horas del d\u00eda, los siete d\u00edas de la semana- necesitas que los empleados puedan acceder a la informaci\u00f3n de forma remota, en tiempo real y en cualquier momento\".<\/p>\n<p>Los empleados de Denny's registran su asistencia a trav\u00e9s de POS's, y al no poder obtener la informaci\u00f3n correctamente de estos equipos, gener\u00f3 retos para el resto de los procesos administrativos, de n\u00f3mina y recursos humanos, entre los que se destacan los balances de beneficios y la generaci\u00f3n de declaraciones de impuestos trimestrales.<\/p>\n<p>Del mismo modo, el cruce de horarios cuando un empleado trabaja en el turno de noche y se va temprano en la ma\u00f1ana provoc\u00f3 c\u00e1lculos incorrectos. \"Una vez que establecimos las reglas de pago, la acumulaci\u00f3n de licencias y los beneficios, necesit\u00e1bamos que se actualizara con precisi\u00f3n y sin ninguna intervenci\u00f3n de nuestra parte\", agreg\u00f3 Gonz\u00e1lez.<\/p>\n<\/div>\n<\/div><\/div><div id=\"panel-2994-1-1-2\" class=\"so-panel widget widget_sow-editor panel-last-child\" data-index=\"12\" ><div\n\t\t\t\n\t\t\tclass=\"so-widget-sow-editor so-widget-sow-editor-base\"\n\t\t\t\n\t\t>\n<div class=\"siteorigin-widget-tinymce textwidget\">\n\t<h3>El proceso<\/h3>\n<p>A la hora de elegir RENOVA, Gonz\u00e1lez destaca que \"el proceso de implementaci\u00f3n fue una experiencia muy positiva ya que todas las fases estuvieron bien planificadas y trabajamos en equipo\", refiri\u00e9ndose a la integraci\u00f3n del equipo de RENOVA con Recursos Humanos, N\u00f3mina, Contabilidad y IT de Denny's.<\/p>\n<p>El ejecutivo tambi\u00e9n destac\u00f3 que\"la respuesta del servicio es sobresaliente; el equipo siempre est\u00e1 presente cuando lo necesitas, con un servicio de soporte r\u00e1pido y diligente\".<\/p>\n<\/div>\n<\/div><\/div><\/div><\/div><\/div><\/div><div id=\"pg-2994-2\"  class=\"panel-grid panel-has-style\" ><div class=\"siteorigin-panels-stretch panel-row-style panel-row-style-for-2994-2\" data-stretch-type=\"full\" ><div class=\"so-panels-full-wrapper\" ><div id=\"pgc-2994-2-0\"  class=\"panel-grid-cell panel-grid-cell-empty\" ><\/div><div id=\"pgc-2994-2-1\"  class=\"panel-grid-cell panel-grid-cell-mobile-last\" ><div id=\"panel-2994-2-1-0\" class=\"so-panel widget widget_sow-editor panel-first-child\" data-index=\"13\" ><div class=\"panel-widget-style panel-widget-style-for-2994-2-1-0\" ><div\n\t\t\t\n\t\t\tclass=\"so-widget-sow-editor so-widget-sow-editor-base\"\n\t\t\t\n\t\t>\n<div class=\"siteorigin-widget-tinymce textwidget\">\n\t<h1 style=\"text-align: center;\"><span style=\"color: #ffffff;\"><strong>Nuestro valor comercial y experiencia reconocida por nuestros clientes.<\/strong><\/span><\/h1>\n<\/div>\n<\/div><\/div><\/div><div id=\"panel-2994-2-1-1\" class=\"so-panel widget widget_sow-button-grid panel-last-child\" data-index=\"14\" ><div class=\"panel-widget-style panel-widget-style-for-2994-2-1-1\" ><div\n\t\t\t\n\t\t\tclass=\"so-widget-sow-button-grid so-widget-sow-button-grid-default-30211081be0b-2994\"\n\t\t\t\n\t\t>\t<div class=\"sow-buttons-grid\">\n\t\t<div\n\t\t\t\n\t\t\tclass=\"so-widget-sow-button so-widget-sow-button-flat-171d3b5364a2\"\n\t\t\t\n\t\t><div class=\"ow-button-base ow-button-align-center\"\n>\n\t\t\t<a\n\t\t\t\t\thref=\"https:\/\/renovasolutions.com\/es\/estudios-de-caso\/\"\n\t\t\t\t\tclass=\"sowb-button ow-icon-placement-left ow-button-hover\" \t>\n\t\t<span>\n\t\t\t\n\t\t\tEstudios de caso\t\t<\/span>\n\t\t\t<\/a>\n\t<\/div>\n<\/div><div\n\t\t\t\n\t\t\tclass=\"so-widget-sow-button so-widget-sow-button-wire-af901ecd6ecc\"\n\t\t\t\n\t\t><div class=\"ow-button-base ow-button-align-center\"\n>\n\t\t\t<a\n\t\t\t\t\thref=\"https:\/\/renovasolutions.com\/es\/contactar\/\"\n\t\t\t\t\tclass=\"sowb-button ow-icon-placement-left ow-button-hover\" \t>\n\t\t<span>\n\t\t\t\n\t\t\tSolicita reuini\u00f3n\t\t<\/span>\n\t\t\t<\/a>\n\t<\/div>\n<\/div>\t<\/div>\n\t<\/div><\/div><\/div><\/div><div id=\"pgc-2994-2-2\"  class=\"panel-grid-cell panel-grid-cell-empty\" ><\/div><\/div><\/div><\/div><\/div>","protected":false},"excerpt":{"rendered":"<p>En 1988, Marpor Corporation abri\u00f3 el primer restaurante Denny&#8217;s en Puerto Rico, con un ambiente casual y familiar y un men\u00fa variado servido las 24 horas del d\u00eda. Denny&#8217;s es conocido por servir desayunos a todas horas, y sus variadas opciones incluyen un men\u00fa criollo con platos tradicionales puertorrique\u00f1os. Actualmente, la cadena cuenta con 15 [&hellip;]<\/p>\n","protected":false},"author":6,"featured_media":0,"parent":0,"menu_order":0,"comment_status":"closed","ping_status":"closed","template":"","meta":{"inline_featured_image":false,"footnotes":""},"class_list":["post-2994","page","type-page","status-publish","hentry","post"],"_links":{"self":[{"href":"https:\/\/renovasolutions.com\/es\/wp-json\/wp\/v2\/pages\/2994","targetHints":{"allow":["GET"]}}],"collection":[{"href":"https:\/\/renovasolutions.com\/es\/wp-json\/wp\/v2\/pages"}],"about":[{"href":"https:\/\/renovasolutions.com\/es\/wp-json\/wp\/v2\/types\/page"}],"author":[{"embeddable":true,"href":"https:\/\/renovasolutions.com\/es\/wp-json\/wp\/v2\/users\/6"}],"replies":[{"embeddable":true,"href":"https:\/\/renovasolutions.com\/es\/wp-json\/wp\/v2\/comments?post=2994"}],"version-history":[{"count":22,"href":"https:\/\/renovasolutions.com\/es\/wp-json\/wp\/v2\/pages\/2994\/revisions"}],"predecessor-version":[{"id":4601,"href":"https:\/\/renovasolutions.com\/es\/wp-json\/wp\/v2\/pages\/2994\/revisions\/4601"}],"wp:attachment":[{"href":"https:\/\/renovasolutions.com\/es\/wp-json\/wp\/v2\/media?parent=2994"}],"curies":[{"name":"wp","href":"https:\/\/api.w.org\/{rel}","templated":true}]}}