{"id":2980,"date":"2024-09-30T19:20:04","date_gmt":"2024-09-30T23:20:04","guid":{"rendered":"https:\/\/newrenova.artemediapr.com\/?page_id=2980"},"modified":"2025-02-19T08:05:26","modified_gmt":"2025-02-19T12:05:26","slug":"econo","status":"publish","type":"page","link":"https:\/\/renovasolutions.com\/es\/econo\/","title":{"rendered":"Econo"},"content":{"rendered":"<div id=\"pl-2980\"  class=\"panel-layout\" ><div id=\"pg-2980-0\"  class=\"panel-grid panel-has-style\" ><div class=\"siteorigin-panels-stretch panel-row-style panel-row-style-for-2980-0\" data-stretch-type=\"full\" ><div class=\"so-panels-full-wrapper\" ><div id=\"pgc-2980-0-0\"  class=\"panel-grid-cell\" ><div id=\"panel-2980-0-0-0\" class=\"so-panel widget widget_sow-editor panel-first-child\" data-index=\"0\" ><div\n\t\t\t\n\t\t\tclass=\"so-widget-sow-editor so-widget-sow-editor-base\"\n\t\t\t\n\t\t>\n<div class=\"siteorigin-widget-tinymce textwidget\">\n\t<p style=\"text-align: center;\"><img loading=\"lazy\" decoding=\"async\" class=\"aligncenter  wp-image-3035\" src=\"https:\/\/renovasolutions.com\/wp-content\/uploads\/2024\/10\/econo-logo.svg\" alt=\"\" width=\"249\" height=\"65\" \/><\/p>\n<\/div>\n<\/div><\/div><div id=\"panel-2980-0-0-1\" class=\"so-panel widget widget_sow-editor\" data-index=\"1\" ><div\n\t\t\t\n\t\t\tclass=\"so-widget-sow-editor so-widget-sow-editor-base\"\n\t\t\t\n\t\t>\n<div class=\"siteorigin-widget-tinymce textwidget\">\n\t<p style=\"text-align: center;\">Store Management System, LLC es el propietario-operador de cinco Supermercados Econo, con tiendas en Humacao, Comer\u00edo, Naranjito, Barranquitas y Naguabo. La empresa inici\u00f3 operaciones con un supermercado en Caguas en 1987 y, despu\u00e9s de tres d\u00e9cadas, cuenta con alrededor de 730 empleados.<\/p>\n<\/div>\n<\/div><\/div><div id=\"panel-2980-0-0-2\" class=\"so-panel widget widget_sow-editor panel-last-child\" data-index=\"2\" ><div\n\t\t\t\n\t\t\tclass=\"so-widget-sow-editor so-widget-sow-editor-base\"\n\t\t\t\n\t\t>\n<div class=\"siteorigin-widget-tinymce textwidget\">\n\t<p><img loading=\"lazy\" decoding=\"async\" class=\" foto2 aligncenter wp-image-2982 size-full\" src=\"https:\/\/renovasolutions.com\/wp-content\/uploads\/2024\/09\/econo-1.jpg\" alt=\"\" width=\"673\" height=\"234\" srcset=\"https:\/\/renovasolutions.com\/wp-content\/uploads\/2024\/09\/econo-1.jpg 673w, https:\/\/renovasolutions.com\/wp-content\/uploads\/2024\/09\/econo-1-300x104.jpg 300w\" sizes=\"auto, (max-width: 673px) 100vw, 673px\" \/><\/p>\n<\/div>\n<\/div><\/div><\/div><\/div><\/div><\/div><div id=\"pg-2980-1\"  class=\"panel-grid panel-has-style\" ><div class=\"siteorigin-panels-stretch panel-row-style panel-row-style-for-2980-1\" data-stretch-type=\"full\" ><div class=\"so-panels-full-wrapper\" ><div id=\"pgc-2980-1-0\"  class=\"panel-grid-cell\" ><div class=\"so-rounded panel-cell-style panel-cell-style-for-2980-1-0\" ><div id=\"panel-2980-1-0-0\" class=\"so-panel widget widget_sow-editor panel-first-child\" data-index=\"3\" ><div class=\"panel-widget-style panel-widget-style-for-2980-1-0-0\" ><div\n\t\t\t\n\t\t\tclass=\"so-widget-sow-editor so-widget-sow-editor-base\"\n\t\t\t\n\t\t>\n<div class=\"siteorigin-widget-tinymce textwidget\">\n\t<p><strong>OBJETIVOS:<\/strong><\/p>\n<ol>\n<li>Integrar el sistema de n\u00f3mina a otras soluciones existentes.<\/li>\n<li>Ofrecer visibilidad de la informaci\u00f3n de n\u00f3mina y beneficios con reportes flexibles que permitan una gesti\u00f3n eficiente de los recursos.<\/li>\n<li>Aumentar la flexibilidad de la gesti\u00f3n de datos y cambios en tiempo real.<\/li>\n<\/ol>\n<\/div>\n<\/div><\/div><\/div><div id=\"panel-2980-1-0-1\" class=\"widget_text so-panel widget widget_custom_html\" data-index=\"4\" ><div class=\"textwidget custom-html-widget\"><hr \/><\/div><\/div><div id=\"panel-2980-1-0-2\" class=\"so-panel widget widget_sow-editor\" data-index=\"5\" ><div class=\"panel-widget-style panel-widget-style-for-2980-1-0-2\" ><div\n\t\t\t\n\t\t\tclass=\"so-widget-sow-editor so-widget-sow-editor-base\"\n\t\t\t\n\t\t>\n<div class=\"siteorigin-widget-tinymce textwidget\">\n\t<p><span style=\"color: #e3530f;\"><strong>SOLUCIONES:<\/strong><\/span><\/p>\n<p><a href=\"https:\/\/renovasolutions.com\/nomina\/\">RENOVA N\u00f3mina<\/a><br \/>\n<a href=\"https:\/\/renovasolutions.com\/tiempo-y-asistencia\/\">RENOVA Tiempo y Asistencia<\/a><br \/>\n<a href=\"https:\/\/renovasolutions.com\/portal-del-empleado\/\">RENOVA Autoservicio para empleados<\/a><br \/>\nRENOVA M\u00f3vil<\/p>\n<\/div>\n<\/div><\/div><\/div><div id=\"panel-2980-1-0-3\" class=\"so-panel widget widget_sow-editor\" data-index=\"6\" ><div class=\"panel-widget-style panel-widget-style-for-2980-1-0-3\" ><div\n\t\t\t\n\t\t\tclass=\"so-widget-sow-editor so-widget-sow-editor-base\"\n\t\t\t\n\t\t>\n<div class=\"siteorigin-widget-tinymce textwidget\">\n\t<p><a href=\"https:\/\/renovasolutions.com\/nomina\/\"><img loading=\"lazy\" decoding=\"async\" class=\"size-thumbnail wp-image-2883 alignnone\" src=\"https:\/\/renovasolutions.com\/wp-content\/uploads\/2024\/09\/nomina.svg\" alt=\"\" width=\"60\" height=\"60\" \/><\/a> <a href=\"https:\/\/renovasolutions.com\/tiempo-y-asistencia\/\"><img loading=\"lazy\" decoding=\"async\" class=\"size-thumbnail wp-image-2883 alignnone\" src=\"https:\/\/renovasolutions.com\/wp-content\/uploads\/2024\/09\/teimpo-asistencia.svg\" alt=\"\" width=\"60\" height=\"60\" \/><\/a>\u00a0<a href=\"https:\/\/renovasolutions.com\/portal-del-empleado\/\"><img loading=\"lazy\" decoding=\"async\" class=\"size-thumbnail wp-image-2883 alignnone\" src=\"https:\/\/renovasolutions.com\/wp-content\/uploads\/2024\/09\/portal-empleado.svg\" alt=\"\" width=\"60\" height=\"60\" data-wp-editing=\"1\" \/><\/a><\/p>\n<\/div>\n<\/div><\/div><\/div><div id=\"panel-2980-1-0-4\" class=\"widget_text so-panel widget widget_custom_html\" data-index=\"7\" ><div class=\"textwidget custom-html-widget\"><hr \/><\/div><\/div><div id=\"panel-2980-1-0-5\" class=\"so-panel widget widget_sow-editor\" data-index=\"8\" ><div class=\"panel-widget-style panel-widget-style-for-2980-1-0-5\" ><div\n\t\t\t\n\t\t\tclass=\"so-widget-sow-editor so-widget-sow-editor-base\"\n\t\t\t\n\t\t>\n<div class=\"siteorigin-widget-tinymce textwidget\">\n\t<p><strong>LOS RESULTADOS:<\/strong><\/p>\n<ol>\n<li>M\u00e1ximo control de las operaciones y procesos de RRHH.<\/li>\n<li>Reducci\u00f3n de las necesidades de formaci\u00f3n gracias a su dise\u00f1o intuitivo y a la facilidad de uso de la plataforma.<\/li>\n<li>Mejora del proceso de evaluaci\u00f3n en ambos extremos: direcci\u00f3n y empleados.<\/li>\n<li>Aumento de los niveles de confianza de los usuarios con pantallas de correcciones de fichaje sencillas.<\/li>\n<li>Acceso a todas las funcionalidades necesarias a precios razonables.<\/li>\n<li>Flexibilidad para aprobar la n\u00f3mina y realizar otras tareas de forma remota.<\/li>\n<\/ol>\n<\/div>\n<\/div><\/div><\/div><div id=\"panel-2980-1-0-6\" class=\"so-panel widget widget_sow-button panel-last-child\" data-index=\"9\" ><div class=\"panel-widget-style panel-widget-style-for-2980-1-0-6\" ><div\n\t\t\t\n\t\t\tclass=\"so-widget-sow-button so-widget-sow-button-flat-36a95736f6c2-2980\"\n\t\t\t\n\t\t><div class=\"ow-button-base ow-button-align-left\"\n>\n\t\t\t<a\n\t\t\t\t\thref=\"https:\/\/renovasolutions.com\/wp-content\/uploads\/pdf\/NEW-RENOVA-Solutions-One%20Pager-Case%20Study-Econo.pdf\"\n\t\t\t\t\tclass=\"sowb-button ow-icon-placement-left ow-button-hover\" \t>\n\t\t<span>\n\t\t\t\n\t\t\tDescargar Estudio de Caso\t\t<\/span>\n\t\t\t<\/a>\n\t<\/div>\n<\/div><\/div><\/div><\/div><\/div><div id=\"pgc-2980-1-1\"  class=\"panel-grid-cell\" ><div id=\"panel-2980-1-1-0\" class=\"so-panel widget widget_sow-editor panel-first-child\" data-index=\"10\" ><div class=\"panel-widget-style panel-widget-style-for-2980-1-1-0\" ><div\n\t\t\t\n\t\t\tclass=\"so-widget-sow-editor so-widget-sow-editor-base\"\n\t\t\t\n\t\t>\n<div class=\"siteorigin-widget-tinymce textwidget\">\n\t<h3>El reto<\/h3>\n<p>Pertenecer a una de las cadenas de supermercados l\u00edderes en Puerto Rico con cinco tiendas es un excelente logro empresarial. Supone un reto inmenso que los fundadores Juan Agosto- Aponte y Efigenio Rivera nunca imaginaron cuando adquirieron su primer supermercado. Su consejero delegado, Juan Carlos Agosto, es quien ha afrontado los retos vinculados al crecimiento de la compa\u00f1\u00eda desde que asumi\u00f3 el cargo en 2011.<\/p>\n<p>Establecer una estructura de gesti\u00f3n m\u00e1s s\u00f3lida e integrar todas las operaciones de las tiendas han sido los proyectos que, hasta ahora, han requerido toda su atenci\u00f3n. Agosto resume las razones para hacer de la integraci\u00f3n uno de sus proyectos esenciales al declarar que \"el impacto de tener un sistema no integrado afecta las medidas de productividad y rendimiento, causando un efecto perjudicial en nuestra operaci\u00f3n. Necesito tener todos los datos y m\u00e9tricas integrados para medir la eficiencia y verla en mi cuenta de resultados\".<\/p>\n<\/div>\n<\/div><\/div><\/div><div id=\"panel-2980-1-1-1\" class=\"so-panel widget widget_sow-editor\" data-index=\"11\" ><div\n\t\t\t\n\t\t\tclass=\"so-widget-sow-editor so-widget-sow-editor-base\"\n\t\t\t\n\t\t>\n<div class=\"siteorigin-widget-tinymce textwidget\">\n\t<h3>Necesidades del negocio<\/h3>\n<p>Cuando el 50% de los costos est\u00e1n relacionados con el personal, se debe contar con soluciones que permitan acceder a los datos de forma organizada, y cuya integraci\u00f3n con otras plataformas de negocio sea transparente.<\/p>\n<p>En busca de soluciones, Store Management System prob\u00f3 varias opciones e incluso desarroll\u00f3 su plataforma, pero funcion\u00f3 durante dos a\u00f1os de manera limitada. Uno de sus mayores desaf\u00edos fue el cambio de horario cuando un empleado comenz\u00f3 a trabajar en el turno de noche y se fue por la ma\u00f1ana. \"Esta intersecci\u00f3n de horarios arruin\u00f3 los informes de productividad. No pod\u00edamos permitirnos el lujo de tener una falta de coordinaci\u00f3n dentro de las funciones de recursos humanos; necesit\u00e1bamos que la informaci\u00f3n ingresara a trav\u00e9s de un solo punto y fluyera desde el empleo hasta el tiempo y la asistencia, la n\u00f3mina y todas las dem\u00e1s funciones sin duplicaciones ni c\u00e1lculos incorrectos. Necesit\u00e1bamos soluciones y personal de apoyo con la flexibilidad de poder entender las necesidades estrat\u00e9gicas del negocio, no solo su tecnolog\u00eda\".<\/p>\n<\/div>\n<\/div><\/div><div id=\"panel-2980-1-1-2\" class=\"so-panel widget widget_sow-editor\" data-index=\"12\" ><div\n\t\t\t\n\t\t\tclass=\"so-widget-sow-editor so-widget-sow-editor-base\"\n\t\t\t\n\t\t>\n<div class=\"siteorigin-widget-tinymce textwidget\">\n\t<h3>El proceso<\/h3>\n<p>\"Desde la primera reuni\u00f3n, me demostraron que entend\u00edan nuestras necesidades y urgencias. Tienen un proceso de implementaci\u00f3n simple y estructurado, y su equipo de expertos lo convirti\u00f3 en un proceso fluido y sin estr\u00e9s\". Otra ventaja se\u00f1alada por Cruz es que el proceso de implementaci\u00f3n no fue una distracci\u00f3n de las operaciones normales.<\/p>\n<\/div>\n<\/div><\/div><div id=\"panel-2980-1-1-3\" class=\"so-panel widget widget_sow-editor panel-last-child\" data-index=\"13\" ><div\n\t\t\t\n\t\t\tclass=\"so-widget-sow-editor so-widget-sow-editor-base\"\n\t\t\t\n\t\t>\n<div class=\"siteorigin-widget-tinymce textwidget\">\n\t<h3>Impacto empresarial<\/h3>\n<p>Algunas de las caracter\u00edsticas que se obtienen a trav\u00e9s de estas soluciones incluyen un \u00fanico punto de entrada de datos, un repositorio de transacciones de alta disponibilidad, acceso a un portal web para los empleados y acceso a trav\u00e9s de dispositivos m\u00f3viles o tel\u00e9fonos inteligentes.<\/p>\n<\/div>\n<\/div><\/div><\/div><\/div><\/div><\/div><div id=\"pg-2980-2\"  class=\"panel-grid panel-has-style\" ><div class=\"siteorigin-panels-stretch panel-row-style panel-row-style-for-2980-2\" data-stretch-type=\"full\" ><div class=\"so-panels-full-wrapper\" ><div id=\"pgc-2980-2-0\"  class=\"panel-grid-cell panel-grid-cell-empty\" ><\/div><div id=\"pgc-2980-2-1\"  class=\"panel-grid-cell panel-grid-cell-mobile-last\" ><div id=\"panel-2980-2-1-0\" class=\"so-panel widget widget_sow-editor panel-first-child\" data-index=\"14\" ><div class=\"panel-widget-style panel-widget-style-for-2980-2-1-0\" ><div\n\t\t\t\n\t\t\tclass=\"so-widget-sow-editor so-widget-sow-editor-base\"\n\t\t\t\n\t\t>\n<div class=\"siteorigin-widget-tinymce textwidget\">\n\t<h1 style=\"text-align: center;\"><span style=\"color: #ffffff;\"><strong>Nuestro valor comercial y experiencia reconocida por nuestros clientes.<\/strong><\/span><\/h1>\n<\/div>\n<\/div><\/div><\/div><div id=\"panel-2980-2-1-1\" class=\"so-panel widget widget_sow-button-grid panel-last-child\" data-index=\"15\" ><div class=\"panel-widget-style panel-widget-style-for-2980-2-1-1\" ><div\n\t\t\t\n\t\t\tclass=\"so-widget-sow-button-grid so-widget-sow-button-grid-default-30211081be0b-2980\"\n\t\t\t\n\t\t>\t<div class=\"sow-buttons-grid\">\n\t\t<div\n\t\t\t\n\t\t\tclass=\"so-widget-sow-button so-widget-sow-button-flat-171d3b5364a2\"\n\t\t\t\n\t\t><div class=\"ow-button-base ow-button-align-center\"\n>\n\t\t\t<a\n\t\t\t\t\thref=\"https:\/\/renovasolutions.com\/es\/estudios-de-caso\/\"\n\t\t\t\t\tclass=\"sowb-button ow-icon-placement-left ow-button-hover\" \t>\n\t\t<span>\n\t\t\t\n\t\t\tEstudios de caso\t\t<\/span>\n\t\t\t<\/a>\n\t<\/div>\n<\/div><div\n\t\t\t\n\t\t\tclass=\"so-widget-sow-button so-widget-sow-button-wire-af901ecd6ecc\"\n\t\t\t\n\t\t><div class=\"ow-button-base ow-button-align-center\"\n>\n\t\t\t<a\n\t\t\t\t\thref=\"https:\/\/renovasolutions.com\/es\/contactar\/\"\n\t\t\t\t\tclass=\"sowb-button ow-icon-placement-left ow-button-hover\" \t>\n\t\t<span>\n\t\t\t\n\t\t\tSolicita reuini\u00f3n\t\t<\/span>\n\t\t\t<\/a>\n\t<\/div>\n<\/div>\t<\/div>\n\t<\/div><\/div><\/div><\/div><div id=\"pgc-2980-2-2\"  class=\"panel-grid-cell panel-grid-cell-empty\" ><\/div><\/div><\/div><\/div><\/div>","protected":false},"excerpt":{"rendered":"<p>Store Management System, LLC es el propietario-operador de cinco Supermercados Econo, con tiendas en Humacao, Comer\u00edo, Naranjito, Barranquitas y Naguabo. La empresa inici\u00f3 operaciones con un supermercado en Caguas en 1987 y, despu\u00e9s de tres d\u00e9cadas, cuenta con alrededor de 730 empleados. OBJETIVOS: Integrar el sistema de n\u00f3mina a otras soluciones existentes. Ofrecer visibilidad de [&hellip;]<\/p>\n","protected":false},"author":6,"featured_media":0,"parent":0,"menu_order":0,"comment_status":"closed","ping_status":"closed","template":"","meta":{"inline_featured_image":false,"footnotes":""},"class_list":["post-2980","page","type-page","status-publish","hentry","post"],"_links":{"self":[{"href":"https:\/\/renovasolutions.com\/es\/wp-json\/wp\/v2\/pages\/2980","targetHints":{"allow":["GET"]}}],"collection":[{"href":"https:\/\/renovasolutions.com\/es\/wp-json\/wp\/v2\/pages"}],"about":[{"href":"https:\/\/renovasolutions.com\/es\/wp-json\/wp\/v2\/types\/page"}],"author":[{"embeddable":true,"href":"https:\/\/renovasolutions.com\/es\/wp-json\/wp\/v2\/users\/6"}],"replies":[{"embeddable":true,"href":"https:\/\/renovasolutions.com\/es\/wp-json\/wp\/v2\/comments?post=2980"}],"version-history":[{"count":13,"href":"https:\/\/renovasolutions.com\/es\/wp-json\/wp\/v2\/pages\/2980\/revisions"}],"predecessor-version":[{"id":4604,"href":"https:\/\/renovasolutions.com\/es\/wp-json\/wp\/v2\/pages\/2980\/revisions\/4604"}],"wp:attachment":[{"href":"https:\/\/renovasolutions.com\/es\/wp-json\/wp\/v2\/media?parent=2980"}],"curies":[{"name":"wp","href":"https:\/\/api.w.org\/{rel}","templated":true}]}}