{"id":2769,"date":"2024-09-15T21:25:19","date_gmt":"2024-09-16T01:25:19","guid":{"rendered":"https:\/\/newrenova.artemediapr.com\/?page_id=2769"},"modified":"2025-01-14T09:03:40","modified_gmt":"2025-01-14T13:03:40","slug":"tiempo-de-respuesta-y-vacaciones","status":"publish","type":"page","link":"https:\/\/renovasolutions.com\/es\/tiempo-de-respuesta-y-vacaciones\/","title":{"rendered":"Tiempo de respuesta y vacaciones"},"content":{"rendered":"<div id=\"pl-2769\"  class=\"panel-layout\" ><div id=\"pg-2769-0\"  class=\"panel-grid panel-has-style\" ><div class=\"siteorigin-panels-stretch panel-row-style panel-row-style-for-2769-0\" data-stretch-type=\"full\" ><div class=\"so-panels-full-wrapper\" ><div id=\"pgc-2769-0-0\"  class=\"panel-grid-cell panel-grid-cell-empty\" ><\/div><div id=\"pgc-2769-0-1\"  class=\"panel-grid-cell panel-grid-cell-mobile-last\" ><div id=\"panel-2769-0-1-0\" class=\"so-panel widget widget_sow-editor panel-first-child\" data-index=\"0\" ><div\n\t\t\t\n\t\t\tclass=\"so-widget-sow-editor so-widget-sow-editor-base\"\n\t\t\t\n\t\t>\n<div class=\"siteorigin-widget-tinymce textwidget\">\n\t<h2 style=\"text-align: center;\">TIEMPO DE RESPUESTA Y DIAS FERIADOS<\/h2>\n<\/div>\n<\/div><\/div><div id=\"panel-2769-0-1-1\" class=\"so-panel widget widget_sow-editor panel-last-child\" data-index=\"1\" ><div class=\"panel-widget-style panel-widget-style-for-2769-0-1-1\" ><div\n\t\t\t\n\t\t\tclass=\"so-widget-sow-editor so-widget-sow-editor-base\"\n\t\t\t\n\t\t>\n<div class=\"siteorigin-widget-tinymce textwidget\">\n\t<p style=\"text-align: center;\"><span style=\"color: #e3530f;\">Como referencia para el tiempo de respuesta, compartimos c\u00f3mo se clasifican los incidentes por gravedad y las vacaciones de este a\u00f1o.<\/span><\/p>\n<\/div>\n<\/div><\/div><\/div><\/div><div id=\"pgc-2769-0-2\"  class=\"panel-grid-cell panel-grid-cell-empty\" ><\/div><\/div><\/div><\/div><div id=\"pg-2769-1\"  class=\"panel-grid panel-has-style\" ><div class=\"siteorigin-panels-stretch panel-row-style panel-row-style-for-2769-1\" data-stretch-type=\"full\" ><div class=\"so-panels-full-wrapper\" ><div id=\"pgc-2769-1-0\"  class=\"panel-grid-cell\" ><div class=\"so-rounded panel-cell-style panel-cell-style-for-2769-1-0\" ><div id=\"panel-2769-1-0-0\" class=\"so-panel widget widget_sow-editor panel-first-child panel-last-child\" data-index=\"2\" ><div\n\t\t\t\n\t\t\tclass=\"so-widget-sow-editor so-widget-sow-editor-base\"\n\t\t\t\n\t\t>\n<div class=\"siteorigin-widget-tinymce textwidget\">\n\t<p><div class=\"gca-column one-third first\"><strong><span style=\"color: #e3530f;\">Tipo de caso:<\/span><\/strong><\/div> <div class=\"gca-column two-thirds\"><strong>CR\u00cdTICO<\/strong><\/div><\/p>\n<p><div class=\"gca-column one-third first\"><strong><span style=\"color: #e3530f;\">Definici\u00f3n:<\/span><\/strong><\/div> <div class=\"gca-column two-thirds\">Un problema cr\u00edtico es cuando un componente de software cr\u00edtico para el negocio no funciona o no funciona el software de n\u00f3mina o el software de control de asistencia no puede procesar ninguna transacci\u00f3n. En estos eventos, el sistema est\u00e1 completamente ca\u00eddo.<\/div><\/p>\n<p><div class=\"gca-column one-third first\"><strong><span style=\"color: #e3530f;\">Respuesta:<\/span><\/strong><\/div> <div class=\"gca-column two-thirds\"><span style=\"font-size: 14pt;\"><strong><span style=\"color: #e3530f;\">4 HORAS<\/span><\/strong><\/span><\/div><\/p>\n<\/div>\n<\/div><\/div><\/div><\/div><\/div><\/div><\/div><div id=\"pg-2769-2\"  class=\"panel-grid panel-has-style\" ><div class=\"siteorigin-panels-stretch panel-row-style panel-row-style-for-2769-2\" data-stretch-type=\"full\" ><div class=\"so-panels-full-wrapper\" ><div id=\"pgc-2769-2-0\"  class=\"panel-grid-cell\" ><div class=\"so-rounded panel-cell-style panel-cell-style-for-2769-2-0\" ><div id=\"panel-2769-2-0-0\" class=\"so-panel widget widget_sow-editor panel-first-child panel-last-child\" data-index=\"3\" ><div\n\t\t\t\n\t\t\tclass=\"so-widget-sow-editor so-widget-sow-editor-base\"\n\t\t\t\n\t\t>\n<div class=\"siteorigin-widget-tinymce textwidget\">\n\t<p><div class=\"gca-column one-third first\"><strong><span style=\"color: #e3530f;\">Tipo de caso:<\/span><\/strong><\/div> <div class=\"gca-column two-thirds\"><strong>ALTO<\/strong><\/div><\/p>\n<p><div class=\"gca-column one-third first\"><strong><span style=\"color: #e3530f;\">Definici\u00f3n:<\/span><\/strong><\/div> <div class=\"gca-column two-thirds\">Un problema de alta gravedad se refiere a eventos transaccionales en los que el cliente puede realizar algunas transacciones en su software de n\u00f3mina o de asistencia, pero experimenta problemas que le dificultan la realizaci\u00f3n de determinadas transacciones.<\/div><\/p>\n<p><div class=\"gca-column one-third first\"><strong><span style=\"color: #e3530f;\">Respuesta:<\/span><\/strong><\/div> <div class=\"gca-column two-thirds\"><span style=\"font-size: 14pt;\"><strong><span style=\"color: #e3530f;\">8 HORAS<\/span><\/strong><\/span><\/div><\/p>\n<\/div>\n<\/div><\/div><\/div><\/div><\/div><\/div><\/div><div id=\"pg-2769-3\"  class=\"panel-grid panel-has-style\" ><div class=\"siteorigin-panels-stretch panel-row-style panel-row-style-for-2769-3\" data-stretch-type=\"full\" ><div class=\"so-panels-full-wrapper\" ><div id=\"pgc-2769-3-0\"  class=\"panel-grid-cell\" ><div class=\"so-rounded panel-cell-style panel-cell-style-for-2769-3-0\" ><div id=\"panel-2769-3-0-0\" class=\"so-panel widget widget_sow-editor panel-first-child panel-last-child\" data-index=\"4\" ><div\n\t\t\t\n\t\t\tclass=\"so-widget-sow-editor so-widget-sow-editor-base\"\n\t\t\t\n\t\t>\n<div class=\"siteorigin-widget-tinymce textwidget\">\n\t<p><div class=\"gca-column one-third first\"><strong><span style=\"color: #e3530f;\">Tipo de caso:<\/span><\/strong><\/div> <div class=\"gca-column two-thirds\"><strong>MEDIO<\/strong><\/div><\/p>\n<p><div class=\"gca-column one-third first\"><strong><span style=\"color: #e3530f;\">Definici\u00f3n:<\/span><\/strong><\/div> <div class=\"gca-column two-thirds\">Un problema de gravedad media es un evento en el que el software es completamente transaccional, pero el cliente est\u00e1 experimentando un problema no transaccional o tiene una pregunta.<\/div><\/p>\n<p><div class=\"gca-column one-third first\"><strong><span style=\"color: #e3530f;\">Respuesta:<\/span><\/strong><\/div> <div class=\"gca-column two-thirds\"><span style=\"font-size: 14pt;\"><strong><span style=\"color: #e3530f;\">SIGUIENTE D\u00cdA H\u00c1BIL<\/span><\/strong><\/span><\/div><\/p>\n<\/div>\n<\/div><\/div><\/div><\/div><\/div><\/div><\/div><div id=\"pg-2769-4\"  class=\"panel-grid panel-has-style\" ><div class=\"siteorigin-panels-stretch panel-row-style panel-row-style-for-2769-4\" data-stretch-type=\"full\" ><div class=\"so-panels-full-wrapper\" ><div id=\"pgc-2769-4-0\"  class=\"panel-grid-cell\" ><div class=\"so-rounded panel-cell-style panel-cell-style-for-2769-4-0\" ><div id=\"panel-2769-4-0-0\" class=\"so-panel widget widget_sow-editor panel-first-child panel-last-child\" data-index=\"5\" ><div\n\t\t\t\n\t\t\tclass=\"so-widget-sow-editor so-widget-sow-editor-base\"\n\t\t\t\n\t\t>\n<div class=\"siteorigin-widget-tinymce textwidget\">\n\t<p><div class=\"gca-column one-third first\"><strong><span style=\"color: #e3530f;\">Tipo de caso:<\/span><\/strong><\/div> <div class=\"gca-column two-thirds\"><strong>BAJA<\/strong><\/div><\/p>\n<p><div class=\"gca-column one-third first\"><strong><span style=\"color: #e3530f;\">Definici\u00f3n:<\/span><\/strong><\/div> <div class=\"gca-column two-thirds\">Los problemas de bajo nivel son situaciones que son un tipo de preguntas m\u00e1s exploratorias.<\/div><\/p>\n<p><div class=\"gca-column one-third first\"><strong><span style=\"color: #e3530f;\">Respuesta:<\/span><\/strong><\/div> <div class=\"gca-column two-thirds\"><span style=\"font-size: 14pt;\"><strong><span style=\"color: #e3530f;\">DOS D\u00cdAS H\u00c1BILES<\/span><\/strong><\/span><\/div><\/p>\n<\/div>\n<\/div><\/div><\/div><\/div><\/div><\/div><\/div><div id=\"pg-2769-5\"  class=\"panel-grid panel-has-style\" ><div class=\"panel-row-style panel-row-style-for-2769-5\" ><div id=\"pgc-2769-5-0\"  class=\"panel-grid-cell panel-grid-cell-empty\" ><\/div><div id=\"pgc-2769-5-1\"  class=\"panel-grid-cell panel-grid-cell-mobile-last\" ><div id=\"panel-2769-5-1-0\" class=\"so-panel widget widget_sow-editor panel-first-child panel-last-child\" data-index=\"6\" ><div\n\t\t\t\n\t\t\tclass=\"so-widget-sow-editor so-widget-sow-editor-base\"\n\t\t\t\n\t\t>\n<div class=\"siteorigin-widget-tinymce textwidget\">\n\t<p style=\"text-align: center;\"><span style=\"color: #e3530f;\">Si tiene alg\u00fan problema, comun\u00edquese con el<\/span><br \/>\n<strong><span style=\"color: #e3530f;\">EQUIPO DE APOYO.<\/span><\/strong><\/p>\n<p style=\"text-align: center;\"><strong>Se ofrece apoyo t\u00e9cnico de lunes a viernes, excepto los <\/strong><strong>feriados, de 8:00 a.m. a 12:00 p.m. y 1:00 p.m. a 5:00 p.m.<\/strong><\/p>\n<p style=\"text-align: center;\"><strong>El apoyo t\u00e9cnico fuera de este horario est\u00e1 disponible por <\/strong><strong>solicitud y debe programarse con anticipaci\u00f3n.<\/strong><\/p>\n<\/div>\n<\/div><\/div><\/div><div id=\"pgc-2769-5-2\"  class=\"panel-grid-cell panel-grid-cell-empty\" ><\/div><\/div><\/div><div id=\"pg-2769-6\"  class=\"panel-grid panel-has-style\" ><div class=\"siteorigin-panels-stretch panel-row-style panel-row-style-for-2769-6\" data-stretch-type=\"full\" ><div class=\"so-panels-full-wrapper\" ><div id=\"pgc-2769-6-0\"  class=\"panel-grid-cell\" ><div id=\"panel-2769-6-0-0\" class=\"so-panel widget widget_sow-editor panel-first-child panel-last-child\" data-index=\"7\" ><div\n\t\t\t\n\t\t\tclass=\"so-widget-sow-editor so-widget-sow-editor-base\"\n\t\t\t\n\t\t>\n<div class=\"siteorigin-widget-tinymce textwidget\">\n\t\n<table id=\"tablepress-4\" class=\"tablepress tablepress-id-4\">\n<thead>\n<tr class=\"row-1\">\n\t<th class=\"column-1\">D\u00edas feriados<\/th><th class=\"column-2\">2025<\/th><th class=\"column-3\">2026<\/th><th class=\"column-4\">2027<\/th><th class=\"column-5\">Observe by<br \/>\nRENOVA Solutions<\/th><th class=\"column-6\">Observe by<br \/>\nFederal Reserve<\/th>\n<\/tr>\n<\/thead>\n<tbody>\n<tr class=\"row-2\">\n\t<td class=\"column-1\">D\u00eda de A\u00f1o Nuevo<\/td><td class=\"column-2\">enero 1<\/td><td class=\"column-3\">enero 1<\/td><td class=\"column-4\">enero 1<\/td><td class=\"column-5\">\u2714<\/td><td class=\"column-6\">\u2714<\/td>\n<\/tr>\n<tr class=\"row-3\">\n\t<td class=\"column-1\">D\u00eda de Reyes<\/td><td class=\"column-2\">enero 6<\/td><td class=\"column-3\">enero 6<\/td><td class=\"column-4\">enero 6<\/td><td class=\"column-5\">\u2714<\/td><td class=\"column-6\"><\/td>\n<\/tr>\n<tr class=\"row-4\">\n\t<td class=\"column-1\">D\u00eda de Martin Luther King Jr.<\/td><td class=\"column-2\">enero 20<\/td><td class=\"column-3\">enero 19<\/td><td class=\"column-4\">enero 18<\/td><td class=\"column-5\"><\/td><td class=\"column-6\">\u2714<\/td>\n<\/tr>\n<tr class=\"row-5\">\n\t<td class=\"column-1\">D\u00eda del Presidente<\/td><td class=\"column-2\">febrero 17<\/td><td class=\"column-3\">febrero 16<\/td><td class=\"column-4\">febrero 15<\/td><td class=\"column-5\"><\/td><td class=\"column-6\">\u2714<\/td>\n<\/tr>\n<tr class=\"row-6\">\n\t<td class=\"column-1\">Viernes Santo<\/td><td class=\"column-2\">abril 18<\/td><td class=\"column-3\">abril 3<\/td><td class=\"column-4\">marzo 26<\/td><td class=\"column-5\">\u2714<\/td><td class=\"column-6\"><\/td>\n<\/tr>\n<tr class=\"row-7\">\n\t<td class=\"column-1\">D\u00eda de la Recordaci\u00f3n <\/td><td class=\"column-2\">mayo 26<\/td><td class=\"column-3\">mayo 25<\/td><td class=\"column-4\">mayo 31<\/td><td class=\"column-5\"><\/td><td class=\"column-6\">\u2714<\/td>\n<\/tr>\n<tr class=\"row-8\">\n\t<td class=\"column-1\">D\u00eda de la Emancipaci\u00f3n<\/td><td class=\"column-2\">June 19<\/td><td class=\"column-3\">junio 19<\/td><td class=\"column-4\">junio 19<\/td><td class=\"column-5\"><\/td><td class=\"column-6\">\u2714<\/td>\n<\/tr>\n<tr class=\"row-9\">\n\t<td class=\"column-1\">D\u00eda de la Independencia<\/td><td class=\"column-2\">junio 4<\/td><td class=\"column-3\">July 4<\/td><td class=\"column-4\">July 4<\/td><td class=\"column-5\">\u2714<\/td><td class=\"column-6\">\u2714<\/td>\n<\/tr>\n<tr class=\"row-10\">\n\t<td class=\"column-1\">D\u00eda del Trabajo<\/td><td class=\"column-2\">septiembre 1<\/td><td class=\"column-3\">septiembre 7<\/td><td class=\"column-4\">septiembre 6<\/td><td class=\"column-5\">\u2714<\/td><td class=\"column-6\">\u2714<\/td>\n<\/tr>\n<tr class=\"row-11\">\n\t<td class=\"column-1\">D\u00eda de la Raza<\/td><td class=\"column-2\">octubre 13<\/td><td class=\"column-3\">octubre  12<\/td><td class=\"column-4\">octubre  11<\/td><td class=\"column-5\"><\/td><td class=\"column-6\">\u2714<\/td>\n<\/tr>\n<tr class=\"row-12\">\n\t<td class=\"column-1\">D\u00eda de los Veteranos<\/td><td class=\"column-2\">noviembre 11<\/td><td class=\"column-3\">noviembre 11*<\/td><td class=\"column-4\">noviembre 11*<\/td><td class=\"column-5\"><\/td><td class=\"column-6\">\u2714<\/td>\n<\/tr>\n<tr class=\"row-13\">\n\t<td class=\"column-1\">D\u00eda de Acci\u00f3n de Gracias<\/td><td class=\"column-2\">noviembre 27<\/td><td class=\"column-3\">noviembre 26<\/td><td class=\"column-4\">noviembre 25<\/td><td class=\"column-5\">\u2714<\/td><td class=\"column-6\">\u2714<\/td>\n<\/tr>\n<tr class=\"row-14\">\n\t<td class=\"column-1\">D\u00eda de Navidad<\/td><td class=\"column-2\">diciembre 25<\/td><td class=\"column-3\">diciembre 25<\/td><td class=\"column-4\">diciembre 25<\/td><td class=\"column-5\">\u2714<\/td><td class=\"column-6\">\u2714<\/td>\n<\/tr>\n<\/tbody>\n<\/table>\n\n<\/div>\n<\/div><\/div><\/div><\/div><\/div><\/div><\/div>","protected":false},"excerpt":{"rendered":"<p>TIEMPO DE RESPUESTA Y DIAS FERIADOS Como referencia para el tiempo de respuesta, compartimos c\u00f3mo se clasifican los incidentes por gravedad y las vacaciones de este a\u00f1o.<\/p>\n","protected":false},"author":6,"featured_media":0,"parent":0,"menu_order":0,"comment_status":"closed","ping_status":"closed","template":"","meta":{"inline_featured_image":false,"footnotes":""},"class_list":["post-2769","page","type-page","status-publish","hentry","post"],"_links":{"self":[{"href":"https:\/\/renovasolutions.com\/es\/wp-json\/wp\/v2\/pages\/2769","targetHints":{"allow":["GET"]}}],"collection":[{"href":"https:\/\/renovasolutions.com\/es\/wp-json\/wp\/v2\/pages"}],"about":[{"href":"https:\/\/renovasolutions.com\/es\/wp-json\/wp\/v2\/types\/page"}],"author":[{"embeddable":true,"href":"https:\/\/renovasolutions.com\/es\/wp-json\/wp\/v2\/users\/6"}],"replies":[{"embeddable":true,"href":"https:\/\/renovasolutions.com\/es\/wp-json\/wp\/v2\/comments?post=2769"}],"version-history":[{"count":174,"href":"https:\/\/renovasolutions.com\/es\/wp-json\/wp\/v2\/pages\/2769\/revisions"}],"predecessor-version":[{"id":4210,"href":"https:\/\/renovasolutions.com\/es\/wp-json\/wp\/v2\/pages\/2769\/revisions\/4210"}],"wp:attachment":[{"href":"https:\/\/renovasolutions.com\/es\/wp-json\/wp\/v2\/media?parent=2769"}],"curies":[{"name":"wp","href":"https:\/\/api.w.org\/{rel}","templated":true}]}}