{"id":2751,"date":"2024-09-15T00:01:17","date_gmt":"2024-09-15T04:01:17","guid":{"rendered":"https:\/\/newrenova.artemediapr.com\/?page_id=2751"},"modified":"2025-02-19T08:06:39","modified_gmt":"2025-02-19T12:06:39","slug":"sizzler-restaurant","status":"publish","type":"page","link":"https:\/\/renovasolutions.com\/es\/sizzler-restaurant\/","title":{"rendered":"Sizzler Restaurant"},"content":{"rendered":"<div id=\"pl-2751\"  class=\"panel-layout\" ><div id=\"pg-2751-0\"  class=\"panel-grid panel-has-style\" ><div class=\"siteorigin-panels-stretch panel-row-style panel-row-style-for-2751-0\" data-stretch-type=\"full\" ><div class=\"so-panels-full-wrapper\" ><div id=\"pgc-2751-0-0\"  class=\"panel-grid-cell\" ><div id=\"panel-2751-0-0-0\" class=\"so-panel widget widget_sow-editor panel-first-child\" data-index=\"0\" ><div\n\t\t\t\n\t\t\tclass=\"so-widget-sow-editor so-widget-sow-editor-base\"\n\t\t\t\n\t\t>\n<div class=\"siteorigin-widget-tinymce textwidget\">\n\t<p><img loading=\"lazy\" decoding=\"async\" class=\"aligncenter size-full wp-image-2756\" src=\"https:\/\/renovasolutions.com\/wp-content\/uploads\/2024\/09\/sizzler.jpg\" alt=\"\" width=\"402\" height=\"78\" srcset=\"https:\/\/renovasolutions.com\/wp-content\/uploads\/2024\/09\/sizzler.jpg 402w, https:\/\/renovasolutions.com\/wp-content\/uploads\/2024\/09\/sizzler-300x58.jpg 300w\" sizes=\"auto, (max-width: 402px) 100vw, 402px\" \/><\/p>\n<\/div>\n<\/div><\/div><div id=\"panel-2751-0-0-1\" class=\"so-panel widget widget_sow-editor\" data-index=\"1\" ><div\n\t\t\t\n\t\t\tclass=\"so-widget-sow-editor so-widget-sow-editor-base\"\n\t\t\t\n\t\t>\n<div class=\"siteorigin-widget-tinymce textwidget\">\n\t<p style=\"text-align: center;\">La franquicia del restaurante Sizzler fue fundada en 1958 por Del y Helen Johnson en Culver City, California. Fue el pionero del concepto de restaurante informal r\u00e1pido \"paga primero\". Fundada en 1990, MultiSystems Restaurants, Inc. adquiri\u00f3 el \u00fanico restaurante Sizzler existente en Puerto Rico, y despu\u00e9s de una extensa remodelaci\u00f3n, el restaurante abri\u00f3 sus puertas al p\u00fablico el 14 de febrero de 1991, bajo su administraci\u00f3n. Actualmente, la compa\u00f1\u00eda posee y opera trece establecimientos de restaurantes Sizzler en todo Puerto Rico.<\/p>\n<p style=\"text-align: center;\">Restaurants Operators, Inc. (ROI) fue fundada en 1996 y abri\u00f3 la primera tienda de Longhorn Steakhouse en la ciudad de Bayam\u00f3n en 1998. Actualmente cuenta con siete tiendas. El primer Olive Garden en Puerto Rico abri\u00f3 sus puertas en junio de 2014 con planes de operar ocho ubicaciones en toda la Isla. Actualmente, ambas compa\u00f1\u00edas emplean aproximadamente 2,000 trabajadores en todo Puerto Rico, adem\u00e1s de su operaci\u00f3n principal en San Juan, Puerto Rico.<\/p>\n<\/div>\n<\/div><\/div><div id=\"panel-2751-0-0-2\" class=\"so-panel widget widget_sow-editor panel-last-child\" data-index=\"2\" ><div\n\t\t\t\n\t\t\tclass=\"so-widget-sow-editor so-widget-sow-editor-base\"\n\t\t\t\n\t\t>\n<div class=\"siteorigin-widget-tinymce textwidget\">\n\t<p><img loading=\"lazy\" decoding=\"async\" class=\" foto2 aligncenter wp-image-2755 \" src=\"https:\/\/renovasolutions.com\/wp-content\/uploads\/2024\/09\/olive-garden-1.jpg\" alt=\"\" width=\"737\" height=\"361\" \/><\/p>\n<\/div>\n<\/div><\/div><\/div><\/div><\/div><\/div><div id=\"pg-2751-1\"  class=\"panel-grid panel-has-style\" ><div class=\"siteorigin-panels-stretch panel-row-style panel-row-style-for-2751-1\" data-stretch-type=\"full\" ><div class=\"so-panels-full-wrapper\" ><div id=\"pgc-2751-1-0\"  class=\"panel-grid-cell\" ><div class=\"so-rounded panel-cell-style panel-cell-style-for-2751-1-0\" ><div id=\"panel-2751-1-0-0\" class=\"so-panel widget widget_sow-editor panel-first-child\" data-index=\"3\" ><div class=\"panel-widget-style panel-widget-style-for-2751-1-0-0\" ><div\n\t\t\t\n\t\t\tclass=\"so-widget-sow-editor so-widget-sow-editor-base\"\n\t\t\t\n\t\t>\n<div class=\"siteorigin-widget-tinymce textwidget\">\n\t<p><strong>OBJECTIVOS:<\/strong><\/p>\n<ol>\n<li>Reemplazar el actual sistema heredado de recursos humanos por una plataforma tecnol\u00f3gicamente actualizada y una soluci\u00f3n m\u00e1s robusta para lograr una mayor eficiencia en la administraci\u00f3n de recursos humanos, al tiempo que les permite atender de manera eficiente una expansi\u00f3n que duplicar\u00e1 su presencia en el mercado de Puerto Rico.<\/li>\n<li>La soluci\u00f3n adoptada debe integrarse con el sistema de punto de venta (POS) de Aloha.<\/li>\n<\/ol>\n<\/div>\n<\/div><\/div><\/div><div id=\"panel-2751-1-0-1\" class=\"widget_text so-panel widget widget_custom_html\" data-index=\"4\" ><div class=\"textwidget custom-html-widget\"><hr \/><\/div><\/div><div id=\"panel-2751-1-0-2\" class=\"so-panel widget widget_sow-editor\" data-index=\"5\" ><div class=\"panel-widget-style panel-widget-style-for-2751-1-0-2\" ><div\n\t\t\t\n\t\t\tclass=\"so-widget-sow-editor so-widget-sow-editor-base\"\n\t\t\t\n\t\t>\n<div class=\"siteorigin-widget-tinymce textwidget\">\n\t<p><span style=\"color: #e3530f;\"><strong>SOLUCI\u00d3N:<\/strong><\/span><\/p>\n<p>Cambiar HR-Sense a RENOVA HCM, lo que permitir\u00e1 lograr un nivel mucho mayor de comunicaci\u00f3n entre empresas y aumentar la satisfacci\u00f3n de los empleados, as\u00ed como facilitar una elaboraci\u00f3n de informes y una planificaci\u00f3n m\u00e1s completos.<\/p>\n<\/div>\n<\/div><\/div><\/div><div id=\"panel-2751-1-0-3\" class=\"so-panel widget widget_sow-editor\" data-index=\"6\" ><div class=\"panel-widget-style panel-widget-style-for-2751-1-0-3\" ><div\n\t\t\t\n\t\t\tclass=\"so-widget-sow-editor so-widget-sow-editor-base\"\n\t\t\t\n\t\t>\n<div class=\"siteorigin-widget-tinymce textwidget\">\n\t<p><a href=\"https:\/\/renovasolutions.com\/nomina\/\"><img loading=\"lazy\" decoding=\"async\" class=\"size-thumbnail wp-image-2883 alignnone\" src=\"https:\/\/renovasolutions.com\/wp-content\/uploads\/2024\/09\/nomina.svg\" alt=\"\" width=\"60\" height=\"60\" \/><\/a>\u00a0<a href=\"https:\/\/renovasolutions.com\/suite-de-recursos-humanos\/\"><img loading=\"lazy\" decoding=\"async\" class=\"size-thumbnail wp-image-2883 alignnone\" src=\"https:\/\/renovasolutions.com\/wp-content\/uploads\/2024\/09\/srh.svg\" alt=\"\" width=\"60\" height=\"60\" \/><\/a>\u00a0<a href=\"https:\/\/renovasolutions.com\/tiempo-y-asistencia\/\"><img loading=\"lazy\" decoding=\"async\" class=\"size-thumbnail wp-image-2883 alignnone\" src=\"https:\/\/renovasolutions.com\/wp-content\/uploads\/2024\/09\/teimpo-asistencia.svg\" alt=\"\" width=\"60\" height=\"60\" \/><\/a>\u00a0<a href=\"https:\/\/renovasolutions.com\/portal-del-empleado\/\"><img loading=\"lazy\" decoding=\"async\" class=\"size-thumbnail wp-image-2883 alignnone\" src=\"https:\/\/renovasolutions.com\/wp-content\/uploads\/2024\/09\/portal-empleado.svg\" alt=\"\" width=\"60\" height=\"60\" data-wp-editing=\"1\" \/><\/a><\/p>\n<\/div>\n<\/div><\/div><\/div><div id=\"panel-2751-1-0-6\" class=\"so-panel widget widget_sow-button panel-last-child\" data-index=\"9\" ><div class=\"panel-widget-style panel-widget-style-for-2751-1-0-6\" ><div\n\t\t\t\n\t\t\tclass=\"so-widget-sow-button so-widget-sow-button-flat-007079c88417-2751\"\n\t\t\t\n\t\t><div class=\"ow-button-base ow-button-align-left\"\n>\n\t\t\t<a\n\t\t\t\t\thref=\"https:\/\/renovasolutions.com\/wp-content\/uploads\/pdf\/NEW-RENOVA-Solutions-One%20Pager-Case%20Study-Sizzler.pdf\"\n\t\t\t\t\tclass=\"sowb-button ow-icon-placement-left ow-button-hover\" \t>\n\t\t<span>\n\t\t\t\n\t\t\tDescargar Estudio de Caso\t\t<\/span>\n\t\t\t<\/a>\n\t<\/div>\n<\/div><\/div><\/div><\/div><\/div><div id=\"pgc-2751-1-1\"  class=\"panel-grid-cell\" ><div id=\"panel-2751-1-1-0\" class=\"so-panel widget widget_sow-editor panel-first-child\" data-index=\"10\" ><div class=\"panel-widget-style panel-widget-style-for-2751-1-1-0\" ><div\n\t\t\t\n\t\t\tclass=\"so-widget-sow-editor so-widget-sow-editor-base\"\n\t\t\t\n\t\t>\n<div class=\"siteorigin-widget-tinymce textwidget\">\n\t<h3>El Reto<\/h3>\n<p>MultiSystems y ROI han utilizado HR-Sense desde 2003. Sus ejecutivos reconocieron la necesidad de migrar a una soluci\u00f3n mejorada que proporcionar\u00eda la mejor funcionalidad y escalabilidad para respaldar el crecimiento del negocio y tiene la capacidad de integrarse con su sistema POS.<\/p>\n<p>Su personal trabaja bajo una variedad de arreglos de lugar de trabajo, por lo que es esencial que su sistema de n\u00f3mina fuera confiable, intuitivo y pueda configurarse f\u00e1cilmente seg\u00fan las necesidades cambiantes.<\/p>\n<p>La administraci\u00f3n de la diversidad de las reglas de pago, las propinas y los diferentes requisitos legales para la industria de los restaurantes, ha sido tradicionalmente un reto dif\u00edcil para el personal de n\u00f3mina. Se acord\u00f3 internamente que una \u00fanica soluci\u00f3n configurable capaz de integrarse con el Punto de Venta de Aloha, con funcionalidades espec\u00edficas para apoyar la n\u00f3mina de ambas compa\u00f1\u00edas, erradicar\u00eda este tipo de problemas y contribuir\u00eda a lograr mayores eficiencias. El otro reto era manejar el crecimiento proyectado de empleados, de acuerdo con su plan de expansi\u00f3n empresarial en Puerto Rico, con el mismo personal del departamento de recursos humanos, y que sus tiempos de procesamiento de n\u00f3mina no se vieran afectados negativamente.<\/p>\n<p>Ambas empresas tambi\u00e9n estaban empezando a pensar en c\u00f3mo sus sistemas de n\u00f3mina podr\u00edan integrarse con la funci\u00f3n general de RRHH de la organizaci\u00f3n. \"Sentimos que era el momento adecuado para pasar de nuestro sistema de n\u00f3mina heredado a algo m\u00e1s alineado con nuestra plataforma tecnol\u00f3gica general, capaz de lograr eficiencias en nuestra proyecci\u00f3n de crecimiento\", dijo Carlos Trigo, presidente de MultiSystems Restaurants.<\/p>\n<\/div>\n<\/div><\/div><\/div><div id=\"panel-2751-1-1-1\" class=\"so-panel widget widget_sow-editor panel-last-child\" data-index=\"11\" ><div\n\t\t\t\n\t\t\tclass=\"so-widget-sow-editor so-widget-sow-editor-base\"\n\t\t\t\n\t\t>\n<div class=\"siteorigin-widget-tinymce textwidget\">\n\t<h3>Funcionalidad mejorada y convergente<\/h3>\n<p>Con el aumento de las presiones de costos en las organizaciones debido a la condici\u00f3n econ\u00f3mica, las organizaciones requieren inversiones administrativas cuantificadas. Para cumplir con estos desaf\u00edos, las organizaciones ahora tienen la tarea de encontrar soluciones m\u00e1s rentables, flexibles y simples para una fuerza laboral diversa y dispar.<\/p>\n<p>Con el tiempo, esto ejerci\u00f3 una presi\u00f3n significativa sobre sus operaciones de n\u00f3mina y recursos humanos, particularmente cuando requiere que los gerentes de los restaurantes se mantengan atentos a una variedad de responsabilidades. MultiSystems y ROI necesitaban actualizar sus capacidades de n\u00f3mina y recursos humanos para administrar su fuerza laboral y garantizar la viabilidad futura de la organizaci\u00f3n.<\/p>\n<p>La decisi\u00f3n de migrar a RENOVA HCM fue compleja. MultiSystems y ROI ten\u00edan criterios estrictos que requer\u00edan que cumpliera el proveedor elegido. &amp;quot;La asociaci\u00f3n y el nivel de servicio con RENOVA han proporcionado a nuestra empresa una funci\u00f3n de n\u00f3mina confiable, precisa y auditable. Y esos son aspectos cr\u00edticos para lo que aporto al negocio como un conjunto de responsabilidades&amp;quot;, concluye Reyes. Los impulsores cr\u00edticos del negocio incluyen nuevos paneles y centros de trabajo que gu\u00edan a sus usuarios a trav\u00e9s de procesos complejos de una manera sencilla e intuitiva. Esto le permite ampliar a\u00fan m\u00e1s su oferta de autoservicio con el m\u00ednimo esfuerzo, a\u00f1ade Reyes.<\/p>\n<p>Los entornos de n\u00f3mina y recursos humanos est\u00e1n comenzando a converger y m\u00e1s organizaciones est\u00e1n recurriendo a soluciones que ayudar\u00e1n a que la experiencia del empleado sea m\u00e1s positiva, as\u00ed como a ayudar a los ejecutivos a mantenerse al tanto de las necesidades de su fuerza laboral.<\/p>\n<p>La n\u00f3mina es ahora una parte muy importante del rompecabezas de RRHH. Cuando se enfrentan a demandas cambiantes, ya sea en diferentes partes del negocio, diferentes partes del pa\u00eds o diferentes pa\u00edses, se espera cada vez m\u00e1s que las organizaciones puedan identificar y analizar los patrones y tendencias de la fuerza laboral, y alinearlos con las necesidades de su negocio.<\/p>\n<p>Como resultado de este cambio, MultiSystems y ROI quer\u00edan un proveedor que trabajara con ellos en una relaci\u00f3n de colaboraci\u00f3n. Estaban dispuestos a alejarse de la relaci\u00f3n tradicional entre cliente y proveedor y crear una verdadera alianza comercial basada en la confianza, la apertura y el deseo de comprender las oportunidades y los desaf\u00edos para ambos negocios.<\/p>\n<p>\"Era crucial que nos sinti\u00e9ramos c\u00f3modos siendo dirigidos por un proveedor establecido que entendiera nuestro negocio y cultura. Esto no fue solo una implementaci\u00f3n de n\u00f3mina, fue una decisi\u00f3n que iba a tener repercusiones en todo nuestro negocio\", dijo Trigo.<\/p>\n<p>\"RENOVA HCM se ha convertido en una de las herramientas m\u00e1s importantes en el funcionamiento de nuestra empresa. La soluci\u00f3n RENOVA HCM fue la m\u00e1s convincente, ya que mostraron su voluntad de trabajar con nosotros, no para nosotros. Con RENOVA HCM hemos reducido el tiempo en el proceso de n\u00f3mina, en unas 10 horas menos a la semana. Esto nos ha permitido lograr una mayor eficiencia en nuestras operaciones y alcanzar el objetivo operativo. El proceso de implementaci\u00f3n se complet\u00f3 a tiempo, y estamos muy contentos con el nivel de servicio y gesti\u00f3n del proyecto por parte del personal de RENOVA\", expres\u00f3 Reyes.<\/p>\n<p>\"Creo que es importante trabajar con personas que te gustan y respetas, y ciertamente lo tenemos con RENOVA debido a su amplio conocimiento y enfoque disciplinado. Consideramos a RENOVA una parte vital de nuestro equipo\".<\/p>\n<p>\"La elecci\u00f3n de RENOVA HCM ha sido un impulso para nuestra organizaci\u00f3n y facilitar\u00e1 una presentaci\u00f3n de informes y una planificaci\u00f3n m\u00e1s completas, lo que ser\u00e1 un beneficio en todos los niveles de la organizaci\u00f3n\".<\/p>\n<\/div>\n<\/div><\/div><\/div><\/div><\/div><\/div><div id=\"pg-2751-2\"  class=\"panel-grid panel-no-style\" ><div id=\"pgc-2751-2-0\"  class=\"panel-grid-cell\" ><div id=\"panel-2751-2-0-0\" class=\"so-panel widget widget_sow-editor panel-first-child panel-last-child\" data-index=\"12\" ><div\n\t\t\t\n\t\t\tclass=\"so-widget-sow-editor so-widget-sow-editor-base\"\n\t\t\t\n\t\t>\n<div class=\"siteorigin-widget-tinymce textwidget\">\n\t<p><img loading=\"lazy\" decoding=\"async\" class=\" foto2 aligncenter wp-image-2754\" src=\"https:\/\/renovasolutions.com\/wp-content\/uploads\/2024\/09\/sizzler1.jpg\" alt=\"\" width=\"737\" height=\"337\" srcset=\"https:\/\/renovasolutions.com\/wp-content\/uploads\/2024\/09\/sizzler1.jpg 422w, https:\/\/renovasolutions.com\/wp-content\/uploads\/2024\/09\/sizzler1-300x137.jpg 300w\" sizes=\"auto, (max-width: 737px) 100vw, 737px\" \/><\/p>\n<\/div>\n<\/div><\/div><\/div><div id=\"pgc-2751-2-1\"  class=\"panel-grid-cell\" ><div id=\"panel-2751-2-1-0\" class=\"so-panel widget widget_sow-editor panel-first-child panel-last-child\" data-index=\"13\" ><div\n\t\t\t\n\t\t\tclass=\"so-widget-sow-editor so-widget-sow-editor-base\"\n\t\t\t\n\t\t>\n<div class=\"siteorigin-widget-tinymce textwidget\">\n\t<p><img loading=\"lazy\" decoding=\"async\" class=\" foto2 aligncenter wp-image-2753\" src=\"https:\/\/renovasolutions.com\/wp-content\/uploads\/2024\/09\/long-horn.jpg\" alt=\"\" width=\"737\" height=\"343\" \/><\/p>\n<\/div>\n<\/div><\/div><\/div><\/div><div id=\"pg-2751-3\"  class=\"panel-grid panel-has-style\" ><div class=\"siteorigin-panels-stretch panel-row-style panel-row-style-for-2751-3\" data-stretch-type=\"full\" ><div class=\"so-panels-full-wrapper\" ><div id=\"pgc-2751-3-0\"  class=\"panel-grid-cell panel-grid-cell-empty\" ><\/div><div id=\"pgc-2751-3-1\"  class=\"panel-grid-cell panel-grid-cell-mobile-last\" ><div id=\"panel-2751-3-1-0\" class=\"so-panel widget widget_sow-editor panel-first-child\" data-index=\"14\" ><div class=\"panel-widget-style panel-widget-style-for-2751-3-1-0\" ><div\n\t\t\t\n\t\t\tclass=\"so-widget-sow-editor so-widget-sow-editor-base\"\n\t\t\t\n\t\t>\n<div class=\"siteorigin-widget-tinymce textwidget\">\n\t<h1 style=\"text-align: center;\"><span style=\"color: #ffffff;\"><strong>Nuestro valor comercial y experiencia reconocida por nuestros clientes.<\/strong><\/span><\/h1>\n<\/div>\n<\/div><\/div><\/div><div id=\"panel-2751-3-1-1\" class=\"so-panel widget widget_sow-button-grid panel-last-child\" data-index=\"15\" ><div class=\"panel-widget-style panel-widget-style-for-2751-3-1-1\" ><div\n\t\t\t\n\t\t\tclass=\"so-widget-sow-button-grid so-widget-sow-button-grid-default-30211081be0b-2751\"\n\t\t\t\n\t\t>\t<div class=\"sow-buttons-grid\">\n\t\t<div\n\t\t\t\n\t\t\tclass=\"so-widget-sow-button so-widget-sow-button-flat-171d3b5364a2\"\n\t\t\t\n\t\t><div class=\"ow-button-base ow-button-align-center\"\n>\n\t\t\t<a\n\t\t\t\t\thref=\"https:\/\/renovasolutions.com\/es\/estudios-de-caso\/\"\n\t\t\t\t\tclass=\"sowb-button ow-icon-placement-left ow-button-hover\" \t>\n\t\t<span>\n\t\t\t\n\t\t\tEstudios de caso\t\t<\/span>\n\t\t\t<\/a>\n\t<\/div>\n<\/div><div\n\t\t\t\n\t\t\tclass=\"so-widget-sow-button so-widget-sow-button-wire-af901ecd6ecc\"\n\t\t\t\n\t\t><div class=\"ow-button-base ow-button-align-center\"\n>\n\t\t\t<a\n\t\t\t\t\thref=\"https:\/\/renovasolutions.com\/es\/contactar\/\"\n\t\t\t\t\tclass=\"sowb-button ow-icon-placement-left ow-button-hover\" \t>\n\t\t<span>\n\t\t\t\n\t\t\tSolicita reuini\u00f3n\t\t<\/span>\n\t\t\t<\/a>\n\t<\/div>\n<\/div>\t<\/div>\n\t<\/div><\/div><\/div><\/div><div id=\"pgc-2751-3-2\"  class=\"panel-grid-cell panel-grid-cell-empty\" ><\/div><\/div><\/div><\/div><\/div>","protected":false},"excerpt":{"rendered":"<p>La franquicia del restaurante Sizzler fue fundada en 1958 por Del y Helen Johnson en Culver City, California. Fue el pionero del concepto de restaurante informal r\u00e1pido \u00abpaga primero\u00bb. Fundada en 1990, MultiSystems Restaurants, Inc. adquiri\u00f3 el \u00fanico restaurante Sizzler existente en Puerto Rico, y despu\u00e9s de una extensa remodelaci\u00f3n, el restaurante abri\u00f3 sus puertas [&hellip;]<\/p>\n","protected":false},"author":6,"featured_media":0,"parent":0,"menu_order":0,"comment_status":"closed","ping_status":"closed","template":"","meta":{"inline_featured_image":false,"footnotes":""},"class_list":["post-2751","page","type-page","status-publish","hentry","post"],"_links":{"self":[{"href":"https:\/\/renovasolutions.com\/es\/wp-json\/wp\/v2\/pages\/2751","targetHints":{"allow":["GET"]}}],"collection":[{"href":"https:\/\/renovasolutions.com\/es\/wp-json\/wp\/v2\/pages"}],"about":[{"href":"https:\/\/renovasolutions.com\/es\/wp-json\/wp\/v2\/types\/page"}],"author":[{"embeddable":true,"href":"https:\/\/renovasolutions.com\/es\/wp-json\/wp\/v2\/users\/6"}],"replies":[{"embeddable":true,"href":"https:\/\/renovasolutions.com\/es\/wp-json\/wp\/v2\/comments?post=2751"}],"version-history":[{"count":29,"href":"https:\/\/renovasolutions.com\/es\/wp-json\/wp\/v2\/pages\/2751\/revisions"}],"predecessor-version":[{"id":4605,"href":"https:\/\/renovasolutions.com\/es\/wp-json\/wp\/v2\/pages\/2751\/revisions\/4605"}],"wp:attachment":[{"href":"https:\/\/renovasolutions.com\/es\/wp-json\/wp\/v2\/media?parent=2751"}],"curies":[{"name":"wp","href":"https:\/\/api.w.org\/{rel}","templated":true}]}}