{"id":2732,"date":"2024-09-14T22:52:33","date_gmt":"2024-09-15T02:52:33","guid":{"rendered":"https:\/\/newrenova.artemediapr.com\/?page_id=2732"},"modified":"2025-02-19T08:08:17","modified_gmt":"2025-02-19T12:08:17","slug":"supermax","status":"publish","type":"page","link":"https:\/\/renovasolutions.com\/es\/supermax\/","title":{"rendered":"SuperMax"},"content":{"rendered":"<div id=\"pl-2732\"  class=\"panel-layout\" ><div id=\"pg-2732-0\"  class=\"panel-grid panel-has-style\" ><div class=\"siteorigin-panels-stretch panel-row-style panel-row-style-for-2732-0\" data-stretch-type=\"full\" ><div class=\"so-panels-full-wrapper\" ><div id=\"pgc-2732-0-0\"  class=\"panel-grid-cell\" ><div id=\"panel-2732-0-0-0\" class=\"so-panel widget widget_sow-editor panel-first-child\" data-index=\"0\" ><div\n\t\t\t\n\t\t\tclass=\"so-widget-sow-editor so-widget-sow-editor-base\"\n\t\t\t\n\t\t>\n<div class=\"siteorigin-widget-tinymce textwidget\">\n\t<p><img loading=\"lazy\" decoding=\"async\" class=\"aligncenter size-full wp-image-2733\" src=\"https:\/\/renovasolutions.com\/wp-content\/uploads\/2024\/09\/supermax-1.jpg\" alt=\"\" width=\"187\" height=\"56\" \/><\/p>\n<\/div>\n<\/div><\/div><div id=\"panel-2732-0-0-1\" class=\"so-panel widget widget_sow-editor\" data-index=\"1\" ><div\n\t\t\t\n\t\t\tclass=\"so-widget-sow-editor so-widget-sow-editor-base\"\n\t\t\t\n\t\t>\n<div class=\"siteorigin-widget-tinymce textwidget\">\n\t<p style=\"text-align: center;\">Con 17 supermercados en todo Puerto Rico, uno de ellos especializado en vinos y licores, muchos de ellos operando 24 horas al d\u00eda, la cadena de supermercados minoristas SuperMax es una empresa netamente puertorrique\u00f1a que, desde su fundaci\u00f3n en 2003, se esfuerza por cumplir su \u00fanica visi\u00f3n de dar lo mejor a su comunidad, clientes, accionistas, proveedores y socios.<\/p>\n<p style=\"text-align: center;\">Su objetivo es ofrecer a sus empleados las mejores oportunidades de crecimiento y desarrollo, crear una relaci\u00f3n familiar con sus clientes y establecer relaciones comerciales duraderas y mutuamente beneficiosas. Esto y mucho m\u00e1s ha llevado a SuperMax a un crecimiento constante, empleando a m\u00e1s de 2,000 personas. Su promesa con sus clientes, empleados y comunidades se centra en trabajar siempre para ser un mejor lugar para comprar, un mejor lugar para trabajar y un mejor vecino, todos los d\u00edas.<\/p>\n<\/div>\n<\/div><\/div><div id=\"panel-2732-0-0-2\" class=\"so-panel widget widget_sow-editor panel-last-child\" data-index=\"2\" ><div\n\t\t\t\n\t\t\tclass=\"so-widget-sow-editor so-widget-sow-editor-base\"\n\t\t\t\n\t\t>\n<div class=\"siteorigin-widget-tinymce textwidget\">\n\t<p><img loading=\"lazy\" decoding=\"async\" class=\" foto2 aligncenter wp-image-2737 size-full\" src=\"https:\/\/renovasolutions.com\/wp-content\/uploads\/2024\/09\/supermax-banner.jpg\" alt=\"\" width=\"496\" height=\"232\" srcset=\"https:\/\/renovasolutions.com\/wp-content\/uploads\/2024\/09\/supermax-banner.jpg 496w, https:\/\/renovasolutions.com\/wp-content\/uploads\/2024\/09\/supermax-banner-300x140.jpg 300w\" sizes=\"auto, (max-width: 496px) 100vw, 496px\" \/><\/p>\n<\/div>\n<\/div><\/div><\/div><\/div><\/div><\/div><div id=\"pg-2732-1\"  class=\"panel-grid panel-has-style\" ><div class=\"siteorigin-panels-stretch panel-row-style panel-row-style-for-2732-1\" data-stretch-type=\"full\" ><div class=\"so-panels-full-wrapper\" ><div id=\"pgc-2732-1-0\"  class=\"panel-grid-cell\" ><div class=\"so-rounded panel-cell-style panel-cell-style-for-2732-1-0\" ><div id=\"panel-2732-1-0-0\" class=\"so-panel widget widget_sow-editor panel-first-child\" data-index=\"3\" ><div class=\"panel-widget-style panel-widget-style-for-2732-1-0-0\" ><div\n\t\t\t\n\t\t\tclass=\"so-widget-sow-editor so-widget-sow-editor-base\"\n\t\t\t\n\t\t>\n<div class=\"siteorigin-widget-tinymce textwidget\">\n\t<p><strong>OBJETIVOS:<\/strong><\/p>\n<ol>\n<li>Implementar la nueva aplicaci\u00f3n en un corto per\u00edodo de tiempo e integrarla con SAP Business One, todo mientras mantiene el m\u00e1s alto nivel en privacidad de la informaci\u00f3n, alineado con sus valores fundamentales.<\/li>\n<li>Simplificar el proceso de recursos humanos e integrar sus procesos de HCM para impulsar mejores resultados empresariales. Adem\u00e1s, ayudara administrar su fuerza laboral, mejorar sus capacidades y hacer crecer su negocio para satisfacer sus necesidades actuales y futuras.<\/li>\n<\/ol>\n<\/div>\n<\/div><\/div><\/div><div id=\"panel-2732-1-0-1\" class=\"widget_text so-panel widget widget_custom_html\" data-index=\"4\" ><div class=\"textwidget custom-html-widget\"><hr \/><\/div><\/div><div id=\"panel-2732-1-0-2\" class=\"so-panel widget widget_sow-editor\" data-index=\"5\" ><div class=\"panel-widget-style panel-widget-style-for-2732-1-0-2\" ><div\n\t\t\t\n\t\t\tclass=\"so-widget-sow-editor so-widget-sow-editor-base\"\n\t\t\t\n\t\t>\n<div class=\"siteorigin-widget-tinymce textwidget\">\n\t<p><span style=\"color: #e3530f;\"><strong>SOLUCIONES:<\/strong><\/span><\/p>\n<p><a href=\"https:\/\/renovasolutions.com\/nomina\/\"> RENOVA N\u00f3mina<\/a><br \/>\n<a href=\"https:\/\/renovasolutions.com\/suite-de-recursos-humanos\/\">RENOVA<\/a><a href=\"https:\/\/renovasolutions.com\/suite-de-recursos-humanos\/\"> Recursos Humanos<\/a><br \/>\n<a href=\"https:\/\/renovasolutions.com\/tiempo-y-asistencia\/\">RENOVA Tiempo y Asistencia<\/a><br \/>\n<a href=\"https:\/\/renovasolutions.com\/portal-del-empleado\/\">RENOVA Autoservicio para empleados<\/a><\/p>\n<\/div>\n<\/div><\/div><\/div><div id=\"panel-2732-1-0-3\" class=\"so-panel widget widget_sow-editor\" data-index=\"6\" ><div class=\"panel-widget-style panel-widget-style-for-2732-1-0-3\" ><div\n\t\t\t\n\t\t\tclass=\"so-widget-sow-editor so-widget-sow-editor-base\"\n\t\t\t\n\t\t>\n<div class=\"siteorigin-widget-tinymce textwidget\">\n\t<p><a href=\"https:\/\/renovasolutions.com\/nomina\/\"><img loading=\"lazy\" decoding=\"async\" class=\"size-thumbnail wp-image-2883 alignnone\" src=\"https:\/\/renovasolutions.com\/wp-content\/uploads\/2024\/09\/nomina.svg\" alt=\"\" width=\"60\" height=\"60\" \/><\/a>\u00a0<a href=\"https:\/\/renovasolutions.com\/suite-de-recursos-humanos\/\"><img loading=\"lazy\" decoding=\"async\" class=\"size-thumbnail wp-image-2883 alignnone\" src=\"https:\/\/renovasolutions.com\/wp-content\/uploads\/2024\/09\/srh.svg\" alt=\"\" width=\"60\" height=\"60\" \/><\/a>\u00a0<a href=\"https:\/\/renovasolutions.com\/tiempo-y-asistencia\/\"><img loading=\"lazy\" decoding=\"async\" class=\"size-thumbnail wp-image-2883 alignnone\" src=\"https:\/\/renovasolutions.com\/wp-content\/uploads\/2024\/09\/teimpo-asistencia.svg\" alt=\"\" width=\"60\" height=\"60\" \/><\/a>\u00a0<a href=\"https:\/\/renovasolutions.com\/portal-del-empleado\/\"><img loading=\"lazy\" decoding=\"async\" class=\"size-thumbnail wp-image-2883 alignnone\" src=\"https:\/\/renovasolutions.com\/wp-content\/uploads\/2024\/09\/portal-empleado.svg\" alt=\"\" width=\"60\" height=\"60\" data-wp-editing=\"1\" \/><\/a><\/p>\n<\/div>\n<\/div><\/div><\/div><div id=\"panel-2732-1-0-4\" class=\"widget_text so-panel widget widget_custom_html\" data-index=\"7\" ><div class=\"textwidget custom-html-widget\"><hr \/><\/div><\/div><div id=\"panel-2732-1-0-5\" class=\"so-panel widget widget_sow-editor\" data-index=\"8\" ><div class=\"panel-widget-style panel-widget-style-for-2732-1-0-5\" ><div\n\t\t\t\n\t\t\tclass=\"so-widget-sow-editor so-widget-sow-editor-base\"\n\t\t\t\n\t\t>\n<div class=\"siteorigin-widget-tinymce textwidget\">\n\t<p><strong>RESULTADOS:<\/strong><\/p>\n<p>Despu\u00e9s de evaluar las herramientas disponibles en el mercado, el Sr. David Cintr\u00f3n, Director de Informaci\u00f3n de SuperMax, seleccion\u00f3 RENOVA HCM, que, a partir de una aplicaci\u00f3n web f\u00e1cil de usar, pone a disposici\u00f3n de gerentes y empleados todos los procesos inherentes a la gesti\u00f3n del capital humano.<\/p>\n<p>\u201cPueden acceder a la informaci\u00f3n desde la comodidad de sus tel\u00e9fonos celulares, desde su casa o desde cualquier lugar donde est\u00e9n, lo que nos brinda no solo productividad, sino tambi\u00e9n rentabilidad\", dijo el Sr. Cintr\u00f3n.<\/p>\n<p>&nbsp;<\/p>\n<\/div>\n<\/div><\/div><\/div><div id=\"panel-2732-1-0-6\" class=\"so-panel widget widget_sow-button panel-last-child\" data-index=\"9\" ><div class=\"panel-widget-style panel-widget-style-for-2732-1-0-6\" ><div\n\t\t\t\n\t\t\tclass=\"so-widget-sow-button so-widget-sow-button-flat-007079c88417-2732\"\n\t\t\t\n\t\t><div class=\"ow-button-base ow-button-align-left\"\n>\n\t\t\t<a\n\t\t\t\t\thref=\"https:\/\/renovasolutions.com\/wp-content\/uploads\/pdf\/NEW-RENOVA-Solutions-One%20Pager-Case%20Study-SuperMax.pdf\"\n\t\t\t\t\tclass=\"sowb-button ow-icon-placement-left ow-button-hover\" \t>\n\t\t<span>\n\t\t\t\n\t\t\tDescargar Estudio de Caso\t\t<\/span>\n\t\t\t<\/a>\n\t<\/div>\n<\/div><\/div><\/div><\/div><\/div><div id=\"pgc-2732-1-1\"  class=\"panel-grid-cell\" ><div id=\"panel-2732-1-1-0\" class=\"so-panel widget widget_sow-editor panel-first-child\" data-index=\"10\" ><div class=\"panel-widget-style panel-widget-style-for-2732-1-1-0\" ><div\n\t\t\t\n\t\t\tclass=\"so-widget-sow-editor so-widget-sow-editor-base\"\n\t\t\t\n\t\t>\n<div class=\"siteorigin-widget-tinymce textwidget\">\n\t<h3>El Reto<\/h3>\n<p>En medio de la celebraci\u00f3n de su 15 aniversario en Puerto Rico, SuperMax se encontraba en un momento de crecimiento y expansi\u00f3n. A ello se sum\u00f3 el lanzamiento del portal de compras en l\u00ednea SuperMax Online, enfocado en ofrecer m\u00e1s comodidad e innovaci\u00f3n al cliente externo.<\/p>\n<p>SuperMax necesitaba incorporar internamente nuevas tecnolog\u00edas que le permitieran llevar las finanzas de recursos humanos a otro nivel, tal como lo hab\u00edan hecho externamente. Contaban con una tecnolog\u00eda que ten\u00eda un alto nivel de obsolescencia y los limitaba a mantener una operaci\u00f3n centralizada, restringiendo los procesos de gesti\u00f3n del capital humano a sus oficinas centrales.<\/p>\n<p>Eso significar\u00eda que cualquier solicitud realizada por los empleados deb\u00eda dirigirse al departamento de Recursos Humanos ubicado en las oficinas centrales a trav\u00e9s de mensajer\u00eda interna. Luego de recibir la solicitud, se atender\u00eda por orden de llegada, posponiendo la respuesta por varios d\u00edas. Hab\u00eda cientos de empleados, con cientos de solicitudes. Esto, ciertamente, no satisfizo al cliente interno.<\/p>\n<p>Sin mencionar la alta cantidad de horas diarias invertidas por el personal de Recursos Humanos, solo para satisfacer solicitudes espec\u00edficas de los empleados, adem\u00e1s de las otras tareas esperadas de su puesto.<\/p>\n<p>Era necesario descentralizar ciertos procesos y dotar a cada tienda de autonom\u00eda con relaci\u00f3n a las requisiciones de sus empleados; mejorar y automatizar procesos inherentes a los recursos humanos como la n\u00f3mina, la gesti\u00f3n del desempe\u00f1o, la gesti\u00f3n de ausencias, entre muchos otros.<\/p>\n<\/div>\n<\/div><\/div><\/div><div id=\"panel-2732-1-1-1\" class=\"so-panel widget widget_sow-editor\" data-index=\"11\" ><div\n\t\t\t\n\t\t\tclass=\"so-widget-sow-editor so-widget-sow-editor-base\"\n\t\t\t\n\t\t>\n<div class=\"siteorigin-widget-tinymce textwidget\">\n\t<h3>Necesidad de negocio<\/h3>\n<p>El cliente quer\u00eda una soluci\u00f3n de HCM robusta para simplificar y estandarizar su proceso de recursos humanos. RENOVA Solutions, al ser un proveedor de servicios de capital humano puramente tecnol\u00f3gico, entendi\u00f3 los requisitos del cliente y luego planific\u00f3 mejorar la funcionalidad de recursos humanos mediante la implementaci\u00f3n de m\u00faltiples m\u00f3dulos y mejoras adicionales.<\/p>\n<\/div>\n<\/div><\/div><div id=\"panel-2732-1-1-2\" class=\"so-panel widget widget_sow-editor panel-last-child\" data-index=\"12\" ><div\n\t\t\t\n\t\t\tclass=\"so-widget-sow-editor so-widget-sow-editor-base\"\n\t\t\t\n\t\t>\n<div class=\"siteorigin-widget-tinymce textwidget\">\n\t<h3>Impacto en el negocio<\/h3>\n<p><strong>Procesos descentralizados:<\/strong> Recursos Humanos ten\u00eda un volumen de trabajo muy alto, pero despu\u00e9s de la implementaci\u00f3n de la suite RENOVA HCM, descentralizamos ciertos procesos, liberando nuestro personal de recursos humanos. Algunos procesos son gestionados directamente por el gerente de la tienda y otros son gestionados directamente por el empleado.<\/p>\n<p><strong>Eficiencia, ahorro y aumento de la productividad:<\/strong> \"Nuestra eficiencia se traduce en productividad, espec\u00edficamente en el \u00e1rea de n\u00f3mina y recursos humanos. Son muchos los procesos que RENOVA facilita, ahorrando una gran cantidad de tiempo a nuestro personal al conseguir una redistribuci\u00f3n de sus tareas a otras m\u00e1s estrat\u00e9gicas y menos administrativas. Por mencionar un ejemplo; antes, se tardaba muchas horas en revertir una n\u00f3mina, mientras que ahora, con RENOVA HCM, este es un proceso extremadamente f\u00e1cil\".<\/p>\n<p><strong>Satisfacci\u00f3n del cliente interno:<\/strong> \"A trav\u00e9s de nuestra aplicaci\u00f3n basada en la web, los empleados tienen visibilidad de toda su informaci\u00f3n en cualquier momento que deseen y dondequiera que est\u00e9n\".<\/p>\n<p><strong>Empoderamiento de los empleados:<\/strong> \"A trav\u00e9s de la herramienta de autoservicio del empleado, hemos visto muchos beneficios. Ahora, los empleados no dependen de los mensajeros internos, de la tienda o del nivel central para atender sus solicitudes. En cambio, los empleados pueden ejecutar los procesos que necesitan desde sus tel\u00e9fonos celulares\".<\/p>\n<p><strong>Servicio de excelencia, incluso en medio de eventos catastr\u00f3ficos:<\/strong> \"Cuando elegimos RENOVA Solutions, busc\u00e1bamos una empresa que, m\u00e1s que software, nos diera un servicio de calidad. Desde el primer d\u00eda, ese requisito se cumpli\u00f3. El servicio de RENOVA es de excelencia y tambi\u00e9n personalizable para cada empresa. Esto se evidenci\u00f3 durante la emergencia del hurac\u00e1n Mar\u00eda, cuando pudimos continuar con el negocio de recursos humanos gracias al equipo de RENOVA, y trasladamos nuestros servidores para que pudi\u00e9ramos seguir operando sin interrupci\u00f3n. Durante la emergencia, hubo un cambio en el formato de nuestros cheques y se adaptaron de inmediato, transparentando el proceso para nuestros empleados y proveedores, quienes recibieron su pago en medio de la crisis, lo que nos permiti\u00f3 cumplir con nuestros valores corporativos. En nuestra experiencia, la calidad de los servicios se ha basado en la comunicaci\u00f3n directa con el equipo de trabajo, quienes tienen un alto<\/p>\n<p>&nbsp;<\/p>\n<p>&nbsp;<\/p>\n<\/div>\n<\/div><\/div><\/div><\/div><\/div><\/div><div id=\"pg-2732-2\"  class=\"panel-grid panel-has-style\" ><div class=\"siteorigin-panels-stretch panel-row-style panel-row-style-for-2732-2\" data-stretch-type=\"full\" ><div class=\"so-panels-full-wrapper\" ><div id=\"pgc-2732-2-0\"  class=\"panel-grid-cell panel-grid-cell-empty\" ><\/div><div id=\"pgc-2732-2-1\"  class=\"panel-grid-cell panel-grid-cell-mobile-last\" ><div id=\"panel-2732-2-1-0\" class=\"so-panel widget widget_sow-editor panel-first-child\" data-index=\"13\" ><div class=\"panel-widget-style panel-widget-style-for-2732-2-1-0\" ><div\n\t\t\t\n\t\t\tclass=\"so-widget-sow-editor so-widget-sow-editor-base\"\n\t\t\t\n\t\t>\n<div class=\"siteorigin-widget-tinymce textwidget\">\n\t<h1 style=\"text-align: center;\"><span style=\"color: #ffffff;\"><strong>Nuestro valor comercial y experiencia reconocida por nuestros clientes.<\/strong><\/span><\/h1>\n<\/div>\n<\/div><\/div><\/div><div id=\"panel-2732-2-1-1\" class=\"so-panel widget widget_sow-button-grid panel-last-child\" data-index=\"14\" ><div class=\"panel-widget-style panel-widget-style-for-2732-2-1-1\" ><div\n\t\t\t\n\t\t\tclass=\"so-widget-sow-button-grid so-widget-sow-button-grid-default-30211081be0b-2732\"\n\t\t\t\n\t\t>\t<div class=\"sow-buttons-grid\">\n\t\t<div\n\t\t\t\n\t\t\tclass=\"so-widget-sow-button so-widget-sow-button-flat-171d3b5364a2\"\n\t\t\t\n\t\t><div class=\"ow-button-base ow-button-align-center\"\n>\n\t\t\t<a\n\t\t\t\t\thref=\"https:\/\/renovasolutions.com\/es\/estudios-de-caso\/\"\n\t\t\t\t\tclass=\"sowb-button ow-icon-placement-left ow-button-hover\" \t>\n\t\t<span>\n\t\t\t\n\t\t\tEstudios de caso\t\t<\/span>\n\t\t\t<\/a>\n\t<\/div>\n<\/div><div\n\t\t\t\n\t\t\tclass=\"so-widget-sow-button so-widget-sow-button-wire-af901ecd6ecc\"\n\t\t\t\n\t\t><div class=\"ow-button-base ow-button-align-center\"\n>\n\t\t\t<a\n\t\t\t\t\thref=\"https:\/\/renovasolutions.com\/es\/contactar\/\"\n\t\t\t\t\tclass=\"sowb-button ow-icon-placement-left ow-button-hover\" \t>\n\t\t<span>\n\t\t\t\n\t\t\tSolicita reuini\u00f3n\t\t<\/span>\n\t\t\t<\/a>\n\t<\/div>\n<\/div>\t<\/div>\n\t<\/div><\/div><\/div><\/div><div id=\"pgc-2732-2-2\"  class=\"panel-grid-cell panel-grid-cell-empty\" ><\/div><\/div><\/div><\/div><\/div>","protected":false},"excerpt":{"rendered":"<p>Con 17 supermercados en todo Puerto Rico, uno de ellos especializado en vinos y licores, muchos de ellos operando 24 horas al d\u00eda, la cadena de supermercados minoristas SuperMax es una empresa netamente puertorrique\u00f1a que, desde su fundaci\u00f3n en 2003, se esfuerza por cumplir su \u00fanica visi\u00f3n de dar lo mejor a su comunidad, clientes, [&hellip;]<\/p>\n","protected":false},"author":6,"featured_media":0,"parent":0,"menu_order":0,"comment_status":"closed","ping_status":"closed","template":"","meta":{"inline_featured_image":false,"footnotes":""},"class_list":["post-2732","page","type-page","status-publish","hentry","post"],"_links":{"self":[{"href":"https:\/\/renovasolutions.com\/es\/wp-json\/wp\/v2\/pages\/2732","targetHints":{"allow":["GET"]}}],"collection":[{"href":"https:\/\/renovasolutions.com\/es\/wp-json\/wp\/v2\/pages"}],"about":[{"href":"https:\/\/renovasolutions.com\/es\/wp-json\/wp\/v2\/types\/page"}],"author":[{"embeddable":true,"href":"https:\/\/renovasolutions.com\/es\/wp-json\/wp\/v2\/users\/6"}],"replies":[{"embeddable":true,"href":"https:\/\/renovasolutions.com\/es\/wp-json\/wp\/v2\/comments?post=2732"}],"version-history":[{"count":36,"href":"https:\/\/renovasolutions.com\/es\/wp-json\/wp\/v2\/pages\/2732\/revisions"}],"predecessor-version":[{"id":4608,"href":"https:\/\/renovasolutions.com\/es\/wp-json\/wp\/v2\/pages\/2732\/revisions\/4608"}],"wp:attachment":[{"href":"https:\/\/renovasolutions.com\/es\/wp-json\/wp\/v2\/media?parent=2732"}],"curies":[{"name":"wp","href":"https:\/\/api.w.org\/{rel}","templated":true}]}}