{"id":2717,"date":"2024-09-14T22:13:54","date_gmt":"2024-09-15T02:13:54","guid":{"rendered":"https:\/\/newrenova.artemediapr.com\/?page_id=2717"},"modified":"2025-01-09T23:17:58","modified_gmt":"2025-01-10T03:17:58","slug":"all-ways-99","status":"publish","type":"page","link":"https:\/\/renovasolutions.com\/es\/all-ways-99\/","title":{"rendered":"All Ways 99"},"content":{"rendered":"<div id=\"pl-2717\"  class=\"panel-layout\" ><div id=\"pg-2717-0\"  class=\"panel-grid panel-has-style\" ><div class=\"siteorigin-panels-stretch panel-row-style panel-row-style-for-2717-0\" data-stretch-type=\"full\" ><div class=\"so-panels-full-wrapper\" ><div id=\"pgc-2717-0-0\"  class=\"panel-grid-cell\" ><div id=\"panel-2717-0-0-0\" class=\"so-panel widget widget_sow-editor panel-first-child\" data-index=\"0\" ><div\n\t\t\t\n\t\t\tclass=\"so-widget-sow-editor so-widget-sow-editor-base\"\n\t\t\t\n\t\t>\n<div class=\"siteorigin-widget-tinymce textwidget\">\n\t<p><img loading=\"lazy\" decoding=\"async\" class=\"size-full wp-image-2718 aligncenter\" src=\"https:\/\/renovasolutions.com\/wp-content\/uploads\/2024\/09\/allways99.png\" alt=\"\" width=\"231\" height=\"75\" \/><\/p>\n<\/div>\n<\/div><\/div><div id=\"panel-2717-0-0-1\" class=\"so-panel widget widget_sow-editor\" data-index=\"1\" ><div\n\t\t\t\n\t\t\tclass=\"so-widget-sow-editor so-widget-sow-editor-base\"\n\t\t\t\n\t\t>\n<div class=\"siteorigin-widget-tinymce textwidget\">\n\t<p style=\"text-align: center;\">All Ways 99, fundada en 1999 en Puerto Rico, es una destacada cadena minorista en Puerto Rico. Con una red de 100 tiendas y una plantilla de unos 1,300 empleados, la empresa se ha distinguido por ofrecer una amplia variedad de productos a precios asequibles, convirti\u00e9ndose en un pilar fundamental de la comunidad.<\/p>\n<\/div>\n<\/div><\/div><div id=\"panel-2717-0-0-2\" class=\"so-panel widget widget_sow-editor panel-last-child\" data-index=\"2\" ><div\n\t\t\t\n\t\t\tclass=\"so-widget-sow-editor so-widget-sow-editor-base\"\n\t\t\t\n\t\t>\n<div class=\"siteorigin-widget-tinymce textwidget\">\n\t<p><img loading=\"lazy\" decoding=\"async\" class=\" foto2 aligncenter wp-image-2721 size-full\" src=\"https:\/\/renovasolutions.com\/wp-content\/uploads\/2024\/09\/allwas99.jpg\" alt=\"\" width=\"533\" height=\"356\" srcset=\"https:\/\/renovasolutions.com\/wp-content\/uploads\/2024\/09\/allwas99.jpg 533w, https:\/\/renovasolutions.com\/wp-content\/uploads\/2024\/09\/allwas99-300x200.jpg 300w, https:\/\/renovasolutions.com\/wp-content\/uploads\/2024\/09\/allwas99-272x182.jpg 272w\" sizes=\"auto, (max-width: 533px) 100vw, 533px\" \/><\/p>\n<\/div>\n<\/div><\/div><\/div><\/div><\/div><\/div><div id=\"pg-2717-1\"  class=\"panel-grid panel-has-style\" ><div class=\"siteorigin-panels-stretch panel-row-style panel-row-style-for-2717-1\" data-stretch-type=\"full\" ><div class=\"so-panels-full-wrapper\" ><div id=\"pgc-2717-1-0\"  class=\"panel-grid-cell\" ><div class=\"so-rounded panel-cell-style panel-cell-style-for-2717-1-0\" ><div id=\"panel-2717-1-0-0\" class=\"so-panel widget widget_sow-editor panel-first-child\" data-index=\"3\" ><div class=\"panel-widget-style panel-widget-style-for-2717-1-0-0\" ><div\n\t\t\t\n\t\t\tclass=\"so-widget-sow-editor so-widget-sow-editor-base\"\n\t\t\t\n\t\t>\n<div class=\"siteorigin-widget-tinymce textwidget\">\n\t<p><strong>OBJECTIVOS:<\/strong><\/p>\n<ol>\n<li>Automatizar los procesos<\/li>\n<li>Mejorar la comunicaci\u00f3n interna<\/li>\n<li>Facilitar la toma de decisiones informadas<\/li>\n<li>Optimizar los procesos de recursos humanos<\/li>\n<li>Lograr eficiencias significativas<\/li>\n<\/ol>\n<\/div>\n<\/div><\/div><\/div><div id=\"panel-2717-1-0-1\" class=\"widget_text so-panel widget widget_custom_html\" data-index=\"4\" ><div class=\"textwidget custom-html-widget\"><hr \/><\/div><\/div><div id=\"panel-2717-1-0-2\" class=\"so-panel widget widget_sow-editor\" data-index=\"5\" ><div class=\"panel-widget-style panel-widget-style-for-2717-1-0-2\" ><div\n\t\t\t\n\t\t\tclass=\"so-widget-sow-editor so-widget-sow-editor-base\"\n\t\t\t\n\t\t>\n<div class=\"siteorigin-widget-tinymce textwidget\">\n\t<p><span style=\"color: #e3530f;\"><strong>SOLUCIONES:<\/strong><\/span><\/p>\n<p><a href=\"https:\/\/renovasolutions.com\/nomina\/\">RENOVA N\u00f3mina<\/a><br \/>\n<a href=\"https:\/\/renovasolutions.com\/tiempo-y-asistencia\/\">RENOVA Tiempo y Asistencia<\/a><br \/>\n<a href=\"https:\/\/renovasolutions.com\/portal-del-empleado\/\">RENOVA Autoservicio para empleados<\/a><\/p>\n<\/div>\n<\/div><\/div><\/div><div id=\"panel-2717-1-0-3\" class=\"so-panel widget widget_sow-editor\" data-index=\"6\" ><div class=\"panel-widget-style panel-widget-style-for-2717-1-0-3\" ><div\n\t\t\t\n\t\t\tclass=\"so-widget-sow-editor so-widget-sow-editor-base\"\n\t\t\t\n\t\t>\n<div class=\"siteorigin-widget-tinymce textwidget\">\n\t<p><a href=\"https:\/\/renovasolutions.com\/nomina\/\"><img loading=\"lazy\" decoding=\"async\" class=\"size-thumbnail wp-image-2883 alignnone\" src=\"https:\/\/renovasolutions.com\/wp-content\/uploads\/2024\/09\/nomina.svg\" alt=\"\" width=\"60\" height=\"60\" \/><\/a> <a href=\"https:\/\/renovasolutions.com\/tiempo-y-asistencia\/\"><img loading=\"lazy\" decoding=\"async\" class=\"size-thumbnail wp-image-2883 alignnone\" src=\"https:\/\/renovasolutions.com\/wp-content\/uploads\/2024\/09\/teimpo-asistencia.svg\" alt=\"\" width=\"60\" height=\"60\" \/><\/a>\u00a0<a href=\"https:\/\/renovasolutions.com\/portal-del-empleado\/\"><img loading=\"lazy\" decoding=\"async\" class=\"size-thumbnail wp-image-2883 alignnone\" src=\"https:\/\/renovasolutions.com\/wp-content\/uploads\/2024\/09\/portal-empleado.svg\" alt=\"\" width=\"60\" height=\"60\" data-wp-editing=\"1\" \/><\/a><\/p>\n<p>Para hacer frente a estos desaf\u00edos, Renova Solutions colabor\u00f3 con All Ways 99 para implementar soluciones tecnol\u00f3gicas innovadoras. Durante un per\u00edodo de 4 meses, Renova Solutions despleg\u00f3 una serie de herramientas integrales. Entre ellas, se destacan los m\u00f3dulos de n\u00f3mina y control de asistencia de RENOVA Solutions.<\/p>\n<p>&nbsp;<\/p>\n<\/div>\n<\/div><\/div><\/div><div id=\"panel-2717-1-0-4\" class=\"widget_text so-panel widget widget_custom_html\" data-index=\"7\" ><div class=\"textwidget custom-html-widget\"><hr \/><\/div><\/div><div id=\"panel-2717-1-0-5\" class=\"so-panel widget widget_sow-editor\" data-index=\"8\" ><div class=\"panel-widget-style panel-widget-style-for-2717-1-0-5\" ><div\n\t\t\t\n\t\t\tclass=\"so-widget-sow-editor so-widget-sow-editor-base\"\n\t\t\t\n\t\t>\n<div class=\"siteorigin-widget-tinymce textwidget\">\n\t<p><strong>RESULTADOS:<\/strong><\/p>\n<ol>\n<li>Se logr\u00f3 reducir hasta $7,000 en p\u00e9rdidas en una n\u00f3mina semanal promedio de $176,000, lo que reflej\u00f3 un impacto considerable en la rentabilidad global de la empresa.<\/li>\n<li>Cada tienda de All Ways 99 logr\u00f3 ahorrar entre 3 y 4 horas semanales en la gesti\u00f3n de las n\u00f3minas, lo cual se tradujo en una mejora notable en la productividad del personal.<\/li>\n<li>Los empleados de All Ways 99 elogiaron las nuevas herramientas y procesos implementados, resaltando su facilidad de uso, transparencia y mejora en la comunicaci\u00f3n interna.<\/li>\n<li>La empresa logr\u00f3 garantizar el cumplimiento con las leyes laborales locales y federales, as\u00ed como con los reglamentos internos.<\/li>\n<\/ol>\n<\/div>\n<\/div><\/div><\/div><div id=\"panel-2717-1-0-6\" class=\"so-panel widget widget_sow-button panel-last-child\" data-index=\"9\" ><div class=\"panel-widget-style panel-widget-style-for-2717-1-0-6\" ><div\n\t\t\t\n\t\t\tclass=\"so-widget-sow-button so-widget-sow-button-flat-65e6736e8567-2717\"\n\t\t\t\n\t\t><div class=\"ow-button-base ow-button-align-left\"\n>\n\t\t\t<a\n\t\t\t\t\thref=\"https:\/\/renovasolutions.com\/wp-content\/uploads\/2024\/11\/RENOVA-Case-Study-ALWAYS99-ESP.pdf\"\n\t\t\t\t\tclass=\"sowb-button ow-icon-placement-left ow-button-hover\" \t>\n\t\t<span>\n\t\t\t\n\t\t\tDescargar Estudio de Caso\t\t<\/span>\n\t\t\t<\/a>\n\t<\/div>\n<\/div><\/div><\/div><\/div><\/div><div id=\"pgc-2717-1-1\"  class=\"panel-grid-cell\" ><div id=\"panel-2717-1-1-0\" class=\"so-panel widget widget_sow-editor panel-first-child panel-last-child\" data-index=\"10\" ><div class=\"panel-widget-style panel-widget-style-for-2717-1-1-0\" ><div\n\t\t\t\n\t\t\tclass=\"so-widget-sow-editor so-widget-sow-editor-base\"\n\t\t\t\n\t\t>\n<div class=\"siteorigin-widget-tinymce textwidget\">\n\t<h3>Reto<\/h3>\n<p>A pesar de su \u00e9xito, All Ways 99 se enfrentaba a desaf\u00edos significativos en la gesti\u00f3n de su capital humano. Los procesos administrativos manuales, como la gesti\u00f3n de n\u00f3minas y el control de horas del personal, representaban una carga considerable para la empresa. Estos procedimientos manuales dificultaban la eficiencia operativa y la toma de decisiones estrat\u00e9gicas, especialmente en un entorno con m\u00faltiples ubicaciones y una gran fuerza laboral.<\/p>\n<\/div>\n<\/div><\/div><\/div><\/div><\/div><\/div><\/div><div id=\"pg-2717-2\"  class=\"panel-grid panel-has-style\" ><div class=\"siteorigin-panels-stretch panel-row-style panel-row-style-for-2717-2\" data-stretch-type=\"full\" ><div class=\"so-panels-full-wrapper\" ><div id=\"pgc-2717-2-0\"  class=\"panel-grid-cell panel-grid-cell-empty\" ><\/div><div id=\"pgc-2717-2-1\"  class=\"panel-grid-cell panel-grid-cell-mobile-last\" ><div id=\"panel-2717-2-1-0\" class=\"so-panel widget widget_sow-editor panel-first-child\" data-index=\"11\" ><div class=\"panel-widget-style panel-widget-style-for-2717-2-1-0\" ><div\n\t\t\t\n\t\t\tclass=\"so-widget-sow-editor so-widget-sow-editor-base\"\n\t\t\t\n\t\t>\n<div class=\"siteorigin-widget-tinymce textwidget\">\n\t<h1 style=\"text-align: center;\"><span style=\"color: #ffffff;\"><strong>Nuestro valor comercial y experiencia reconocida por nuestros clientes.<\/strong><\/span><\/h1>\n<\/div>\n<\/div><\/div><\/div><div id=\"panel-2717-2-1-1\" class=\"so-panel widget widget_sow-button-grid panel-last-child\" data-index=\"12\" ><div class=\"panel-widget-style panel-widget-style-for-2717-2-1-1\" ><div\n\t\t\t\n\t\t\tclass=\"so-widget-sow-button-grid so-widget-sow-button-grid-default-30211081be0b-2717\"\n\t\t\t\n\t\t>\t<div class=\"sow-buttons-grid\">\n\t\t<div\n\t\t\t\n\t\t\tclass=\"so-widget-sow-button so-widget-sow-button-flat-171d3b5364a2\"\n\t\t\t\n\t\t><div class=\"ow-button-base ow-button-align-center\"\n>\n\t\t\t<a\n\t\t\t\t\thref=\"https:\/\/renovasolutions.com\/es\/estudios-de-caso\/\"\n\t\t\t\t\tclass=\"sowb-button ow-icon-placement-left ow-button-hover\" \t>\n\t\t<span>\n\t\t\t\n\t\t\tEstudios de caso\t\t<\/span>\n\t\t\t<\/a>\n\t<\/div>\n<\/div><div\n\t\t\t\n\t\t\tclass=\"so-widget-sow-button so-widget-sow-button-wire-af901ecd6ecc\"\n\t\t\t\n\t\t><div class=\"ow-button-base ow-button-align-center\"\n>\n\t\t\t<a\n\t\t\t\t\thref=\"https:\/\/renovasolutions.com\/es\/contactar\/\"\n\t\t\t\t\tclass=\"sowb-button ow-icon-placement-left ow-button-hover\" \t>\n\t\t<span>\n\t\t\t\n\t\t\tSolicita reuini\u00f3n\t\t<\/span>\n\t\t\t<\/a>\n\t<\/div>\n<\/div>\t<\/div>\n\t<\/div><\/div><\/div><\/div><div id=\"pgc-2717-2-2\"  class=\"panel-grid-cell panel-grid-cell-empty\" ><\/div><\/div><\/div><\/div><\/div>","protected":false},"excerpt":{"rendered":"<p>All Ways 99, fundada en 1999 en Puerto Rico, es una destacada cadena minorista en Puerto Rico. Con una red de 100 tiendas y una plantilla de unos 1,300 empleados, la empresa se ha distinguido por ofrecer una amplia variedad de productos a precios asequibles, convirti\u00e9ndose en un pilar fundamental de la comunidad. OBJECTIVOS: Automatizar [&hellip;]<\/p>\n","protected":false},"author":6,"featured_media":0,"parent":0,"menu_order":0,"comment_status":"closed","ping_status":"closed","template":"","meta":{"inline_featured_image":false,"footnotes":""},"class_list":["post-2717","page","type-page","status-publish","hentry","post"],"_links":{"self":[{"href":"https:\/\/renovasolutions.com\/es\/wp-json\/wp\/v2\/pages\/2717","targetHints":{"allow":["GET"]}}],"collection":[{"href":"https:\/\/renovasolutions.com\/es\/wp-json\/wp\/v2\/pages"}],"about":[{"href":"https:\/\/renovasolutions.com\/es\/wp-json\/wp\/v2\/types\/page"}],"author":[{"embeddable":true,"href":"https:\/\/renovasolutions.com\/es\/wp-json\/wp\/v2\/users\/6"}],"replies":[{"embeddable":true,"href":"https:\/\/renovasolutions.com\/es\/wp-json\/wp\/v2\/comments?post=2717"}],"version-history":[{"count":31,"href":"https:\/\/renovasolutions.com\/es\/wp-json\/wp\/v2\/pages\/2717\/revisions"}],"predecessor-version":[{"id":3606,"href":"https:\/\/renovasolutions.com\/es\/wp-json\/wp\/v2\/pages\/2717\/revisions\/3606"}],"wp:attachment":[{"href":"https:\/\/renovasolutions.com\/es\/wp-json\/wp\/v2\/media?parent=2717"}],"curies":[{"name":"wp","href":"https:\/\/api.w.org\/{rel}","templated":true}]}}