{"id":21,"date":"2024-08-26T11:29:05","date_gmt":"2024-08-26T15:29:05","guid":{"rendered":"https:\/\/renovasolutions.com\/?page_id=21"},"modified":"2025-01-08T05:31:52","modified_gmt":"2025-01-08T09:31:52","slug":"sobre-nosotros","status":"publish","type":"page","link":"https:\/\/renovasolutions.com\/es\/sobre-nosotros\/","title":{"rendered":"SOBRE NOSOTROS"},"content":{"rendered":"<div id=\"pl-21\"  class=\"panel-layout\" ><div id=\"pg-21-0\"  class=\"panel-grid panel-has-style\" ><div class=\" css-selector siteorigin-panels-stretch panel-row-style panel-row-style-for-21-0\" data-stretch-type=\"full\" ><div class=\"so-panels-full-wrapper\" ><div id=\"pgc-21-0-0\"  class=\"panel-grid-cell\" ><div id=\"panel-21-0-0-0\" class=\"so-panel widget widget_sow-editor panel-first-child\" data-index=\"0\" ><div class=\"panel-widget-style panel-widget-style-for-21-0-0-0\" ><div\n\t\t\t\n\t\t\tclass=\"so-widget-sow-editor so-widget-sow-editor-base\"\n\t\t\t\n\t\t>\n<div class=\"siteorigin-widget-tinymce textwidget\">\n\t<h1><span style=\"color: #e3530f;\"><strong>SOBRE <\/strong>NOSOTROS<\/span><\/h1>\n<\/div>\n<\/div><\/div><\/div><div id=\"panel-21-0-0-1\" class=\"so-panel widget widget_sow-editor panel-last-child\" data-index=\"1\" ><div class=\"panel-widget-style panel-widget-style-for-21-0-0-1\" ><div\n\t\t\t\n\t\t\tclass=\"so-widget-sow-editor so-widget-sow-editor-base\"\n\t\t\t\n\t\t>\n<div class=\"siteorigin-widget-tinymce textwidget\">\n\t<p>RENOVA Solutions, Corp. (RENOVA) es un proveedor privado de soluciones tecnol\u00f3gicas para clientes que hacen negocios en Puerto Rico, el Caribe y las Am\u00e9ricas.<\/p>\n<\/div>\n<\/div><\/div><\/div><\/div><div id=\"pgc-21-0-1\"  class=\"panel-grid-cell\" ><div class=\"panel-cell-style panel-cell-style-for-21-0-1\" ><div id=\"panel-21-0-1-0\" class=\"so-panel widget widget_sow-image panel-first-child panel-last-child\" data-index=\"2\" ><div class=\" foto panel-widget-style panel-widget-style-for-21-0-1-0\" ><div\n\t\t\t\n\t\t\tclass=\"so-widget-sow-image so-widget-sow-image-default-2af051393cf0-21\"\n\t\t\t\n\t\t>\n<div class=\"sow-image-container\">\n\t\t<img \n\tsrc=\"https:\/\/renovasolutions.com\/wp-content\/uploads\/2024\/08\/banner-sobre-nosotros.jpg\" width=\"768\" height=\"441\" srcset=\"https:\/\/renovasolutions.com\/wp-content\/uploads\/2024\/08\/banner-sobre-nosotros.jpg 768w, https:\/\/renovasolutions.com\/wp-content\/uploads\/2024\/08\/banner-sobre-nosotros-300x172.jpg 300w\" sizes=\"(max-width: 768px) 100vw, 768px\" alt=\"\" \t\tclass=\"so-widget-image\"\/>\n\t<\/div>\n\n<\/div><\/div><\/div><\/div><\/div><\/div><\/div><\/div><div id=\"pg-21-1\"  class=\"panel-grid panel-has-style\" ><div class=\"siteorigin-panels-stretch panel-row-style panel-row-style-for-21-1\" data-stretch-type=\"full\" ><div class=\"so-panels-full-wrapper\" ><div id=\"pgc-21-1-0\"  class=\"panel-grid-cell\" ><div id=\"panel-21-1-0-0\" class=\"so-panel widget widget_sow-editor panel-first-child panel-last-child\" data-index=\"3\" ><div\n\t\t\t\n\t\t\tclass=\"so-widget-sow-editor so-widget-sow-editor-base\"\n\t\t\t\n\t\t>\n<div class=\"siteorigin-widget-tinymce textwidget\">\n\t<p>Nos especializamos en ofrecer soluciones integrales para la gesti\u00f3n del capital humano, incluyendo n\u00f3mina y tiempo y asistencia, con opciones de externalizaci\u00f3n, implementaci\u00f3n en las instalaciones del cliente y en la nube (SaaS).<\/p>\n<p>Nuestro enfoque se centra en la facilidad de uso y la integraci\u00f3n de m\u00f3dulos para recursos humanos y administraci\u00f3n, brindando a nuestros clientes una experiencia completa y sin complicaciones.<\/p>\n<\/div>\n<\/div><\/div><\/div><div id=\"pgc-21-1-1\"  class=\"panel-grid-cell\" ><div id=\"panel-21-1-1-0\" class=\"so-panel widget widget_sow-editor panel-first-child panel-last-child\" data-index=\"4\" ><div\n\t\t\t\n\t\t\tclass=\"so-widget-sow-editor so-widget-sow-editor-base\"\n\t\t\t\n\t\t>\n<div class=\"siteorigin-widget-tinymce textwidget\">\n\t<p><img loading=\"lazy\" decoding=\"async\" class=\"alignnone size-full wp-image-562 aligncenter\" src=\"https:\/\/renovasolutions.com\/wp-content\/uploads\/2024\/08\/about1.png\" alt=\"\" width=\"369\" height=\"245\" srcset=\"https:\/\/renovasolutions.com\/wp-content\/uploads\/2024\/08\/about1.png 369w, https:\/\/renovasolutions.com\/wp-content\/uploads\/2024\/08\/about1-300x199.png 300w, https:\/\/renovasolutions.com\/wp-content\/uploads\/2024\/08\/about1-272x182.png 272w\" sizes=\"auto, (max-width: 369px) 100vw, 369px\" \/><\/p>\n<\/div>\n<\/div><\/div><\/div><\/div><\/div><\/div><div id=\"pg-21-2\"  class=\"panel-grid panel-has-style\" ><div class=\"siteorigin-panels-stretch panel-row-style panel-row-style-for-21-2\" data-stretch-type=\"full\" ><div class=\"so-panels-full-wrapper\" ><div id=\"pgc-21-2-0\"  class=\"panel-grid-cell\" ><div id=\"panel-21-2-0-0\" class=\"so-panel widget widget_sow-editor panel-first-child panel-last-child\" data-index=\"5\" ><div\n\t\t\t\n\t\t\tclass=\"so-widget-sow-editor so-widget-sow-editor-base\"\n\t\t\t\n\t\t>\n<div class=\"siteorigin-widget-tinymce textwidget\">\n\t<p><img loading=\"lazy\" decoding=\"async\" class=\"alignnone wp-image-576\" src=\"https:\/\/renovasolutions.com\/wp-content\/uploads\/2024\/08\/about2.svg\" alt=\"\" width=\"497\" height=\"271\" \/><\/p>\n<\/div>\n<\/div><\/div><\/div><div id=\"pgc-21-2-1\"  class=\"panel-grid-cell\" ><div id=\"panel-21-2-1-0\" class=\"so-panel widget widget_sow-editor panel-first-child panel-last-child\" data-index=\"6\" ><div\n\t\t\t\n\t\t\tclass=\"so-widget-sow-editor so-widget-sow-editor-base\"\n\t\t\t\n\t\t>\n<div class=\"siteorigin-widget-tinymce textwidget\">\n\t<p>Desde 2012, el equipo de atenci\u00f3n al cliente de RENOVA se ha distinguido por ofrecer un servicio excepcional, con un enfoque en la prevenci\u00f3n de problemas. Los fundadores, Wilfredo Cosme y Elvin Irizarry, identificaron la necesidad de un servicio de calidad en la industria y se comprometieron a llenar ese vac\u00edo. Con una pasi\u00f3n por ayudar a las empresas a administrar su fuerza laboral de manera eficiente, desarrollaron soluciones de capital humano de primer nivel y una metodolog\u00eda de implementaci\u00f3n y servicio que ha revolucionado el mercado puertorrique\u00f1o. Este conjunto de servicios superiores se conoce como RENOVA.<\/p>\n<\/div>\n<\/div><\/div><\/div><\/div><\/div><\/div><div id=\"pg-21-3\"  class=\"panel-grid panel-has-style\" ><div class=\"siteorigin-panels-stretch panel-row-style panel-row-style-for-21-3\" data-stretch-type=\"full\" ><div class=\"so-panels-full-wrapper\" ><div id=\"pgc-21-3-0\"  class=\"panel-grid-cell\" ><div id=\"panel-21-3-0-0\" class=\"so-panel widget widget_sow-editor panel-first-child panel-last-child\" data-index=\"7\" ><div\n\t\t\t\n\t\t\tclass=\"so-widget-sow-editor so-widget-sow-editor-base\"\n\t\t\t\n\t\t>\n<div class=\"siteorigin-widget-tinymce textwidget\">\n\t<h3><span style=\"color: #00b4ac;\">PROP\u00d3SITO<\/span><\/h3>\n<p>Habilitar soluciones tecnol\u00f3gicas efectivas para el manejo de capital humano.<\/p>\n<p>&nbsp;<\/p>\n<h3><span style=\"color: #00b4ac;\">VISI\u00d3N<\/span><\/h3>\n<p>Ser la empresa l\u00edder en soluciones y aplicaciones de capital humano, estableciendo est\u00e1ndares m\u00e1s altos de excelencia y de mejora continua para superar las expectativas de nuestros clientes.<\/p>\n<\/div>\n<\/div><\/div><\/div><div id=\"pgc-21-3-1\"  class=\"panel-grid-cell\" ><div id=\"panel-21-3-1-0\" class=\"so-panel widget widget_sow-editor panel-first-child panel-last-child\" data-index=\"8\" ><div\n\t\t\t\n\t\t\tclass=\"so-widget-sow-editor so-widget-sow-editor-base\"\n\t\t\t\n\t\t>\n<div class=\"siteorigin-widget-tinymce textwidget\">\n\t<p><img loading=\"lazy\" decoding=\"async\" class=\" foto2 aligncenter wp-image-2702 size-full\" src=\"https:\/\/renovasolutions.com\/wp-content\/uploads\/2024\/09\/gestion-digital-recursos-humanos.jpg\" alt=\"\" width=\"572\" height=\"436\" srcset=\"https:\/\/renovasolutions.com\/wp-content\/uploads\/2024\/09\/gestion-digital-recursos-humanos.jpg 572w, https:\/\/renovasolutions.com\/wp-content\/uploads\/2024\/09\/gestion-digital-recursos-humanos-300x229.jpg 300w\" sizes=\"auto, (max-width: 572px) 100vw, 572px\" \/><\/p>\n<\/div>\n<\/div><\/div><\/div><\/div><\/div><\/div><div id=\"pg-21-4\"  class=\"panel-grid panel-has-style\" ><div class=\"siteorigin-panels-stretch panel-row-style panel-row-style-for-21-4\" data-stretch-type=\"full\" ><div class=\"so-panels-full-wrapper\" ><div id=\"pgc-21-4-0\"  class=\"panel-grid-cell\" ><div id=\"panel-21-4-0-0\" class=\"so-panel widget widget_sow-editor panel-first-child\" data-index=\"9\" ><div\n\t\t\t\n\t\t\tclass=\"so-widget-sow-editor so-widget-sow-editor-base\"\n\t\t\t\n\t\t>\n<div class=\"siteorigin-widget-tinymce textwidget\">\n\t<h2><span style=\"color: #00b4ac;\">C\u00d3DIGOS<\/span><\/h2>\n<\/div>\n<\/div><\/div><div id=\"panel-21-4-0-1\" class=\"so-panel widget widget_sow-editor panel-last-child\" data-index=\"10\" ><div\n\t\t\t\n\t\t\tclass=\"so-widget-sow-editor so-widget-sow-editor-base\"\n\t\t\t\n\t\t>\n<div class=\"siteorigin-widget-tinymce textwidget\">\n\t<h4>VALORES ORGANIZACIONALES<\/h4>\n<\/div>\n<\/div><\/div><\/div><\/div><\/div><\/div><div id=\"pg-21-5\"  class=\"panel-grid panel-has-style\" ><div class=\"siteorigin-panels-stretch panel-row-style panel-row-style-for-21-5\" data-stretch-type=\"full\" ><div class=\"so-panels-full-wrapper\" ><div id=\"pgc-21-5-0\"  class=\"panel-grid-cell\" ><div class=\"so-rounded panel-cell-style panel-cell-style-for-21-5-0\" ><div id=\"panel-21-5-0-0\" class=\"so-panel widget widget_sow-editor panel-first-child\" data-index=\"11\" ><div class=\"panel-widget-style panel-widget-style-for-21-5-0-0\" ><div\n\t\t\t\n\t\t\tclass=\"so-widget-sow-editor so-widget-sow-editor-base\"\n\t\t\t\n\t\t>\n<div class=\"siteorigin-widget-tinymce textwidget\">\n\t<h2><span style=\"color: #00b4ac; font-size: 73px;\">1<\/span><\/h2>\n<\/div>\n<\/div><\/div><\/div><div id=\"panel-21-5-0-1\" class=\"so-panel widget widget_sow-editor panel-last-child\" data-index=\"12\" ><div class=\"panel-widget-style panel-widget-style-for-21-5-0-1\" ><div\n\t\t\t\n\t\t\tclass=\"so-widget-sow-editor so-widget-sow-editor-base\"\n\t\t\t\n\t\t>\n<div class=\"siteorigin-widget-tinymce textwidget\">\n\t<h6><strong>Somos \u00cdntegros<\/strong><\/h6>\n<p>Inspiramos y construimos confianza y respeto. Somos honestos, valoramos la diversidad y confiamos unos en otros.<\/p>\n<\/div>\n<\/div><\/div><\/div><\/div><\/div><div id=\"pgc-21-5-1\"  class=\"panel-grid-cell\" ><div class=\"so-rounded panel-cell-style panel-cell-style-for-21-5-1\" ><div id=\"panel-21-5-1-0\" class=\"so-panel widget widget_sow-editor panel-first-child\" data-index=\"13\" ><div class=\"panel-widget-style panel-widget-style-for-21-5-1-0\" ><div\n\t\t\t\n\t\t\tclass=\"so-widget-sow-editor so-widget-sow-editor-base\"\n\t\t\t\n\t\t>\n<div class=\"siteorigin-widget-tinymce textwidget\">\n\t<h2><span style=\"color: #00b4ac; font-size: 73px;\">2<\/span><\/h2>\n<\/div>\n<\/div><\/div><\/div><div id=\"panel-21-5-1-1\" class=\"so-panel widget widget_sow-editor panel-last-child\" data-index=\"14\" ><div class=\"panel-widget-style panel-widget-style-for-21-5-1-1\" ><div\n\t\t\t\n\t\t\tclass=\"so-widget-sow-editor so-widget-sow-editor-base\"\n\t\t\t\n\t\t>\n<div class=\"siteorigin-widget-tinymce textwidget\">\n\t<h6><strong>Somos Innovadores<\/strong><\/h6>\n<p>Siempre buscamos innovar y cambiar generando y compartiendo ideas. Somos proactivos y siempre buscamos la mejora continua. No tememos a los riesgos.<\/p>\n<\/div>\n<\/div><\/div><\/div><\/div><\/div><div id=\"pgc-21-5-2\"  class=\"panel-grid-cell\" ><div class=\"so-rounded panel-cell-style panel-cell-style-for-21-5-2\" ><div id=\"panel-21-5-2-0\" class=\"so-panel widget widget_sow-editor panel-first-child\" data-index=\"15\" ><div class=\"panel-widget-style panel-widget-style-for-21-5-2-0\" ><div\n\t\t\t\n\t\t\tclass=\"so-widget-sow-editor so-widget-sow-editor-base\"\n\t\t\t\n\t\t>\n<div class=\"siteorigin-widget-tinymce textwidget\">\n\t<h2><span style=\"color: #00b4ac; font-size: 73px;\">3<\/span><\/h2>\n<\/div>\n<\/div><\/div><\/div><div id=\"panel-21-5-2-1\" class=\"so-panel widget widget_sow-editor panel-last-child\" data-index=\"16\" ><div class=\"panel-widget-style panel-widget-style-for-21-5-2-1\" ><div\n\t\t\t\n\t\t\tclass=\"so-widget-sow-editor so-widget-sow-editor-base\"\n\t\t\t\n\t\t>\n<div class=\"siteorigin-widget-tinymce textwidget\">\n\t<h6><strong>Cumplimos<\/strong><\/h6>\n<p>Nos hacemos responsables, nos comprometemos con la palabra empe\u00f1ada y ejecutamos bajo altos est\u00e1ndares.<\/p>\n<\/div>\n<\/div><\/div><\/div><\/div><\/div><\/div><\/div><\/div><div id=\"pg-21-6\"  class=\"panel-grid panel-has-style\" ><div class=\"so-rounded siteorigin-panels-stretch panel-row-style panel-row-style-for-21-6\" data-stretch-type=\"full\" ><div class=\"so-panels-full-wrapper\" ><div id=\"pgc-21-6-0\"  class=\"panel-grid-cell\" ><div id=\"panel-21-6-0-0\" class=\"so-panel widget widget_sow-editor panel-first-child\" data-index=\"17\" ><div class=\"panel-widget-style panel-widget-style-for-21-6-0-0\" ><div\n\t\t\t\n\t\t\tclass=\"so-widget-sow-editor so-widget-sow-editor-base\"\n\t\t\t\n\t\t>\n<div class=\"siteorigin-widget-tinymce textwidget\">\n\t<h2 style=\"text-align: center;\"><span style=\"color: #00b4ac;\">HABILITADORES<\/span><\/h2>\n<\/div>\n<\/div><\/div><\/div><div id=\"panel-21-6-0-1\" class=\"so-panel widget widget_sow-editor panel-last-child\" data-index=\"18\" ><div\n\t\t\t\n\t\t\tclass=\"so-widget-sow-editor so-widget-sow-editor-base\"\n\t\t\t\n\t\t>\n<div class=\"siteorigin-widget-tinymce textwidget\">\n\t<h4 style=\"text-align: center;\">COMPORTAMIENTOS ORGANIZACIONALES<\/h4>\n<\/div>\n<\/div><\/div><\/div><\/div><\/div><\/div><div id=\"pg-21-7\"  class=\"panel-grid panel-has-style\" ><div class=\"so-rounded siteorigin-panels-stretch panel-row-style panel-row-style-for-21-7\" data-stretch-type=\"full\" ><div class=\"so-panels-full-wrapper\" ><div id=\"pgc-21-7-0\"  class=\"panel-grid-cell\" ><div id=\"panel-21-7-0-0\" class=\"so-panel widget widget_sow-editor panel-first-child panel-last-child\" data-index=\"19\" ><div class=\"panel-widget-style panel-widget-style-for-21-7-0-0\" ><div\n\t\t\t\n\t\t\tclass=\"so-widget-sow-editor so-widget-sow-editor-base\"\n\t\t\t\n\t\t>\n<div class=\"siteorigin-widget-tinymce textwidget\">\n\t<p style=\"text-align: left;\"><strong><span style=\"color: #00b4ac; font-size: 24pt; line-height: 32px;\">ENFOQUE EN EL CLIENTE<\/span><\/strong><\/p>\n<p>En RENOVA, nos destacamos por nuestra capacidad para escuchar las necesidades de nuestros clientes y comunicarnos de manera efectiva. Respondemos con energ\u00eda, pasi\u00f3n y agilidad, buscando constantemente nuevas soluciones para agregar valor y construir relaciones duraderas con nuestros clientes.<\/p>\n<\/div>\n<\/div><\/div><\/div><\/div><div id=\"pgc-21-7-1\"  class=\"panel-grid-cell\" ><div id=\"panel-21-7-1-0\" class=\"so-panel widget widget_sow-editor panel-first-child panel-last-child\" data-index=\"20\" ><div class=\"panel-widget-style panel-widget-style-for-21-7-1-0\" ><div\n\t\t\t\n\t\t\tclass=\"so-widget-sow-editor so-widget-sow-editor-base\"\n\t\t\t\n\t\t>\n<div class=\"siteorigin-widget-tinymce textwidget\">\n\t<p style=\"text-align: left;\"><strong><span style=\"color: #00b4ac; font-size: 24pt; line-height: 32px;\">NOS MUEVE LA TECNOLOG\u00cdA<\/span><\/strong><\/p>\n<p>En RENOVA, nuestra cultura se caracteriza por ser flexible y \u00e1gil. Reconocemos el potencial de la tecnolog\u00eda y lo aprovechamos al m\u00e1ximo, demostrando habilidades t\u00e9cnicas y buscando constantemente mejorarlas.<\/p>\n<\/div>\n<\/div><\/div><\/div><\/div><div id=\"pgc-21-7-2\"  class=\"panel-grid-cell\" ><div id=\"panel-21-7-2-0\" class=\"so-panel widget widget_sow-editor panel-first-child panel-last-child\" data-index=\"21\" ><div class=\"panel-widget-style panel-widget-style-for-21-7-2-0\" ><div\n\t\t\t\n\t\t\tclass=\"so-widget-sow-editor so-widget-sow-editor-base\"\n\t\t\t\n\t\t>\n<div class=\"siteorigin-widget-tinymce textwidget\">\n\t<p style=\"text-align: left;\"><strong><span style=\"color: #00b4ac; font-size: 24pt; line-height: 32px;\">CENTRADOS EN EL TRABAJO EN EQUIPO<\/span><\/strong><\/p>\n<p>En RENOVA, valoramos las relaciones y reconocemos nuestra interdependencia. Trabajamos en colaboraci\u00f3n para alcanzar nuestra visi\u00f3n compartida. Compartimos nuestro conocimiento con colegas y socios comerciales, y abordamos los conflictos de manera constructiva a trav\u00e9s de la negociaci\u00f3n y la gesti\u00f3n efectiva.<\/p>\n<\/div>\n<\/div><\/div><\/div><\/div><\/div><\/div><\/div><div id=\"pg-21-8\"  class=\"panel-grid panel-has-style\" ><div class=\"siteorigin-panels-stretch panel-row-style panel-row-style-for-21-8\" data-stretch-type=\"full\" ><div class=\"so-panels-full-wrapper\" ><div id=\"pgc-21-8-0\"  class=\"panel-grid-cell\" ><div class=\"panel-cell-style panel-cell-style-for-21-8-0\" ><div id=\"panel-21-8-0-0\" class=\"so-panel widget widget_sow-editor panel-first-child panel-last-child\" data-index=\"22\" ><div class=\"panel-widget-style panel-widget-style-for-21-8-0-0\" ><div\n\t\t\t\n\t\t\tclass=\"so-widget-sow-editor so-widget-sow-editor-base\"\n\t\t\t\n\t\t>\n<div class=\"siteorigin-widget-tinymce textwidget\">\n\t<h2 style=\"text-align: center;\"><span style=\"color: #004a5d;\">POSABILIDAD CORPORATIVA<\/span><\/h2>\n<\/div>\n<\/div><\/div><\/div><\/div><\/div><\/div><\/div><\/div><div id=\"pg-21-9\"  class=\"panel-grid panel-has-style\" ><div class=\"siteorigin-panels-stretch panel-row-style panel-row-style-for-21-9\" data-stretch-type=\"full\" ><div class=\"so-panels-full-wrapper\" ><div id=\"pgc-21-9-0\"  class=\"panel-grid-cell panel-grid-cell-empty\" ><\/div><div id=\"pgc-21-9-1\"  class=\"panel-grid-cell panel-grid-cell-mobile-last\" ><div id=\"panel-21-9-1-0\" class=\"so-panel widget widget_sow-editor panel-first-child panel-last-child\" data-index=\"23\" ><div class=\"panel-widget-style panel-widget-style-for-21-9-1-0\" ><div\n\t\t\t\n\t\t\tclass=\"so-widget-sow-editor so-widget-sow-editor-base\"\n\t\t\t\n\t\t>\n<div class=\"siteorigin-widget-tinymce textwidget\">\n\t<p style=\"text-align: center;\"><span style=\"color: #00b4ac;\">En RENOVA, nos preocupamos por el bienestar animal y nos comprometemos a apoyar organizaciones y causas que promuevan su protecci\u00f3n y cuidado.<\/span><br \/>\n<span style=\"color: #00b4ac;\"><strong>Estamos comprometidos con las siguientes acciones:<\/strong><\/span><\/p>\n<\/div>\n<\/div><\/div><\/div><\/div><div id=\"pgc-21-9-2\"  class=\"panel-grid-cell panel-grid-cell-empty\" ><\/div><\/div><\/div><\/div><div id=\"pg-21-10\"  class=\"panel-grid panel-has-style\" ><div class=\"siteorigin-panels-stretch panel-row-style panel-row-style-for-21-10\" data-stretch-type=\"full\" ><div class=\"so-panels-full-wrapper\" ><div id=\"pgc-21-10-0\"  class=\"panel-grid-cell\" ><div id=\"panel-21-10-0-0\" class=\"so-panel widget widget_sow-editor panel-first-child panel-last-child\" data-index=\"24\" ><div\n\t\t\t\n\t\t\tclass=\"so-widget-sow-editor so-widget-sow-editor-base\"\n\t\t\t\n\t\t>\n<div class=\"siteorigin-widget-tinymce textwidget\">\n\t<p><img loading=\"lazy\" decoding=\"async\" class=\" foto2 alignleft wp-image-2705 size-full\" src=\"https:\/\/renovasolutions.com\/wp-content\/uploads\/2024\/09\/perrito-rescatado-descansando-en-sofa.jpg\" alt=\"\" width=\"584\" height=\"345\" srcset=\"https:\/\/renovasolutions.com\/wp-content\/uploads\/2024\/09\/perrito-rescatado-descansando-en-sofa.jpg 584w, https:\/\/renovasolutions.com\/wp-content\/uploads\/2024\/09\/perrito-rescatado-descansando-en-sofa-300x177.jpg 300w\" sizes=\"auto, (max-width: 584px) 100vw, 584px\" \/><\/p>\n<\/div>\n<\/div><\/div><\/div><div id=\"pgc-21-10-1\"  class=\"panel-grid-cell\" ><div id=\"panel-21-10-1-0\" class=\"so-panel widget widget_sow-editor panel-first-child panel-last-child\" data-index=\"25\" ><div\n\t\t\t\n\t\t\tclass=\"so-widget-sow-editor so-widget-sow-editor-base\"\n\t\t\t\n\t\t>\n<div class=\"siteorigin-widget-tinymce textwidget\">\n\t<h6><span style=\"color: #004a5d;\">Donaciones<\/span><\/h6>\n<p><span style=\"color: #00b4ac;\">Realizamos donaciones peri\u00f3dicas a organizaciones ben\u00e9ficas dedicadas al rescate, rehabilitaci\u00f3n y adopci\u00f3n de animales abandonados o maltratados.<\/span><\/p>\n<\/div>\n<\/div><\/div><\/div><\/div><\/div><\/div><div id=\"pg-21-11\"  class=\"panel-grid panel-has-style\" ><div class=\"siteorigin-panels-stretch panel-row-style panel-row-style-for-21-11\" data-stretch-type=\"full\" ><div class=\"so-panels-full-wrapper\" ><div id=\"pgc-21-11-0\"  class=\"panel-grid-cell\" ><div id=\"panel-21-11-0-0\" class=\"so-panel widget widget_sow-editor panel-first-child panel-last-child\" data-index=\"26\" ><div\n\t\t\t\n\t\t\tclass=\"so-widget-sow-editor so-widget-sow-editor-base\"\n\t\t\t\n\t\t>\n<div class=\"siteorigin-widget-tinymce textwidget\">\n\t<h6><span style=\"color: #004a5d;\">Conciencia<\/span><\/h6>\n<p><span style=\"color: #00b4ac;\">Promovemos la conciencia sobre el bienestar animal entre nuestros empleados y la comunidad en general, organizando eventos de sensibilizaci\u00f3n, campa\u00f1as educativas y voluntariado en refugios de animales locales.<\/span><\/p>\n<\/div>\n<\/div><\/div><\/div><div id=\"pgc-21-11-1\"  class=\"panel-grid-cell\" ><div id=\"panel-21-11-1-0\" class=\"so-panel widget widget_sow-editor panel-first-child panel-last-child\" data-index=\"27\" ><div\n\t\t\t\n\t\t\tclass=\"so-widget-sow-editor so-widget-sow-editor-base\"\n\t\t\t\n\t\t>\n<div class=\"siteorigin-widget-tinymce textwidget\">\n\t<p><img loading=\"lazy\" decoding=\"async\" class=\" foto2 alignleft wp-image-2706 size-full\" src=\"https:\/\/renovasolutions.com\/wp-content\/uploads\/2024\/09\/hombre-adoptando-perro-en-refugio.jpg\" alt=\"\" width=\"578\" height=\"343\" srcset=\"https:\/\/renovasolutions.com\/wp-content\/uploads\/2024\/09\/hombre-adoptando-perro-en-refugio.jpg 578w, https:\/\/renovasolutions.com\/wp-content\/uploads\/2024\/09\/hombre-adoptando-perro-en-refugio-300x178.jpg 300w\" sizes=\"auto, (max-width: 578px) 100vw, 578px\" \/><\/p>\n<\/div>\n<\/div><\/div><\/div><\/div><\/div><\/div><div id=\"pg-21-12\"  class=\"panel-grid panel-has-style\" ><div class=\"siteorigin-panels-stretch panel-row-style panel-row-style-for-21-12\" data-stretch-type=\"full\" ><div class=\"so-panels-full-wrapper\" ><div id=\"pgc-21-12-0\"  class=\"panel-grid-cell panel-grid-cell-empty\" ><\/div><div id=\"pgc-21-12-1\"  class=\"panel-grid-cell panel-grid-cell-mobile-last\" ><div id=\"panel-21-12-1-0\" class=\"so-panel widget widget_sow-editor panel-first-child panel-last-child\" data-index=\"28\" ><div class=\"panel-widget-style panel-widget-style-for-21-12-1-0\" ><div\n\t\t\t\n\t\t\tclass=\"so-widget-sow-editor so-widget-sow-editor-base\"\n\t\t\t\n\t\t>\n<div class=\"siteorigin-widget-tinymce textwidget\">\n\t<p style=\"text-align: center;\"><strong>Adem\u00e1s, como parte de nuestra responsabilidad corporativa en general, adoptamos pr\u00e1cticas comerciales sostenibles para proteger el medioambiente. Seguimos las tres reglas para proteger el medioambiente:<\/strong><\/p>\n<\/div>\n<\/div><\/div><\/div><\/div><div id=\"pgc-21-12-2\"  class=\"panel-grid-cell panel-grid-cell-empty\" ><\/div><\/div><\/div><\/div><div id=\"pg-21-13\"  class=\"panel-grid panel-has-style\" ><div class=\"so-rounded siteorigin-panels-stretch panel-row-style panel-row-style-for-21-13\" data-stretch-type=\"full\" ><div class=\"so-panels-full-wrapper\" ><div id=\"pgc-21-13-0\"  class=\"panel-grid-cell\" ><div id=\"panel-21-13-0-0\" class=\"so-panel widget widget_sow-lottie-player panel-first-child panel-last-child\" data-index=\"29\" ><div class=\"panel-widget-style panel-widget-style-for-21-13-0-0\" ><div\n\t\t\t\n\t\t\tclass=\"so-widget-sow-lottie-player so-widget-sow-lottie-player-default-d75171398898-21\"\n\t\t\t\n\t\t>\n<div class=\"sow-lottie-player\" \n>\n\t\t<lottie-player\n\t\tclass=\"sow-lottie-player\"\n\t\tautoplay loop direction=\"1\" speed=\"1\" mode=\"normal\" \t\tsrc=\"https:\/\/renovasolutions.com\/wp-content\/uploads\/2024\/09\/reducir.json\"\n\t>\n\t<\/lottie-player>\n<\/div>\n<\/div><\/div><\/div><\/div><div id=\"pgc-21-13-1\"  class=\"panel-grid-cell\" ><div id=\"panel-21-13-1-0\" class=\"so-panel widget widget_sow-editor panel-first-child panel-last-child\" data-index=\"30\" ><div\n\t\t\t\n\t\t\tclass=\"so-widget-sow-editor so-widget-sow-editor-base\"\n\t\t\t\n\t\t>\n<div class=\"siteorigin-widget-tinymce textwidget\">\n\t<h6><span style=\"color: #00b4ac;\">Reducir<\/span><\/h6>\n<p><span style=\"color: #586876;\">Al digitalizar nuestras operaciones, alentamos al personal a no imprimir correos electr\u00f3nicos y a apagar las computadoras diariamente. Tambi\u00e9n configuramos herramientas de colaboraci\u00f3n para reducir el uso de papel y disponemos de papeleras de reciclaje en las zonas comunes y reciclamos todos nuestros equipos y dispositivos electr\u00f3nicos. Adem\u00e1s, hemos cambiado a iluminaci\u00f3n LED y colocamos plantas que mejoran la calidad del aire en nuestras instalaciones para reducir nuestra huella de carbono.<\/span><\/p>\n<\/div>\n<\/div><\/div><\/div><\/div><\/div><\/div><\/div>","protected":false},"excerpt":{"rendered":"<p>SOBRE NOSOTROS RENOVA Solutions, Corp. (RENOVA) es un proveedor privado de soluciones tecnol\u00f3gicas para clientes que hacen negocios en Puerto Rico, el Caribe y las Am\u00e9ricas. Nos especializamos en ofrecer soluciones integrales para la gesti\u00f3n del capital humano, incluyendo n\u00f3mina y tiempo y asistencia, con opciones de externalizaci\u00f3n, implementaci\u00f3n en las instalaciones del cliente y [&hellip;]<\/p>\n","protected":false},"author":6,"featured_media":0,"parent":0,"menu_order":0,"comment_status":"closed","ping_status":"closed","template":"","meta":{"inline_featured_image":false,"footnotes":""},"class_list":["post-21","page","type-page","status-publish","hentry","post"],"_links":{"self":[{"href":"https:\/\/renovasolutions.com\/es\/wp-json\/wp\/v2\/pages\/21","targetHints":{"allow":["GET"]}}],"collection":[{"href":"https:\/\/renovasolutions.com\/es\/wp-json\/wp\/v2\/pages"}],"about":[{"href":"https:\/\/renovasolutions.com\/es\/wp-json\/wp\/v2\/types\/page"}],"author":[{"embeddable":true,"href":"https:\/\/renovasolutions.com\/es\/wp-json\/wp\/v2\/users\/6"}],"replies":[{"embeddable":true,"href":"https:\/\/renovasolutions.com\/es\/wp-json\/wp\/v2\/comments?post=21"}],"version-history":[{"count":268,"href":"https:\/\/renovasolutions.com\/es\/wp-json\/wp\/v2\/pages\/21\/revisions"}],"predecessor-version":[{"id":556,"href":"https:\/\/renovasolutions.com\/es\/wp-json\/wp\/v2\/pages\/21\/revisions\/556"}],"wp:attachment":[{"href":"https:\/\/renovasolutions.com\/es\/wp-json\/wp\/v2\/media?parent=21"}],"curies":[{"name":"wp","href":"https:\/\/api.w.org\/{rel}","templated":true}]}}