{"id":1265,"date":"2024-09-02T15:16:01","date_gmt":"2024-09-02T19:16:01","guid":{"rendered":"https:\/\/newrenova.artemediapr.com\/?page_id=1265"},"modified":"2025-01-09T22:02:31","modified_gmt":"2025-01-10T02:02:31","slug":"rafael-carrion","status":"publish","type":"page","link":"https:\/\/renovasolutions.com\/es\/rafael-carrion\/","title":{"rendered":"Rafael Carri\u00f3n"},"content":{"rendered":"<div id=\"pl-1265\"  class=\"panel-layout\" ><div id=\"pg-1265-0\"  class=\"panel-grid panel-has-style\" ><div class=\"siteorigin-panels-stretch panel-row-style panel-row-style-for-1265-0\" data-stretch-type=\"full\" ><div class=\"so-panels-full-wrapper\" ><div id=\"pgc-1265-0-0\"  class=\"panel-grid-cell\" ><div id=\"panel-1265-0-0-0\" class=\"so-panel widget widget_sow-editor panel-first-child\" data-index=\"0\" ><div\n\t\t\t\n\t\t\tclass=\"so-widget-sow-editor so-widget-sow-editor-base\"\n\t\t\t\n\t\t>\n<div class=\"siteorigin-widget-tinymce textwidget\">\n\t<p><img loading=\"lazy\" decoding=\"async\" class=\"size-full wp-image-1269 aligncenter\" src=\"https:\/\/renovasolutions.com\/wp-content\/uploads\/2024\/09\/rafael-carrion-logo.png\" alt=\"\" width=\"90\" height=\"181\" \/><\/p>\n<\/div>\n<\/div><\/div><div id=\"panel-1265-0-0-1\" class=\"so-panel widget widget_sow-editor\" data-index=\"1\" ><div\n\t\t\t\n\t\t\tclass=\"so-widget-sow-editor so-widget-sow-editor-base\"\n\t\t\t\n\t\t>\n<div class=\"siteorigin-widget-tinymce textwidget\">\n\t<p style=\"text-align: center;\">Desde su fundaci\u00f3n en octubre de 1978, la Cooperativa Rafael Carri\u00f3n Jr. ha sido una entidad cerrada y legalmente independiente que ofrece alternativas financieras a los empleados regulares y jubilados de Popular, Inc. y sus subsidiarias.<\/p>\n<p style=\"text-align: center;\">Es una de las 100 cooperativas de ahorro y cr\u00e9dito aseguradas y reguladas por la Corporaci\u00f3n P\u00fablica para Supervisi\u00f3n y Seguro de Cooperativas de Puerto Rico (COSSEC), una agencia gubernamental que garantiza la integridad y fortaleza financiera de las cooperativas de ahorro y cr\u00e9dito de Puerto Rico.<\/p>\n<\/div>\n<\/div><\/div><div id=\"panel-1265-0-0-2\" class=\"so-panel widget widget_sow-editor panel-last-child\" data-index=\"2\" ><div\n\t\t\t\n\t\t\tclass=\"so-widget-sow-editor so-widget-sow-editor-base\"\n\t\t\t\n\t\t>\n<div class=\"siteorigin-widget-tinymce textwidget\">\n\t<p><img loading=\"lazy\" decoding=\"async\" class=\" foto2 aligncenter wp-image-1224 size-full\" src=\"https:\/\/renovasolutions.com\/wp-content\/uploads\/2024\/09\/cooperativarafael-carrion.jpg\" alt=\"\" width=\"673\" height=\"234\" srcset=\"https:\/\/renovasolutions.com\/wp-content\/uploads\/2024\/09\/cooperativarafael-carrion.jpg 673w, https:\/\/renovasolutions.com\/wp-content\/uploads\/2024\/09\/cooperativarafael-carrion-300x104.jpg 300w\" sizes=\"auto, (max-width: 673px) 100vw, 673px\" \/><\/p>\n<\/div>\n<\/div><\/div><\/div><\/div><\/div><\/div><div id=\"pg-1265-1\"  class=\"panel-grid panel-has-style\" ><div class=\"siteorigin-panels-stretch panel-row-style panel-row-style-for-1265-1\" data-stretch-type=\"full\" ><div class=\"so-panels-full-wrapper\" ><div id=\"pgc-1265-1-0\"  class=\"panel-grid-cell\" ><div class=\"so-rounded panel-cell-style panel-cell-style-for-1265-1-0\" ><div id=\"panel-1265-1-0-0\" class=\"so-panel widget widget_sow-editor panel-first-child\" data-index=\"3\" ><div class=\"panel-widget-style panel-widget-style-for-1265-1-0-0\" ><div\n\t\t\t\n\t\t\tclass=\"so-widget-sow-editor so-widget-sow-editor-base\"\n\t\t\t\n\t\t>\n<div class=\"siteorigin-widget-tinymce textwidget\">\n\t<p><strong>OBJETIVOS:<\/strong><\/p>\n<ol>\n<li>Integrar el sistema de n\u00f3mina a otras soluciones existentes.<\/li>\n<li>Ofrecer visibilidad de la informaci\u00f3n de n\u00f3mina y beneficios con reportes flexibles que permitan una gesti\u00f3n eficiente de los recursos.<\/li>\n<li>Aumentar la flexibilidad de la gesti\u00f3n de datos y cambios en tiempo real.<\/li>\n<\/ol>\n<\/div>\n<\/div><\/div><\/div><div id=\"panel-1265-1-0-1\" class=\"widget_text so-panel widget widget_custom_html\" data-index=\"4\" ><div class=\"textwidget custom-html-widget\"><hr \/><\/div><\/div><div id=\"panel-1265-1-0-2\" class=\"so-panel widget widget_sow-editor\" data-index=\"5\" ><div class=\"panel-widget-style panel-widget-style-for-1265-1-0-2\" ><div\n\t\t\t\n\t\t\tclass=\"so-widget-sow-editor so-widget-sow-editor-base\"\n\t\t\t\n\t\t>\n<div class=\"siteorigin-widget-tinymce textwidget\">\n\t<p><span style=\"color: #e3530f;\"><strong>SOLUCIONES:<\/strong><\/span><\/p>\n<p><a href=\"https:\/\/renovasolutions.com\/nomina\/\">RENOVA N\u00f3mina<\/a><br \/>\n<a href=\"https:\/\/renovasolutions.com\/tiempo-y-asistencia\/\">RENOVA Tiempo y Asistencia<\/a><br \/>\n<a href=\"https:\/\/renovasolutions.com\/portal-del-empleado\/\">RENOVA Autoservicio para empleados<\/a><\/p>\n<\/div>\n<\/div><\/div><\/div><div id=\"panel-1265-1-0-3\" class=\"so-panel widget widget_sow-editor\" data-index=\"6\" ><div class=\"panel-widget-style panel-widget-style-for-1265-1-0-3\" ><div\n\t\t\t\n\t\t\tclass=\"so-widget-sow-editor so-widget-sow-editor-base\"\n\t\t\t\n\t\t>\n<div class=\"siteorigin-widget-tinymce textwidget\">\n\t<p><a href=\"https:\/\/renovasolutions.com\/nomina\/\"><img loading=\"lazy\" decoding=\"async\" class=\"size-thumbnail wp-image-2883 alignnone\" src=\"https:\/\/renovasolutions.com\/wp-content\/uploads\/2024\/09\/nomina.svg\" alt=\"\" width=\"60\" height=\"60\" \/><\/a> <a href=\"https:\/\/renovasolutions.com\/tiempo-y-asistencia\/\"><img loading=\"lazy\" decoding=\"async\" class=\"size-thumbnail wp-image-2883 alignnone\" src=\"https:\/\/renovasolutions.com\/wp-content\/uploads\/2024\/09\/teimpo-asistencia.svg\" alt=\"\" width=\"60\" height=\"60\" \/><\/a>\u00a0<a href=\"https:\/\/renovasolutions.com\/portal-del-empleado\/\"><img loading=\"lazy\" decoding=\"async\" class=\"size-thumbnail wp-image-2883 alignnone\" src=\"https:\/\/renovasolutions.com\/wp-content\/uploads\/2024\/09\/portal-empleado.svg\" alt=\"\" width=\"60\" height=\"60\" data-wp-editing=\"1\" \/><\/a><\/p>\n<\/div>\n<\/div><\/div><\/div><div id=\"panel-1265-1-0-4\" class=\"widget_text so-panel widget widget_custom_html\" data-index=\"7\" ><div class=\"textwidget custom-html-widget\"><hr \/><\/div><\/div><div id=\"panel-1265-1-0-5\" class=\"so-panel widget widget_sow-editor\" data-index=\"8\" ><div class=\"panel-widget-style panel-widget-style-for-1265-1-0-5\" ><div\n\t\t\t\n\t\t\tclass=\"so-widget-sow-editor so-widget-sow-editor-base\"\n\t\t\t\n\t\t>\n<div class=\"siteorigin-widget-tinymce textwidget\">\n\t<p><strong>LOS RESULTADOS:<\/strong><\/p>\n<ol>\n<li>M\u00e1ximo control de las operaciones y procesos de RRHH.<\/li>\n<li>Reducci\u00f3n de las necesidades de formaci\u00f3n gracias a su dise\u00f1o intuitivo y a la facilidad de uso de la plataforma.<\/li>\n<li>Mejora del proceso de evaluaci\u00f3n en ambos extremos: direcci\u00f3n y empleados.<\/li>\n<li>Aumento de los niveles de confianza de los usuarios con pantallas de correcciones de fichaje sencillas.<\/li>\n<li>Acceso a todas las funcionalidades necesarias a precios razonables.<\/li>\n<li>Flexibilidad para aprobar la n\u00f3mina y realizar otras tareas de forma remota.<\/li>\n<\/ol>\n<\/div>\n<\/div><\/div><\/div><div id=\"panel-1265-1-0-6\" class=\"so-panel widget widget_sow-button panel-last-child\" data-index=\"9\" ><div class=\"panel-widget-style panel-widget-style-for-1265-1-0-6\" ><div\n\t\t\t\n\t\t\tclass=\"so-widget-sow-button so-widget-sow-button-flat-007079c88417-1265\"\n\t\t\t\n\t\t><div class=\"ow-button-base ow-button-align-left\"\n>\n\t\t\t<a\n\t\t\t\t\thref=\"https:\/\/renovasolutions.com\/wp-content\/uploads\/pdf\/NEW-RENOVA-Solutions-One%20Pager-Case%20Study-Cooperativa.pdf\"\n\t\t\t\t\tclass=\"sowb-button ow-icon-placement-left ow-button-hover\" \t>\n\t\t<span>\n\t\t\t\n\t\t\tDescargar Estudio de Caso\t\t<\/span>\n\t\t\t<\/a>\n\t<\/div>\n<\/div><\/div><\/div><\/div><\/div><div id=\"pgc-1265-1-1\"  class=\"panel-grid-cell\" ><div id=\"panel-1265-1-1-0\" class=\"so-panel widget widget_sow-editor panel-first-child\" data-index=\"10\" ><div class=\"panel-widget-style panel-widget-style-for-1265-1-1-0\" ><div\n\t\t\t\n\t\t\tclass=\"so-widget-sow-editor so-widget-sow-editor-base\"\n\t\t\t\n\t\t>\n<div class=\"siteorigin-widget-tinymce textwidget\">\n\t<h3>El reto<\/h3>\n<p>A pesar de ser una entidad separada de Popular desde su fundaci\u00f3n, la Cooperativa recibi\u00f3 ciertos beneficios de Popular, lo que produjo ahorros en gastos operativos. Estos ahorros se convirtieron en ganancias operativas adicionales que se dividieron como dividendos entre sus miembros.<\/p>\n<p>En noviembre de 2018, la gerencia decidi\u00f3 implementar algunos cambios para garantizar el cumplimiento fiel de las mejores pr\u00e1cticas de la industria. Esta decisi\u00f3n implic\u00f3 que la Cooperativa asumiera los gastos totales y la operaci\u00f3n de ciertas funciones y procesos previamente apoyados por los empleados de Popular.<\/p>\n<p>Adem\u00e1s, algunos de los empleados de la Cooperativa podr\u00edan decidir quedarse o ser transferidos al Popular. Eso dej\u00f3 a Jos\u00e9 Cruz, presidente ejecutivo de la Cooperativa, con solo 10 empleados para gestionar la transici\u00f3n mientras brindaba servicios a los miembros, buscaba proveedores e implementaba cambios operativos en menos de 30 d\u00edas.<\/p>\n<\/div>\n<\/div><\/div><\/div><div id=\"panel-1265-1-1-1\" class=\"so-panel widget widget_sow-editor\" data-index=\"11\" ><div\n\t\t\t\n\t\t\tclass=\"so-widget-sow-editor so-widget-sow-editor-base\"\n\t\t\t\n\t\t>\n<div class=\"siteorigin-widget-tinymce textwidget\">\n\t<h3>Necesidades del negocio<\/h3>\n<p>Aparte del corto per\u00edodo de tiempo, las nuevas tareas operativas que deben ser administradas por el reducido personal de la Cooperativa incluyen el procesamiento de n\u00f3minas, el tiempo y la asistencia, y los servicios de recursos humanos.<\/p>\n<p>En busca de soluciones, la Cooperativa Rafael Carri\u00f3n Jr. desarroll\u00f3 una Solicitud de Propuesta (RFP, por sus siglas en ingl\u00e9s) y se reuni\u00f3 con varios proveedores. RENOVA Solutions fue la \u00fanica empresa que cumpli\u00f3 con el cronograma y las especificaciones de la RFP. \"Mi principal preocupaci\u00f3n era ser capaz de asumir todos estos nuevos procesos y capacitar a los empleados a tiempo. Uno de nuestros mayores retos fue asumir las funciones de recursos humanos y, al mismo tiempo, brindar los mismos servicios a nuestros miembros\", explic\u00f3 Cruz.<\/p>\n<\/div>\n<\/div><\/div><div id=\"panel-1265-1-1-2\" class=\"so-panel widget widget_sow-editor\" data-index=\"12\" ><div\n\t\t\t\n\t\t\tclass=\"so-widget-sow-editor so-widget-sow-editor-base\"\n\t\t\t\n\t\t>\n<div class=\"siteorigin-widget-tinymce textwidget\">\n\t<h3>El proceso<\/h3>\n<p>\"Desde la primera reuni\u00f3n, me demostraron que entend\u00edan nuestras necesidades y urgencias. Tienen un proceso de implementaci\u00f3n simple y estructurado, y su equipo de expertos lo convirti\u00f3 en un proceso fluido y sin estr\u00e9s\". Otra ventaja se\u00f1alada por Cruz es que el proceso de implementaci\u00f3n no fue una distracci\u00f3n de las operaciones normales.<\/p>\n<\/div>\n<\/div><\/div><div id=\"panel-1265-1-1-3\" class=\"so-panel widget widget_sow-editor panel-last-child\" data-index=\"13\" ><div\n\t\t\t\n\t\t\tclass=\"so-widget-sow-editor so-widget-sow-editor-base\"\n\t\t\t\n\t\t>\n<div class=\"siteorigin-widget-tinymce textwidget\">\n\t<h3>Impacto empresarial<\/h3>\n<p>Algunas de las caracter\u00edsticas que se obtienen a trav\u00e9s de estas soluciones incluyen un \u00fanico punto de entrada de datos, un repositorio de transacciones de alta disponibilidad, acceso a un portal web para los empleados y acceso a trav\u00e9s de dispositivos m\u00f3viles o tel\u00e9fonos inteligentes.<\/p>\n<\/div>\n<\/div><\/div><\/div><\/div><\/div><\/div><div id=\"pg-1265-2\"  class=\"panel-grid panel-has-style\" ><div class=\"siteorigin-panels-stretch panel-row-style panel-row-style-for-1265-2\" data-stretch-type=\"full\" ><div class=\"so-panels-full-wrapper\" ><div id=\"pgc-1265-2-0\"  class=\"panel-grid-cell panel-grid-cell-empty\" ><\/div><div id=\"pgc-1265-2-1\"  class=\"panel-grid-cell panel-grid-cell-mobile-last\" ><div id=\"panel-1265-2-1-0\" class=\"so-panel widget widget_sow-editor panel-first-child\" data-index=\"14\" ><div class=\"panel-widget-style panel-widget-style-for-1265-2-1-0\" ><div\n\t\t\t\n\t\t\tclass=\"so-widget-sow-editor so-widget-sow-editor-base\"\n\t\t\t\n\t\t>\n<div class=\"siteorigin-widget-tinymce textwidget\">\n\t<h1 style=\"text-align: center;\"><span style=\"color: #ffffff;\"><strong>Nuestro valor comercial y experiencia reconocida por nuestros clientes.<\/strong><\/span><\/h1>\n<\/div>\n<\/div><\/div><\/div><div id=\"panel-1265-2-1-1\" class=\"so-panel widget widget_sow-button-grid panel-last-child\" data-index=\"15\" ><div class=\"panel-widget-style panel-widget-style-for-1265-2-1-1\" ><div\n\t\t\t\n\t\t\tclass=\"so-widget-sow-button-grid so-widget-sow-button-grid-default-30211081be0b-1265\"\n\t\t\t\n\t\t>\t<div class=\"sow-buttons-grid\">\n\t\t<div\n\t\t\t\n\t\t\tclass=\"so-widget-sow-button so-widget-sow-button-flat-171d3b5364a2\"\n\t\t\t\n\t\t><div class=\"ow-button-base ow-button-align-center\"\n>\n\t\t\t<a\n\t\t\t\t\thref=\"https:\/\/renovasolutions.com\/es\/estudios-de-caso\/\"\n\t\t\t\t\tclass=\"sowb-button ow-icon-placement-left ow-button-hover\" \t>\n\t\t<span>\n\t\t\t\n\t\t\tEstudios de caso\t\t<\/span>\n\t\t\t<\/a>\n\t<\/div>\n<\/div><div\n\t\t\t\n\t\t\tclass=\"so-widget-sow-button so-widget-sow-button-wire-af901ecd6ecc\"\n\t\t\t\n\t\t><div class=\"ow-button-base ow-button-align-center\"\n>\n\t\t\t<a\n\t\t\t\t\thref=\"https:\/\/renovasolutions.com\/es\/contactar\/\"\n\t\t\t\t\tclass=\"sowb-button ow-icon-placement-left ow-button-hover\" \t>\n\t\t<span>\n\t\t\t\n\t\t\tSolicita reuini\u00f3n\t\t<\/span>\n\t\t\t<\/a>\n\t<\/div>\n<\/div>\t<\/div>\n\t<\/div><\/div><\/div><\/div><div id=\"pgc-1265-2-2\"  class=\"panel-grid-cell panel-grid-cell-empty\" ><\/div><\/div><\/div><\/div><\/div>","protected":false},"excerpt":{"rendered":"<p>Desde su fundaci\u00f3n en octubre de 1978, la Cooperativa Rafael Carri\u00f3n Jr. ha sido una entidad cerrada y legalmente independiente que ofrece alternativas financieras a los empleados regulares y jubilados de Popular, Inc. y sus subsidiarias. Es una de las 100 cooperativas de ahorro y cr\u00e9dito aseguradas y reguladas por la Corporaci\u00f3n P\u00fablica para Supervisi\u00f3n [&hellip;]<\/p>\n","protected":false},"author":6,"featured_media":0,"parent":0,"menu_order":0,"comment_status":"closed","ping_status":"closed","template":"","meta":{"inline_featured_image":false,"footnotes":""},"class_list":["post-1265","page","type-page","status-publish","hentry","post"],"_links":{"self":[{"href":"https:\/\/renovasolutions.com\/es\/wp-json\/wp\/v2\/pages\/1265","targetHints":{"allow":["GET"]}}],"collection":[{"href":"https:\/\/renovasolutions.com\/es\/wp-json\/wp\/v2\/pages"}],"about":[{"href":"https:\/\/renovasolutions.com\/es\/wp-json\/wp\/v2\/types\/page"}],"author":[{"embeddable":true,"href":"https:\/\/renovasolutions.com\/es\/wp-json\/wp\/v2\/users\/6"}],"replies":[{"embeddable":true,"href":"https:\/\/renovasolutions.com\/es\/wp-json\/wp\/v2\/comments?post=1265"}],"version-history":[{"count":131,"href":"https:\/\/renovasolutions.com\/es\/wp-json\/wp\/v2\/pages\/1265\/revisions"}],"predecessor-version":[{"id":3566,"href":"https:\/\/renovasolutions.com\/es\/wp-json\/wp\/v2\/pages\/1265\/revisions\/3566"}],"wp:attachment":[{"href":"https:\/\/renovasolutions.com\/es\/wp-json\/wp\/v2\/media?parent=1265"}],"curies":[{"name":"wp","href":"https:\/\/api.w.org\/{rel}","templated":true}]}}