{"id":1214,"date":"2024-09-02T14:26:36","date_gmt":"2024-09-02T18:26:36","guid":{"rendered":"https:\/\/newrenova.artemediapr.com\/?page_id=1214"},"modified":"2025-01-09T21:22:55","modified_gmt":"2025-01-10T01:22:55","slug":"estudios-de-caso","status":"publish","type":"page","link":"https:\/\/renovasolutions.com\/es\/estudios-de-caso\/","title":{"rendered":"Estudios de caso"},"content":{"rendered":"<div id=\"pl-1214\"  class=\"panel-layout\" ><div id=\"pg-1214-0\"  class=\"panel-grid panel-has-style\" ><div class=\"siteorigin-panels-stretch panel-row-style panel-row-style-for-1214-0\" data-stretch-type=\"full\" ><div class=\"so-panels-full-wrapper\" ><div id=\"pgc-1214-0-0\"  class=\"panel-grid-cell\" ><div id=\"panel-1214-0-0-0\" class=\"so-panel widget widget_sow-editor panel-first-child\" data-index=\"0\" ><div\n\t\t\t\n\t\t\tclass=\"so-widget-sow-editor so-widget-sow-editor-base\"\n\t\t\t\n\t\t>\n<div class=\"siteorigin-widget-tinymce textwidget\">\n\t<h1 style=\"text-align: center;\"><strong><span style=\"color: #e3530f;\">ESTUDIOS DE CASO<\/span><\/strong><\/h1>\n<\/div>\n<\/div><\/div><div id=\"panel-1214-0-0-1\" class=\"so-panel widget widget_sow-editor panel-last-child\" data-index=\"1\" ><div\n\t\t\t\n\t\t\tclass=\"so-widget-sow-editor so-widget-sow-editor-base\"\n\t\t\t\n\t\t>\n<div class=\"siteorigin-widget-tinymce textwidget\">\n\t<p style=\"text-align: center;\">Nuestro valor comercial y experiencia<br \/>\nreconocida por nuestros clientes.<\/p>\n<\/div>\n<\/div><\/div><\/div><\/div><\/div><\/div><div id=\"pg-1214-1\"  class=\"panel-grid panel-has-style\" ><div class=\"custom-alignment siteorigin-panels-stretch panel-row-style panel-row-style-for-1214-1\" data-stretch-type=\"full\" ><div class=\"so-panels-full-wrapper\" ><div id=\"pgc-1214-1-0\"  class=\"panel-grid-cell\" ><div class=\"so-rounded panel-cell-style panel-cell-style-for-1214-1-0\" ><div id=\"panel-1214-1-0-0\" class=\"so-panel widget widget_sow-editor panel-first-child\" data-index=\"2\" ><div class=\"panel-widget-style panel-widget-style-for-1214-1-0-0\" ><div\n\t\t\t\n\t\t\tclass=\"so-widget-sow-editor so-widget-sow-editor-base\"\n\t\t\t\n\t\t>\n<div class=\"siteorigin-widget-tinymce textwidget\">\n\t<p><img loading=\"lazy\" decoding=\"async\" class=\" foto2 aligncenter wp-image-1224 size-full\" src=\"https:\/\/renovasolutions.com\/wp-content\/uploads\/2024\/09\/cooperativarafael-carrion.jpg\" alt=\"\" width=\"673\" height=\"234\" srcset=\"https:\/\/renovasolutions.com\/wp-content\/uploads\/2024\/09\/cooperativarafael-carrion.jpg 673w, https:\/\/renovasolutions.com\/wp-content\/uploads\/2024\/09\/cooperativarafael-carrion-300x104.jpg 300w\" sizes=\"auto, (max-width: 673px) 100vw, 673px\" \/><\/p>\n<\/div>\n<\/div><\/div><\/div><div id=\"panel-1214-1-0-1\" class=\"so-panel widget widget_sow-editor\" data-index=\"3\" ><div class=\"panel-widget-style panel-widget-style-for-1214-1-0-1\" ><div\n\t\t\t\n\t\t\tclass=\"so-widget-sow-editor so-widget-sow-editor-base\"\n\t\t\t\n\t\t>\n<div class=\"siteorigin-widget-tinymce textwidget\">\n\t<h3><span style=\"color: #586876;\">Cooperativa de Ahorro y Cr\u00e9dito<\/span><br \/>\n<span style=\"color: #586876;\">Rafael Carri\u00f3n, Jr.<\/span><\/h3>\n<p><em>\"La metodolog\u00eda estructurada de RENOVA contribuy\u00f3 a un proceso de implementaci\u00f3n r\u00e1pido, confiable y simple destinado a cumplir con los plazos. El apoyo de su equipo y el m\u00e9todo de puesta en marcha de la plataforma RENOVA HCM nos facilitaron la implementaci\u00f3n de todos los cambios administrativos y operativos\"<\/em><\/p>\n<p><strong>Jos\u00e9 Cruz<\/strong><\/p>\n<\/div>\n<\/div><\/div><\/div><div id=\"panel-1214-1-0-2\" class=\"so-panel widget widget_sow-button panel-last-child\" data-index=\"4\" ><div class=\"panel-widget-style panel-widget-style-for-1214-1-0-2\" ><div\n\t\t\t\n\t\t\tclass=\"so-widget-sow-button so-widget-sow-button-flat-5226dce67fad-1214\"\n\t\t\t\n\t\t><div class=\"ow-button-base ow-button-align-left\"\n>\n\t\t\t<a\n\t\t\t\t\thref=\"https:\/\/renovasolutions.com\/es\/rafael-carrion\/\"\n\t\t\t\t\tclass=\"sowb-button ow-icon-placement-left ow-button-hover\" \t>\n\t\t<span>\n\t\t\t\n\t\t\tM\u00e1s detalles\t\t<\/span>\n\t\t\t<\/a>\n\t<\/div>\n<\/div><\/div><\/div><a href=\"https:\/\/renovasolutions.com\/rafael-carrion\/\" class=\"so-premium-link-overlay\">&nbsp;<\/a><\/div><\/div><div id=\"pgc-1214-1-1\"  class=\"panel-grid-cell\" ><div class=\"so-rounded panel-cell-style panel-cell-style-for-1214-1-1\" ><div id=\"panel-1214-1-1-0\" class=\"so-panel widget widget_sow-editor panel-first-child\" data-index=\"5\" ><div class=\"panel-widget-style panel-widget-style-for-1214-1-1-0\" ><div\n\t\t\t\n\t\t\tclass=\"so-widget-sow-editor so-widget-sow-editor-base\"\n\t\t\t\n\t\t>\n<div class=\"siteorigin-widget-tinymce textwidget\">\n\t<p><img loading=\"lazy\" decoding=\"async\" class=\" foto2 aligncenter wp-image-1246 size-full\" src=\"https:\/\/renovasolutions.com\/wp-content\/uploads\/2024\/09\/allways99.jpg\" alt=\"\" width=\"673\" height=\"234\" srcset=\"https:\/\/renovasolutions.com\/wp-content\/uploads\/2024\/09\/allways99.jpg 673w, https:\/\/renovasolutions.com\/wp-content\/uploads\/2024\/09\/allways99-300x104.jpg 300w\" sizes=\"auto, (max-width: 673px) 100vw, 673px\" \/><\/p>\n<\/div>\n<\/div><\/div><\/div><div id=\"panel-1214-1-1-1\" class=\"so-panel widget widget_sow-editor\" data-index=\"6\" ><div class=\"panel-widget-style panel-widget-style-for-1214-1-1-1\" ><div\n\t\t\t\n\t\t\tclass=\"so-widget-sow-editor so-widget-sow-editor-base\"\n\t\t\t\n\t\t>\n<div class=\"siteorigin-widget-tinymce textwidget\">\n\t<h3><span style=\"color: #586876;\">All Ways 99<\/span><\/h3>\n<p><em>\u201cEl acceso r\u00e1pido a informaci\u00f3n valiosa nos facilita tanto en an\u00e1lisis, como la toma de decisiones con mayor rapidez y eficiencia. Tener un socio de negocios que te asegure el cumplimiento con las leyes, regulaciones y controles, \u00a1definitivamente paga el precio!\"<\/em><\/p>\n<p><strong>Ricardo Gonz\u00e1lez<\/strong><br \/>\nVicepresidente Ejecutivo<\/p>\n<\/div>\n<\/div><\/div><\/div><div id=\"panel-1214-1-1-2\" class=\"so-panel widget widget_sow-button panel-last-child\" data-index=\"7\" ><div class=\"panel-widget-style panel-widget-style-for-1214-1-1-2\" ><div\n\t\t\t\n\t\t\tclass=\"so-widget-sow-button so-widget-sow-button-flat-5226dce67fad-1214\"\n\t\t\t\n\t\t><div class=\"ow-button-base ow-button-align-left\"\n>\n\t\t\t<a\n\t\t\t\t\thref=\"https:\/\/renovasolutions.com\/es\/all-ways-99\/\"\n\t\t\t\t\tclass=\"sowb-button ow-icon-placement-left ow-button-hover\" \t>\n\t\t<span>\n\t\t\t\n\t\t\tM\u00e1s detalles\t\t<\/span>\n\t\t\t<\/a>\n\t<\/div>\n<\/div><\/div><\/div><a href=\"https:\/\/renovasolutions.com\/all-ways-99\/\" class=\"so-premium-link-overlay\">&nbsp;<\/a><\/div><\/div><\/div><\/div><\/div><div id=\"pg-1214-2\"  class=\"panel-grid panel-has-style\" ><div class=\"custom-alignment siteorigin-panels-stretch panel-row-style panel-row-style-for-1214-2\" data-stretch-type=\"full\" ><div class=\"so-panels-full-wrapper\" ><div id=\"pgc-1214-2-0\"  class=\"panel-grid-cell\" ><div class=\"so-rounded panel-cell-style panel-cell-style-for-1214-2-0\" ><div id=\"panel-1214-2-0-0\" class=\"so-panel widget widget_sow-editor panel-first-child\" data-index=\"8\" ><div class=\"panel-widget-style panel-widget-style-for-1214-2-0-0\" ><div\n\t\t\t\n\t\t\tclass=\"so-widget-sow-editor so-widget-sow-editor-base\"\n\t\t\t\n\t\t>\n<div class=\"siteorigin-widget-tinymce textwidget\">\n\t<p><img loading=\"lazy\" decoding=\"async\" class=\" foto2 aligncenter wp-image-1253 size-full\" src=\"https:\/\/renovasolutions.com\/wp-content\/uploads\/2024\/09\/supermax.jpg\" alt=\"\" width=\"673\" height=\"234\" srcset=\"https:\/\/renovasolutions.com\/wp-content\/uploads\/2024\/09\/supermax.jpg 673w, https:\/\/renovasolutions.com\/wp-content\/uploads\/2024\/09\/supermax-300x104.jpg 300w\" sizes=\"auto, (max-width: 673px) 100vw, 673px\" \/><\/p>\n<\/div>\n<\/div><\/div><\/div><div id=\"panel-1214-2-0-1\" class=\"so-panel widget widget_sow-editor\" data-index=\"9\" ><div class=\"panel-widget-style panel-widget-style-for-1214-2-0-1\" ><div\n\t\t\t\n\t\t\tclass=\"so-widget-sow-editor so-widget-sow-editor-base\"\n\t\t\t\n\t\t>\n<div class=\"siteorigin-widget-tinymce textwidget\">\n\t<h3><span style=\"color: #586876;\">SuperMax<\/span><\/h3>\n<p><em>\"RENOVA Solutions nos ha dado las herramientas para entrar en la expansi\u00f3n que SuperMax est\u00e1 buscando. No solo para ayudar a crecer en t\u00e9rminos de negocio, sino tambi\u00e9n para crecer tecnol\u00f3gicamente. Hoy en d\u00eda, podemos decir que estamos a la velocidad de la tecnolog\u00eda no solo externamente con nuestra tienda online, sino tambi\u00e9n internamente en todo lo relacionado con el departamento de Recursos Humanos\"<\/em><\/p>\n<p><strong>Sr. David Cintr\u00f3n<\/strong><br \/>\nDirector de Informaci\u00f3n<\/p>\n<\/div>\n<\/div><\/div><\/div><div id=\"panel-1214-2-0-2\" class=\"so-panel widget widget_sow-button panel-last-child\" data-index=\"10\" ><div class=\"panel-widget-style panel-widget-style-for-1214-2-0-2\" ><div\n\t\t\t\n\t\t\tclass=\"so-widget-sow-button so-widget-sow-button-flat-5226dce67fad-1214\"\n\t\t\t\n\t\t><div class=\"ow-button-base ow-button-align-left\"\n>\n\t\t\t<a\n\t\t\t\t\thref=\"https:\/\/renovasolutions.com\/es\/supermax\/\"\n\t\t\t\t\tclass=\"sowb-button ow-icon-placement-left ow-button-hover\" \t>\n\t\t<span>\n\t\t\t\n\t\t\tM\u00e1s detalles\t\t<\/span>\n\t\t\t<\/a>\n\t<\/div>\n<\/div><\/div><\/div><a href=\"https:\/\/renovasolutions.com\/supermax\/\" class=\"so-premium-link-overlay\">&nbsp;<\/a><\/div><\/div><div id=\"pgc-1214-2-1\"  class=\"panel-grid-cell\" ><div class=\"so-rounded panel-cell-style panel-cell-style-for-1214-2-1\" ><div id=\"panel-1214-2-1-0\" class=\"so-panel widget widget_sow-editor panel-first-child\" data-index=\"11\" ><div class=\"panel-widget-style panel-widget-style-for-1214-2-1-0\" ><div\n\t\t\t\n\t\t\tclass=\"so-widget-sow-editor so-widget-sow-editor-base\"\n\t\t\t\n\t\t>\n<div class=\"siteorigin-widget-tinymce textwidget\">\n\t<p><img loading=\"lazy\" decoding=\"async\" class=\" foto2 aligncenter wp-image-1256 size-full\" src=\"https:\/\/renovasolutions.com\/wp-content\/uploads\/2024\/09\/olive-garden.jpg\" alt=\"\" width=\"673\" height=\"234\" srcset=\"https:\/\/renovasolutions.com\/wp-content\/uploads\/2024\/09\/olive-garden.jpg 673w, https:\/\/renovasolutions.com\/wp-content\/uploads\/2024\/09\/olive-garden-300x104.jpg 300w\" sizes=\"auto, (max-width: 673px) 100vw, 673px\" \/><\/p>\n<\/div>\n<\/div><\/div><\/div><div id=\"panel-1214-2-1-1\" class=\"so-panel widget widget_sow-editor\" data-index=\"12\" ><div class=\"panel-widget-style panel-widget-style-for-1214-2-1-1\" ><div\n\t\t\t\n\t\t\tclass=\"so-widget-sow-editor so-widget-sow-editor-base\"\n\t\t\t\n\t\t>\n<div class=\"siteorigin-widget-tinymce textwidget\">\n\t<h3><span style=\"color: #586876;\">MultiSystems Restaurants, Inc. and Restaurants Operators, Inc.<\/span><\/h3>\n<p><em>\"RENOVA HCM se ha convertido en una de las herramientas m\u00e1s importantes para el funcionamiento de nuestra empresa. RENOVA ha sido muy confiable, receptivo y uno de los m\u00e1s conocedores en su servicio hacia nosotros\".<\/em><\/p>\n<p><strong>Carlos Trigo<\/strong><br \/>\nPresidente de MultiSystems Restaurants, Inc.<\/p>\n<p><strong> Ada Reyes<\/strong><br \/>\nGerente de Recursos Humanos de MultiSystems Restaurants, Inc.<\/p>\n<\/div>\n<\/div><\/div><\/div><div id=\"panel-1214-2-1-2\" class=\"so-panel widget widget_sow-button panel-last-child\" data-index=\"13\" ><div class=\"panel-widget-style panel-widget-style-for-1214-2-1-2\" ><div\n\t\t\t\n\t\t\tclass=\"so-widget-sow-button so-widget-sow-button-flat-5226dce67fad-1214\"\n\t\t\t\n\t\t><div class=\"ow-button-base ow-button-align-left\"\n>\n\t\t\t<a\n\t\t\t\t\thref=\"https:\/\/renovasolutions.com\/es\/sizzler-restaurant\/\"\n\t\t\t\t\tclass=\"sowb-button ow-icon-placement-left ow-button-hover\" \t>\n\t\t<span>\n\t\t\t\n\t\t\tM\u00e1s detalles\t\t<\/span>\n\t\t\t<\/a>\n\t<\/div>\n<\/div><\/div><\/div><a href=\"https:\/\/renovasolutions.com\/sizzler-restaurant\/\" class=\"so-premium-link-overlay\">&nbsp;<\/a><\/div><\/div><\/div><\/div><\/div><div id=\"pg-1214-3\"  class=\"panel-grid panel-has-style\" ><div class=\"custom-alignment siteorigin-panels-stretch panel-row-style panel-row-style-for-1214-3\" data-stretch-type=\"full\" ><div class=\"so-panels-full-wrapper\" ><div id=\"pgc-1214-3-0\"  class=\"panel-grid-cell\" ><div class=\"so-rounded panel-cell-style panel-cell-style-for-1214-3-0\" ><div id=\"panel-1214-3-0-0\" class=\"so-panel widget widget_sow-editor panel-first-child\" data-index=\"14\" ><div class=\"panel-widget-style panel-widget-style-for-1214-3-0-0\" ><div\n\t\t\t\n\t\t\tclass=\"so-widget-sow-editor so-widget-sow-editor-base\"\n\t\t\t\n\t\t>\n<div class=\"siteorigin-widget-tinymce textwidget\">\n\t<p><img loading=\"lazy\" decoding=\"async\" class=\" foto2 aligncenter wp-image-1260 size-full\" src=\"https:\/\/renovasolutions.com\/wp-content\/uploads\/2024\/09\/econo.jpg\" alt=\"\" width=\"673\" height=\"234\" srcset=\"https:\/\/renovasolutions.com\/wp-content\/uploads\/2024\/09\/econo.jpg 673w, https:\/\/renovasolutions.com\/wp-content\/uploads\/2024\/09\/econo-300x104.jpg 300w\" sizes=\"auto, (max-width: 673px) 100vw, 673px\" \/><\/p>\n<\/div>\n<\/div><\/div><\/div><div id=\"panel-1214-3-0-1\" class=\"so-panel widget widget_sow-editor\" data-index=\"15\" ><div class=\"panel-widget-style panel-widget-style-for-1214-3-0-1\" ><div\n\t\t\t\n\t\t\tclass=\"so-widget-sow-editor so-widget-sow-editor-base\"\n\t\t\t\n\t\t>\n<div class=\"siteorigin-widget-tinymce textwidget\">\n\t<h3><span style=\"color: #586876;\">Supermercados Econo<\/span><\/h3>\n<p><em>\"Desde que adquirimos las soluciones de RENOVA, no me ocupo de ese asunto, lo que permite para que dedique mi tiempo a temas estrat\u00e9gicos de negocio\"<\/em><\/p>\n<p><strong>Juan Carlos Agosto<\/strong><br \/>\nCEO<\/p>\n<\/div>\n<\/div><\/div><\/div><div id=\"panel-1214-3-0-2\" class=\"so-panel widget widget_sow-button panel-last-child\" data-index=\"16\" ><div class=\"panel-widget-style panel-widget-style-for-1214-3-0-2\" ><div\n\t\t\t\n\t\t\tclass=\"so-widget-sow-button so-widget-sow-button-flat-5226dce67fad-1214\"\n\t\t\t\n\t\t><div class=\"ow-button-base ow-button-align-left\"\n>\n\t\t\t<a\n\t\t\t\t\thref=\"https:\/\/renovasolutions.com\/es\/econo\/\"\n\t\t\t\t\tclass=\"sowb-button ow-icon-placement-left ow-button-hover\" \t>\n\t\t<span>\n\t\t\t\n\t\t\tM\u00e1s detalles\t\t<\/span>\n\t\t\t<\/a>\n\t<\/div>\n<\/div><\/div><\/div><a href=\"https:\/\/renovasolutions.com\/econo\/\" class=\"so-premium-link-overlay\">&nbsp;<\/a><\/div><\/div><div id=\"pgc-1214-3-1\"  class=\"panel-grid-cell\" ><div class=\"so-rounded panel-cell-style panel-cell-style-for-1214-3-1\" ><div id=\"panel-1214-3-1-0\" class=\"so-panel widget widget_sow-editor panel-first-child\" data-index=\"17\" ><div class=\"panel-widget-style panel-widget-style-for-1214-3-1-0\" ><div\n\t\t\t\n\t\t\tclass=\"so-widget-sow-editor so-widget-sow-editor-base\"\n\t\t\t\n\t\t>\n<div class=\"siteorigin-widget-tinymce textwidget\">\n\t<p><img loading=\"lazy\" decoding=\"async\" class=\" foto2 aligncenter wp-image-1261 size-full\" src=\"https:\/\/renovasolutions.com\/wp-content\/uploads\/2024\/09\/dennys.jpg\" alt=\"\" width=\"673\" height=\"234\" srcset=\"https:\/\/renovasolutions.com\/wp-content\/uploads\/2024\/09\/dennys.jpg 673w, https:\/\/renovasolutions.com\/wp-content\/uploads\/2024\/09\/dennys-300x104.jpg 300w\" sizes=\"auto, (max-width: 673px) 100vw, 673px\" \/><\/p>\n<\/div>\n<\/div><\/div><\/div><div id=\"panel-1214-3-1-1\" class=\"so-panel widget widget_sow-editor\" data-index=\"18\" ><div class=\"panel-widget-style panel-widget-style-for-1214-3-1-1\" ><div\n\t\t\t\n\t\t\tclass=\"so-widget-sow-editor so-widget-sow-editor-base\"\n\t\t\t\n\t\t>\n<div class=\"siteorigin-widget-tinymce textwidget\">\n\t<h3><span style=\"color: #586876;\">Restaurante Denny\u2019s<\/span><\/h3>\n<p><em>\"Cumplieron con el calendario de trabajo para la fase de implementaci\u00f3n y, sin duda, obtuvimos todas las funcionalidades y beneficios que se nos presentaron durante el proceso de venta\".<\/em><\/p>\n<p><strong>Ricardo Gonz\u00e1lez<\/strong><br \/>\nVicepresidente Ejecutivo<\/p>\n<\/div>\n<\/div><\/div><\/div><div id=\"panel-1214-3-1-2\" class=\"so-panel widget widget_sow-button panel-last-child\" data-index=\"19\" ><div class=\"panel-widget-style panel-widget-style-for-1214-3-1-2\" ><div\n\t\t\t\n\t\t\tclass=\"so-widget-sow-button so-widget-sow-button-flat-5226dce67fad-1214\"\n\t\t\t\n\t\t><div class=\"ow-button-base ow-button-align-left\"\n>\n\t\t\t<a\n\t\t\t\t\thref=\"https:\/\/renovasolutions.com\/es\/dennys\/\"\n\t\t\t\t\tclass=\"sowb-button ow-icon-placement-left ow-button-hover\" \t>\n\t\t<span>\n\t\t\t\n\t\t\tM\u00e1s detalles\t\t<\/span>\n\t\t\t<\/a>\n\t<\/div>\n<\/div><\/div><\/div><a href=\"https:\/\/renovasolutions.com\/dennys\/\" class=\"so-premium-link-overlay\">&nbsp;<\/a><\/div><\/div><\/div><\/div><\/div><div id=\"pg-1214-4\"  class=\"panel-grid panel-has-style\" ><div class=\"custom-alignment siteorigin-panels-stretch panel-row-style panel-row-style-for-1214-4\" data-stretch-type=\"full\" ><div class=\"so-panels-full-wrapper\" ><div id=\"pgc-1214-4-0\"  class=\"panel-grid-cell panel-grid-cell-mobile-last\" ><div class=\"so-rounded panel-cell-style panel-cell-style-for-1214-4-0\" ><div id=\"panel-1214-4-0-0\" class=\"so-panel widget widget_sow-editor panel-first-child\" data-index=\"20\" ><div class=\"panel-widget-style panel-widget-style-for-1214-4-0-0\" ><div\n\t\t\t\n\t\t\tclass=\"so-widget-sow-editor so-widget-sow-editor-base\"\n\t\t\t\n\t\t>\n<div class=\"siteorigin-widget-tinymce textwidget\">\n\t<p><img loading=\"lazy\" decoding=\"async\" class=\" foto2 aligncenter wp-image-3030 size-full\" src=\"https:\/\/renovasolutions.com\/wp-content\/uploads\/2024\/10\/burgerfi.jpg\" alt=\"\" width=\"673\" height=\"234\" srcset=\"https:\/\/renovasolutions.com\/wp-content\/uploads\/2024\/10\/burgerfi.jpg 673w, https:\/\/renovasolutions.com\/wp-content\/uploads\/2024\/10\/burgerfi-300x104.jpg 300w\" sizes=\"auto, (max-width: 673px) 100vw, 673px\" \/><\/p>\n<\/div>\n<\/div><\/div><\/div><div id=\"panel-1214-4-0-1\" class=\"so-panel widget widget_sow-editor\" data-index=\"21\" ><div class=\"panel-widget-style panel-widget-style-for-1214-4-0-1\" ><div\n\t\t\t\n\t\t\tclass=\"so-widget-sow-editor so-widget-sow-editor-base\"\n\t\t\t\n\t\t>\n<div class=\"siteorigin-widget-tinymce textwidget\">\n\t<h3><span style=\"color: #586876;\">Burger Fi<\/span><\/h3>\n<p>\"Una vez que se implementa la soluci\u00f3n, la capacidad de respuesta es vital. RENOVA nos demostr\u00f3 que nuestro negocio es tan importante para ellos como para nosotros. Ese servicio r\u00e1pido y la comunicaci\u00f3n directa con los recursos que pueden satisfacer sus necesidades son la diferencia\".<\/p>\n<p><strong>Ricardo Gonz\u00e1lez<\/strong><br \/>\nVicepresidente ejecutivo de Beyond Burgers, LLC.<\/p>\n<\/div>\n<\/div><\/div><\/div><div id=\"panel-1214-4-0-2\" class=\"so-panel widget widget_sow-button panel-last-child\" data-index=\"22\" ><div class=\"panel-widget-style panel-widget-style-for-1214-4-0-2\" ><div\n\t\t\t\n\t\t\tclass=\"so-widget-sow-button so-widget-sow-button-flat-5226dce67fad-1214\"\n\t\t\t\n\t\t><div class=\"ow-button-base ow-button-align-left\"\n>\n\t\t\t<a\n\t\t\t\t\thref=\"https:\/\/renovasolutions.com\/es\/burger-fi\/\"\n\t\t\t\t\tclass=\"sowb-button ow-icon-placement-left ow-button-hover\" \t>\n\t\t<span>\n\t\t\t\n\t\t\tM\u00e1s detalles\t\t<\/span>\n\t\t\t<\/a>\n\t<\/div>\n<\/div><\/div><\/div><a href=\"https:\/\/renovasolutions.com\/burger-fi\/\" class=\"so-premium-link-overlay\">&nbsp;<\/a><\/div><\/div><div id=\"pgc-1214-4-1\"  class=\"panel-grid-cell panel-grid-cell-empty\" ><\/div><\/div><\/div><\/div><\/div>","protected":false},"excerpt":{"rendered":"<p>ESTUDIOS DE CASO Nuestro valor comercial y experiencia reconocida por nuestros clientes. Cooperativa de Ahorro y Cr\u00e9dito Rafael Carri\u00f3n, Jr. \u00abLa metodolog\u00eda estructurada de RENOVA contribuy\u00f3 a un proceso de implementaci\u00f3n r\u00e1pido, confiable y simple destinado a cumplir con los plazos. El apoyo de su equipo y el m\u00e9todo de puesta en marcha de la [&hellip;]<\/p>\n","protected":false},"author":6,"featured_media":0,"parent":0,"menu_order":0,"comment_status":"closed","ping_status":"closed","template":"","meta":{"inline_featured_image":false,"footnotes":""},"class_list":["post-1214","page","type-page","status-publish","hentry","post"],"_links":{"self":[{"href":"https:\/\/renovasolutions.com\/es\/wp-json\/wp\/v2\/pages\/1214","targetHints":{"allow":["GET"]}}],"collection":[{"href":"https:\/\/renovasolutions.com\/es\/wp-json\/wp\/v2\/pages"}],"about":[{"href":"https:\/\/renovasolutions.com\/es\/wp-json\/wp\/v2\/types\/page"}],"author":[{"embeddable":true,"href":"https:\/\/renovasolutions.com\/es\/wp-json\/wp\/v2\/users\/6"}],"replies":[{"embeddable":true,"href":"https:\/\/renovasolutions.com\/es\/wp-json\/wp\/v2\/comments?post=1214"}],"version-history":[{"count":135,"href":"https:\/\/renovasolutions.com\/es\/wp-json\/wp\/v2\/pages\/1214\/revisions"}],"predecessor-version":[{"id":3109,"href":"https:\/\/renovasolutions.com\/es\/wp-json\/wp\/v2\/pages\/1214\/revisions\/3109"}],"wp:attachment":[{"href":"https:\/\/renovasolutions.com\/es\/wp-json\/wp\/v2\/media?parent=1214"}],"curies":[{"name":"wp","href":"https:\/\/api.w.org\/{rel}","templated":true}]}}