{"id":1147,"date":"2024-09-02T08:32:33","date_gmt":"2024-09-02T12:32:33","guid":{"rendered":"https:\/\/newrenova.artemediapr.com\/?page_id=1147"},"modified":"2025-01-14T08:46:31","modified_gmt":"2025-01-14T12:46:31","slug":"servicios","status":"publish","type":"page","link":"https:\/\/renovasolutions.com\/es\/servicios\/","title":{"rendered":"Servicios"},"content":{"rendered":"<div id=\"pl-1147\"  class=\"panel-layout\" ><div id=\"pg-1147-0\"  class=\"panel-grid panel-has-style\" ><div class=\" css-selector siteorigin-panels-stretch panel-row-style panel-row-style-for-1147-0\" data-stretch-type=\"full\" ><div class=\"so-panels-full-wrapper\" ><div id=\"pgc-1147-0-0\"  class=\"panel-grid-cell\" ><div id=\"panel-1147-0-0-0\" class=\"so-panel widget widget_sow-editor panel-first-child\" data-index=\"0\" ><div class=\"panel-widget-style panel-widget-style-for-1147-0-0-0\" ><div\n\t\t\t\n\t\t\tclass=\"so-widget-sow-editor so-widget-sow-editor-base\"\n\t\t\t\n\t\t>\n<div class=\"siteorigin-widget-tinymce textwidget\">\n\t<h1><strong><span style=\"color: #e3530f;\">SERVICIOS<\/span><\/strong><\/h1>\n<\/div>\n<\/div><\/div><\/div><div id=\"panel-1147-0-0-1\" class=\"so-panel widget widget_sow-editor\" data-index=\"1\" ><div class=\"panel-widget-style panel-widget-style-for-1147-0-0-1\" ><div\n\t\t\t\n\t\t\tclass=\"so-widget-sow-editor so-widget-sow-editor-base\"\n\t\t\t\n\t\t>\n<div class=\"siteorigin-widget-tinymce textwidget\">\n\t<p>Obtenga acceso a servicios avanzados de soporte t\u00e9cnico y profesional para todas sus necesidades de mantenimiento y proyectos especiales con RENOVA Solutions.<\/p>\n<\/div>\n<\/div><\/div><\/div><div id=\"panel-1147-0-0-2\" class=\"so-panel widget widget_sow-button panel-last-child\" data-index=\"2\" ><div\n\t\t\t\n\t\t\tclass=\"so-widget-sow-button so-widget-sow-button-flat-e59179e1c092-1147\"\n\t\t\t\n\t\t><div class=\"ow-button-base ow-button-align-left\"\n>\n\t\t\t<a\n\t\t\t\t\thref=\"https:\/\/renovasolutions.com\/es\/contactar\/\"\n\t\t\t\t\tclass=\"sowb-button ow-icon-placement-left ow-button-hover\" \t>\n\t\t<span>\n\t\t\t\n\t\t\tCont\u00e1ctenos\t\t<\/span>\n\t\t\t<\/a>\n\t<\/div>\n<\/div><\/div><\/div><div id=\"pgc-1147-0-1\"  class=\"panel-grid-cell\" ><div class=\"panel-cell-style panel-cell-style-for-1147-0-1\" ><div id=\"panel-1147-0-1-0\" class=\"so-panel widget widget_sow-image panel-first-child panel-last-child\" data-index=\"3\" ><div class=\"panel-widget-style panel-widget-style-for-1147-0-1-0\" ><div\n\t\t\t\n\t\t\tclass=\"so-widget-sow-image so-widget-sow-image-default-2af051393cf0-1147\"\n\t\t\t\n\t\t>\n<div class=\"sow-image-container\">\n\t\t<img \n\tsrc=\"https:\/\/renovasolutions.com\/wp-content\/uploads\/2024\/09\/banner-servicios.jpg\" width=\"768\" height=\"441\" srcset=\"https:\/\/renovasolutions.com\/wp-content\/uploads\/2024\/09\/banner-servicios.jpg 768w, https:\/\/renovasolutions.com\/wp-content\/uploads\/2024\/09\/banner-servicios-300x172.jpg 300w\" sizes=\"(max-width: 768px) 100vw, 768px\" alt=\"\" \t\tclass=\"so-widget-image\"\/>\n\t<\/div>\n\n<\/div><\/div><\/div><\/div><\/div><\/div><\/div><\/div><div id=\"pg-1147-1\"  class=\"panel-grid panel-has-style\" ><div class=\"siteorigin-panels-stretch panel-row-style panel-row-style-for-1147-1\" data-stretch-type=\"full\" ><div class=\"so-panels-full-wrapper\" ><div id=\"pgc-1147-1-0\"  class=\"panel-grid-cell\" ><div class=\"panel-cell-style panel-cell-style-for-1147-1-0\" ><div id=\"panel-1147-1-0-0\" class=\"so-panel widget widget_sow-editor panel-first-child\" data-index=\"4\" ><div id=\"migracion-de-datos\" class=\"panel-widget-style panel-widget-style-for-1147-1-0-0\" ><div\n\t\t\t\n\t\t\tclass=\"so-widget-sow-editor so-widget-sow-editor-base\"\n\t\t\t\n\t\t>\n<div class=\"siteorigin-widget-tinymce textwidget\">\n\t<p><img loading=\"lazy\" decoding=\"async\" class=\"alignnone wp-image-1159\" src=\"https:\/\/renovasolutions.com\/wp-content\/uploads\/2024\/09\/migracion-de-datos.svg\" alt=\"\" width=\"334\" height=\"144\" \/><\/p>\n<\/div>\n<\/div><\/div><\/div><div id=\"panel-1147-1-0-1\" class=\"so-panel widget widget_sow-editor panel-last-child\" data-index=\"5\" ><div class=\"panel-widget-style panel-widget-style-for-1147-1-0-1\" ><div\n\t\t\t\n\t\t\tclass=\"so-widget-sow-editor so-widget-sow-editor-base\"\n\t\t\t\n\t\t>\n<div class=\"siteorigin-widget-tinymce textwidget\">\n\t<h3><span style=\"color: #e3530f;\">Migraci\u00f3n de datos<\/span><\/h3>\n<p>Nuestros experimentados consultores y especialistas ejecutan migraciones r\u00e1pidas y sin problemas, priorizando la seguridad y asegurando que no haya interrupciones en el servicio.<\/p>\n<p><strong>Ofrecemos un conjunto completo de servicios de migraci\u00f3n de datos, desde la estrategia inicial hasta la transferencia de datos en directo, garantizando una transici\u00f3n fluida y segura.<\/strong><\/p>\n<\/div>\n<\/div><\/div><\/div><\/div><\/div><div id=\"pgc-1147-1-1\"  class=\"panel-grid-cell\" ><div id=\"panel-1147-1-1-0\" class=\"so-panel widget widget_sow-editor panel-first-child\" data-index=\"6\" ><div id=\"implementacion\" class=\"panel-widget-style panel-widget-style-for-1147-1-1-0\" ><div\n\t\t\t\n\t\t\tclass=\"so-widget-sow-editor so-widget-sow-editor-base\"\n\t\t\t\n\t\t>\n<div class=\"siteorigin-widget-tinymce textwidget\">\n\t<p><img loading=\"lazy\" decoding=\"async\" class=\"alignnone wp-image-1168\" src=\"https:\/\/renovasolutions.com\/wp-content\/uploads\/2024\/09\/implementacion.svg\" alt=\"\" width=\"250\" height=\"144\" \/><\/p>\n<\/div>\n<\/div><\/div><\/div><div id=\"panel-1147-1-1-1\" class=\"so-panel widget widget_sow-editor panel-last-child\" data-index=\"7\" ><div class=\"panel-widget-style panel-widget-style-for-1147-1-1-1\" ><div\n\t\t\t\n\t\t\tclass=\"so-widget-sow-editor so-widget-sow-editor-base\"\n\t\t\t\n\t\t>\n<div class=\"siteorigin-widget-tinymce textwidget\">\n\t<h3><span style=\"color: #e3530f;\">Implementaci\u00f3n<\/span><\/h3>\n<p>Reduzca sus riesgos de implementaci\u00f3n con nuestro m\u00e9todo probado y tome la ruta m\u00e1s corta para lograr implementaciones de software exitosas, a tiempo y dentro del presupuesto.<\/p>\n<p><strong>Nuestros servicios incluyen planificaci\u00f3n, arquitectura de sistemas, integraci\u00f3n de sistemas, instalaci\u00f3n y configuraci\u00f3n de software y capacitaci\u00f3n de usuarios, asegurando una implementaci\u00f3n eficiente y sin contratiempos.<\/strong><\/p>\n<\/div>\n<\/div><\/div><\/div><\/div><\/div><\/div><\/div><div id=\"pg-1147-2\"  class=\"panel-grid panel-has-style\" ><div class=\"siteorigin-panels-stretch panel-row-style panel-row-style-for-1147-2\" data-stretch-type=\"full\" ><div class=\"so-panels-full-wrapper\" ><div id=\"pgc-1147-2-0\"  class=\"panel-grid-cell\" ><div id=\"panel-1147-2-0-0\" class=\"so-panel widget widget_sow-editor panel-first-child\" data-index=\"8\" ><div\n\t\t\t\n\t\t\tclass=\"so-widget-sow-editor so-widget-sow-editor-base\"\n\t\t\t\n\t\t>\n<div class=\"siteorigin-widget-tinymce textwidget\">\n\t<p><img loading=\"lazy\" decoding=\"async\" class=\"alignnone  wp-image-1174\" src=\"https:\/\/renovasolutions.com\/wp-content\/uploads\/2024\/09\/capacitacion.svg\" alt=\"\" width=\"257\" height=\"144\" \/><\/p>\n<\/div>\n<\/div><\/div><div id=\"panel-1147-2-0-1\" class=\"so-panel widget widget_sow-editor panel-last-child\" data-index=\"9\" ><div class=\"panel-widget-style panel-widget-style-for-1147-2-0-1\" ><div\n\t\t\t\n\t\t\tclass=\"so-widget-sow-editor so-widget-sow-editor-base\"\n\t\t\t\n\t\t>\n<div class=\"siteorigin-widget-tinymce textwidget\">\n\t<h3><span style=\"color: #e3530f;\">Capacitaci\u00f3n<\/span><\/h3>\n<p>Aseg\u00farese de que sus usuarios aprovechen al m\u00e1ximo nuestras soluciones con capacitaci\u00f3n personalizable ofrecida en sus instalaciones y adaptada a sus necesidades.<\/p>\n<p><strong>Nuestros cursos incluyen pr\u00e1cticas y diversos materiales de capacitaci\u00f3n f\u00e1ciles de usar, garantizando resultados inmediatos y medibles.<\/strong><\/p>\n<\/div>\n<\/div><\/div><\/div><\/div><div id=\"pgc-1147-2-1\"  class=\"panel-grid-cell\" ><div id=\"capacitacion\" class=\"panel-cell-style panel-cell-style-for-1147-2-1\" ><div id=\"panel-1147-2-1-0\" class=\"so-panel widget widget_sow-editor panel-first-child\" data-index=\"10\" ><div id=\"manejo-de-proyectos\" class=\"panel-widget-style panel-widget-style-for-1147-2-1-0\" ><div\n\t\t\t\n\t\t\tclass=\"so-widget-sow-editor so-widget-sow-editor-base\"\n\t\t\t\n\t\t>\n<div class=\"siteorigin-widget-tinymce textwidget\">\n\t<p><img loading=\"lazy\" decoding=\"async\" class=\"alignnone  wp-image-1177\" src=\"https:\/\/renovasolutions.com\/wp-content\/uploads\/2024\/09\/manejo-de-proyectos.svg\" alt=\"\" width=\"267\" height=\"133\" \/><\/p>\n<\/div>\n<\/div><\/div><\/div><div id=\"panel-1147-2-1-1\" class=\"so-panel widget widget_sow-editor panel-last-child\" data-index=\"11\" ><div\n\t\t\t\n\t\t\tclass=\"so-widget-sow-editor so-widget-sow-editor-base\"\n\t\t\t\n\t\t>\n<div class=\"siteorigin-widget-tinymce textwidget\">\n\t<h3><span style=\"color: #e3530f;\">Manejo de proyectos<\/span><\/h3>\n<p>Nuestros experimentados gerentes de proyectos con vasta experiencia en Recursos Humanos y n\u00f3mina ayudar\u00e1n a configurar un sistema que refleje su entorno de trabajo \u00fanico y mejore el flujo de tareas.<\/p>\n<p><strong>Adem\u00e1s, nuestros equipos pueden ayudar con conversiones de datos de sistemas heredados y realizar cambios personalizados en su software, mejorando el rendimiento del proyecto y el retorno de su inversi\u00f3n.<\/strong><\/p>\n<\/div>\n<\/div><\/div><\/div><\/div><\/div><\/div><\/div><div id=\"pg-1147-3\"  class=\"panel-grid panel-has-style\" ><div class=\"siteorigin-panels-stretch panel-row-style panel-row-style-for-1147-3\" data-stretch-type=\"full\" ><div class=\"so-panels-full-wrapper\" ><div id=\"pgc-1147-3-0\"  class=\"panel-grid-cell\" ><div id=\"panel-1147-3-0-0\" class=\"so-panel widget widget_sow-editor panel-first-child\" data-index=\"12\" ><div\n\t\t\t\n\t\t\tclass=\"so-widget-sow-editor so-widget-sow-editor-base\"\n\t\t\t\n\t\t>\n<div class=\"siteorigin-widget-tinymce textwidget\">\n\t<p><img loading=\"lazy\" decoding=\"async\" class=\"alignnone wp-image-1184\" src=\"https:\/\/renovasolutions.com\/wp-content\/uploads\/2024\/09\/mantenimiento.svg\" alt=\"\" width=\"277\" height=\"138\" \/><\/p>\n<\/div>\n<\/div><\/div><div id=\"panel-1147-3-0-1\" class=\"so-panel widget widget_sow-editor panel-last-child\" data-index=\"13\" ><div class=\"panel-widget-style panel-widget-style-for-1147-3-0-1\" ><div\n\t\t\t\n\t\t\tclass=\"so-widget-sow-editor so-widget-sow-editor-base\"\n\t\t\t\n\t\t>\n<div class=\"siteorigin-widget-tinymce textwidget\">\n\t<h3><span style=\"color: #e3530f;\">Mantenimiento<\/span><\/h3>\n<p>Reciba actualizaciones de productos, correcciones de errores y soporte t\u00e9cnico con una suscripci\u00f3n anual que incluye: <strong>mantenimiento preventivo, correctivo, perfeccionado y adaptable, garantizando que sus aplicaciones funcionen sin problemas y est\u00e9n siempre actualizadas.<\/strong><\/p>\n<\/div>\n<\/div><\/div><\/div><\/div><div id=\"pgc-1147-3-1\"  class=\"panel-grid-cell\" ><div id=\"mantenimiento\" class=\"panel-cell-style panel-cell-style-for-1147-3-1\" ><div id=\"panel-1147-3-1-0\" class=\"so-panel widget widget_sow-editor panel-first-child\" data-index=\"14\" ><div id=\"desarrollo-personalizado\" class=\"panel-widget-style panel-widget-style-for-1147-3-1-0\" ><div\n\t\t\t\n\t\t\tclass=\"so-widget-sow-editor so-widget-sow-editor-base\"\n\t\t\t\n\t\t>\n<div class=\"siteorigin-widget-tinymce textwidget\">\n\t<p><img loading=\"lazy\" decoding=\"async\" class=\"alignnone wp-image-1186\" src=\"https:\/\/renovasolutions.com\/wp-content\/uploads\/2024\/09\/desarrollo-personalizado.svg\" alt=\"\" width=\"312\" height=\"155\" \/><\/p>\n<\/div>\n<\/div><\/div><\/div><div id=\"panel-1147-3-1-1\" class=\"so-panel widget widget_sow-editor panel-last-child\" data-index=\"15\" ><div class=\"panel-widget-style panel-widget-style-for-1147-3-1-1\" ><div\n\t\t\t\n\t\t\tclass=\"so-widget-sow-editor so-widget-sow-editor-base\"\n\t\t\t\n\t\t>\n<div class=\"siteorigin-widget-tinymce textwidget\">\n\t<h3><span style=\"color: #e3530f;\">Desarrollo Personalizado<\/span><\/h3>\n<p>Optimice la productividad con funcionalidades personalizadas y adaptadas a sus necesidades espec\u00edficas con nuestros expertos programadores e ingenieros de software.<\/p>\n<p><strong>Si sus necesidades se extienden m\u00e1s all\u00e1 del alcance de sus aplicaciones, nuestro equipo brinda servicios de personalizaci\u00f3n de software confiables y rentables.<\/strong><\/p>\n<\/div>\n<\/div><\/div><\/div><\/div><\/div><\/div><\/div><\/div><div id=\"pg-1147-4\"  class=\"panel-grid panel-has-style\" ><div class=\"siteorigin-panels-stretch panel-row-style panel-row-style-for-1147-4\" data-stretch-type=\"full\" ><div class=\"so-panels-full-wrapper\" ><div id=\"pgc-1147-4-0\"  class=\"panel-grid-cell panel-grid-cell-mobile-last\" ><div id=\"panel-1147-4-0-0\" class=\"so-panel widget widget_sow-editor panel-first-child\" data-index=\"16\" ><div\n\t\t\t\n\t\t\tclass=\"so-widget-sow-editor so-widget-sow-editor-base\"\n\t\t\t\n\t\t>\n<div class=\"siteorigin-widget-tinymce textwidget\">\n\t<p><img loading=\"lazy\" decoding=\"async\" class=\"alignnone  wp-image-1187\" src=\"https:\/\/renovasolutions.com\/wp-content\/uploads\/2024\/09\/procesamiento-nomina.svg\" alt=\"\" width=\"272\" height=\"144\" \/><\/p>\n<\/div>\n<\/div><\/div><div id=\"panel-1147-4-0-1\" class=\"so-panel widget widget_sow-editor panel-last-child\" data-index=\"17\" ><div class=\"panel-widget-style panel-widget-style-for-1147-4-0-1\" ><div\n\t\t\t\n\t\t\tclass=\"so-widget-sow-editor so-widget-sow-editor-base\"\n\t\t\t\n\t\t>\n<div class=\"siteorigin-widget-tinymce textwidget\">\n\t<h3><span style=\"color: #e3530f;\">Procesamiento de N\u00f3mina<\/span><\/h3>\n<p>Elimine el estr\u00e9s del d\u00eda de pago y simplifique el cumplimiento con nuestro servicio de procesamiento de n\u00f3mina.<\/p>\n<p><strong>Nuestro equipo experto se encargar\u00e1 de los requisitos complejos de reglas salariales, el procesamiento eficiente de la n\u00f3mina, las deducciones autom\u00e1ticas, la presentaci\u00f3n de impuestos y la generaci\u00f3n de informes de cumplimiento, asegurando una gesti\u00f3n de n\u00f3mina sin problemas y cumpliendo con todas las regulaciones aplicables.<\/strong><\/p>\n<p>&nbsp;<\/p>\n<\/div>\n<\/div><\/div><\/div><\/div><div id=\"pgc-1147-4-1\"  class=\"panel-grid-cell panel-grid-cell-empty\" ><div id=\"procesamiento-de-nomina\" class=\"panel-cell-style panel-cell-style-for-1147-4-1\" ><\/div><\/div><\/div><\/div><\/div><\/div>","protected":false},"excerpt":{"rendered":"<p>SERVICIOS Obtenga acceso a servicios avanzados de soporte t\u00e9cnico y profesional para todas sus necesidades de mantenimiento y proyectos especiales con RENOVA Solutions. Migraci\u00f3n de datos Nuestros experimentados consultores y especialistas ejecutan migraciones r\u00e1pidas y sin problemas, priorizando la seguridad y asegurando que no haya interrupciones en el servicio. Ofrecemos un conjunto completo de servicios [&hellip;]<\/p>\n","protected":false},"author":6,"featured_media":0,"parent":0,"menu_order":0,"comment_status":"closed","ping_status":"closed","template":"","meta":{"inline_featured_image":false,"footnotes":""},"class_list":["post-1147","page","type-page","status-publish","hentry","post"],"_links":{"self":[{"href":"https:\/\/renovasolutions.com\/es\/wp-json\/wp\/v2\/pages\/1147","targetHints":{"allow":["GET"]}}],"collection":[{"href":"https:\/\/renovasolutions.com\/es\/wp-json\/wp\/v2\/pages"}],"about":[{"href":"https:\/\/renovasolutions.com\/es\/wp-json\/wp\/v2\/types\/page"}],"author":[{"embeddable":true,"href":"https:\/\/renovasolutions.com\/es\/wp-json\/wp\/v2\/users\/6"}],"replies":[{"embeddable":true,"href":"https:\/\/renovasolutions.com\/es\/wp-json\/wp\/v2\/comments?post=1147"}],"version-history":[{"count":141,"href":"https:\/\/renovasolutions.com\/es\/wp-json\/wp\/v2\/pages\/1147\/revisions"}],"predecessor-version":[{"id":4202,"href":"https:\/\/renovasolutions.com\/es\/wp-json\/wp\/v2\/pages\/1147\/revisions\/4202"}],"wp:attachment":[{"href":"https:\/\/renovasolutions.com\/es\/wp-json\/wp\/v2\/media?parent=1147"}],"curies":[{"name":"wp","href":"https:\/\/api.w.org\/{rel}","templated":true}]}}