{"id":1118,"date":"2024-09-01T21:46:05","date_gmt":"2024-09-02T01:46:05","guid":{"rendered":"https:\/\/newrenova.artemediapr.com\/?page_id=1118"},"modified":"2025-01-08T05:27:26","modified_gmt":"2025-01-08T09:27:26","slug":"analiticas","status":"publish","type":"page","link":"https:\/\/renovasolutions.com\/es\/analiticas\/","title":{"rendered":"Anal\u00edticas"},"content":{"rendered":"<div id=\"pl-1118\"  class=\"panel-layout\" ><div id=\"pg-1118-0\"  class=\"panel-grid panel-has-style\" ><div class=\"siteorigin-panels-stretch panel-row-style panel-row-style-for-1118-0\" data-stretch-type=\"full\" ><div class=\"so-panels-full-wrapper\" ><div id=\"pgc-1118-0-0\"  class=\"panel-grid-cell\" ><div id=\"panel-1118-0-0-0\" class=\"so-panel widget widget_sow-editor panel-first-child\" data-index=\"0\" ><div\n\t\t\t\n\t\t\tclass=\"so-widget-sow-editor so-widget-sow-editor-base\"\n\t\t\t\n\t\t>\n<div class=\"siteorigin-widget-tinymce textwidget\">\n\t<h1><span style=\"color: #d19000;\"><strong>ANAL\u00cdTICAS<\/strong><\/span><\/h1>\n<\/div>\n<\/div><\/div><div id=\"panel-1118-0-0-1\" class=\"so-panel widget widget_sow-editor panel-last-child\" data-index=\"1\" ><div class=\"panel-widget-style panel-widget-style-for-1118-0-0-1\" ><div\n\t\t\t\n\t\t\tclass=\"so-widget-sow-editor so-widget-sow-editor-base\"\n\t\t\t\n\t\t>\n<div class=\"siteorigin-widget-tinymce textwidget\">\n\t<p><span style=\"color: #586876;\">Con RENOVA HR Analytics, su personal ejecutivo y los analistas tienen a su disposici\u00f3n una potente herramienta para aprovechar al m\u00e1ximo los datos detallados de los empleados.<\/span><\/p>\n<\/div>\n<\/div><\/div><\/div><\/div><div id=\"pgc-1118-0-1\"  class=\"panel-grid-cell\" ><div id=\"panel-1118-0-1-0\" class=\"so-panel widget widget_sow-editor panel-first-child panel-last-child\" data-index=\"2\" ><div\n\t\t\t\n\t\t\tclass=\"so-widget-sow-editor so-widget-sow-editor-base\"\n\t\t\t\n\t\t>\n<div class=\"siteorigin-widget-tinymce textwidget\">\n\t<p><img loading=\"lazy\" decoding=\"async\" class=\"wp-image-1125 aligncenter\" src=\"https:\/\/renovasolutions.com\/wp-content\/uploads\/2024\/09\/analitics.svg\" alt=\"\" width=\"551\" height=\"454\" \/><\/p>\n<\/div>\n<\/div><\/div><\/div><\/div><\/div><\/div><div id=\"pg-1118-1\"  class=\"panel-grid panel-has-style\" ><div class=\"siteorigin-panels-stretch panel-row-style panel-row-style-for-1118-1\" data-stretch-type=\"full\" ><div class=\"so-panels-full-wrapper\" ><div id=\"pgc-1118-1-0\"  class=\"panel-grid-cell\" ><div id=\"panel-1118-1-0-0\" class=\"so-panel widget widget_sow-editor panel-first-child panel-last-child\" data-index=\"3\" ><div class=\"panel-widget-style panel-widget-style-for-1118-1-0-0\" ><div\n\t\t\t\n\t\t\tclass=\"so-widget-sow-editor so-widget-sow-editor-base\"\n\t\t\t\n\t\t>\n<div class=\"siteorigin-widget-tinymce textwidget\">\n\t<h6><span style=\"color: #d19000;\">Nuestro enfoque se centra en proporcionar an\u00e1lisis profundos que no solo ayudan a comprender mejor la fuerza laboral, sino que tambi\u00e9n impulsan mejoras tangibles en la gesti\u00f3n, desde la maximizaci\u00f3n de la productividad hasta la reducci\u00f3n de costos operativos.<\/span><\/h6>\n<\/div>\n<\/div><\/div><\/div><\/div><\/div><\/div><\/div><div id=\"pg-1118-2\"  class=\"panel-grid panel-has-style\" ><div class=\"so-rounded siteorigin-panels-stretch panel-row-style panel-row-style-for-1118-2\" data-stretch-type=\"full\" ><div class=\"so-panels-full-wrapper\" ><div id=\"pgc-1118-2-0\"  class=\"panel-grid-cell\" ><div id=\"panel-1118-2-0-0\" class=\"so-panel widget widget_sow-editor panel-first-child panel-last-child\" data-index=\"4\" ><div class=\"panel-widget-style panel-widget-style-for-1118-2-0-0\" ><div\n\t\t\t\n\t\t\tclass=\"so-widget-sow-editor so-widget-sow-editor-base\"\n\t\t\t\n\t\t>\n<div class=\"siteorigin-widget-tinymce textwidget\">\n\t<p style=\"text-align: center;\"><span style=\"color: #5d6a70;\"><strong>Al fomentar una cultura anal\u00edtica, democratizamos el acceso a la informaci\u00f3n con reportes y an\u00e1lisis disponibles en cualquier dispositivo: ya sea una computadora en la oficina, una tableta durante un viaje de negocios o un tel\u00e9fono m\u00f3vil mientras est\u00e1 en movimiento. Esta accesibilidad garantiza que el personal ejecutivo y los analistas puedan tomar decisiones informadas en cualquier momento y en cualquier lugar.<\/strong><\/span><\/p>\n<\/div>\n<\/div><\/div><\/div><\/div><\/div><\/div><\/div><div id=\"pg-1118-3\"  class=\"panel-grid panel-has-style\" ><div class=\"siteorigin-panels-stretch panel-row-style panel-row-style-for-1118-3\" data-stretch-type=\"full\" ><div class=\"so-panels-full-wrapper\" ><div id=\"pgc-1118-3-0\"  class=\"panel-grid-cell\" ><div id=\"panel-1118-3-0-0\" class=\"so-panel widget widget_sow-editor panel-first-child panel-last-child\" data-index=\"5\" ><div\n\t\t\t\n\t\t\tclass=\"so-widget-sow-editor so-widget-sow-editor-base\"\n\t\t\t\n\t\t>\n<div class=\"siteorigin-widget-tinymce textwidget\">\n\t<p>La integraci\u00f3n abierta de RENOVA HR Analytics permite trabajar con diversas fuentes de datos externas, lo que crea experiencias conectadas y acciones directas. Utilizamos los datos recopilados en la Suite RENOVA HCM para conectar usuarios y procesos con la informaci\u00f3n necesaria para an\u00e1lisis proactivos y decisiones fundamentadas. Este enfoque integral contribuye significativamente al crecimiento empresarial al ofrecer informaci\u00f3n precisa y relevante que impulsa la eficiencia operativa y el \u00e9xito organizacional.<\/p>\n<p>Obtenga visibilidad autom\u00e1tica de los datos en l\u00ednea y un flujo de datos visuales desde cualquier lugar, en cualquier dispositivo, ya sea que lo cargue desde RENOVA u otra base de datos de datos.<\/p>\n<\/div>\n<\/div><\/div><\/div><div id=\"pgc-1118-3-1\"  class=\"panel-grid-cell\" ><div id=\"panel-1118-3-1-0\" class=\"so-panel widget widget_sow-editor panel-first-child panel-last-child\" data-index=\"6\" ><div\n\t\t\t\n\t\t\tclass=\"so-widget-sow-editor so-widget-sow-editor-base\"\n\t\t\t\n\t\t>\n<div class=\"siteorigin-widget-tinymce textwidget\">\n\t<p><img loading=\"lazy\" decoding=\"async\" class=\" wp-image-1132 aligncenter\" src=\"https:\/\/renovasolutions.com\/wp-content\/uploads\/2024\/09\/analiticas.jpg\" alt=\"\" width=\"615\" height=\"461\" srcset=\"https:\/\/renovasolutions.com\/wp-content\/uploads\/2024\/09\/analiticas.jpg 902w, https:\/\/renovasolutions.com\/wp-content\/uploads\/2024\/09\/analiticas-300x225.jpg 300w, https:\/\/renovasolutions.com\/wp-content\/uploads\/2024\/09\/analiticas-768x576.jpg 768w\" sizes=\"auto, (max-width: 615px) 100vw, 615px\" \/><\/p>\n<\/div>\n<\/div><\/div><\/div><\/div><\/div><\/div><\/div>","protected":false},"excerpt":{"rendered":"<p>ANAL\u00cdTICAS Con RENOVA HR Analytics, su personal ejecutivo y los analistas tienen a su disposici\u00f3n una potente herramienta para aprovechar al m\u00e1ximo los datos detallados de los empleados. Nuestro enfoque se centra en proporcionar an\u00e1lisis profundos que no solo ayudan a comprender mejor la fuerza laboral, sino que tambi\u00e9n impulsan mejoras tangibles en la gesti\u00f3n, [&hellip;]<\/p>\n","protected":false},"author":6,"featured_media":0,"parent":0,"menu_order":0,"comment_status":"closed","ping_status":"closed","template":"","meta":{"inline_featured_image":false,"footnotes":""},"class_list":["post-1118","page","type-page","status-publish","hentry","post"],"_links":{"self":[{"href":"https:\/\/renovasolutions.com\/es\/wp-json\/wp\/v2\/pages\/1118","targetHints":{"allow":["GET"]}}],"collection":[{"href":"https:\/\/renovasolutions.com\/es\/wp-json\/wp\/v2\/pages"}],"about":[{"href":"https:\/\/renovasolutions.com\/es\/wp-json\/wp\/v2\/types\/page"}],"author":[{"embeddable":true,"href":"https:\/\/renovasolutions.com\/es\/wp-json\/wp\/v2\/users\/6"}],"replies":[{"embeddable":true,"href":"https:\/\/renovasolutions.com\/es\/wp-json\/wp\/v2\/comments?post=1118"}],"version-history":[{"count":36,"href":"https:\/\/renovasolutions.com\/es\/wp-json\/wp\/v2\/pages\/1118\/revisions"}],"predecessor-version":[{"id":3839,"href":"https:\/\/renovasolutions.com\/es\/wp-json\/wp\/v2\/pages\/1118\/revisions\/3839"}],"wp:attachment":[{"href":"https:\/\/renovasolutions.com\/es\/wp-json\/wp\/v2\/media?parent=1118"}],"curies":[{"name":"wp","href":"https:\/\/api.w.org\/{rel}","templated":true}]}}