{"id":1025,"date":"2024-09-01T18:04:25","date_gmt":"2024-09-01T22:04:25","guid":{"rendered":"https:\/\/newrenova.artemediapr.com\/?page_id=1025"},"modified":"2024-09-20T12:23:14","modified_gmt":"2024-09-20T16:23:14","slug":"sistema-de-gestion-de-aprendizaje","status":"publish","type":"page","link":"https:\/\/renovasolutions.com\/es\/sistema-de-gestion-de-aprendizaje\/","title":{"rendered":"SISTEMA DE GESTI\u00d3N DE APRENDIZAJE"},"content":{"rendered":"<div id=\"pl-1025\"  class=\"panel-layout\" ><div id=\"pg-1025-0\"  class=\"panel-grid panel-has-style\" ><div class=\"siteorigin-panels-stretch panel-row-style panel-row-style-for-1025-0\" data-stretch-type=\"full\" ><div class=\"so-panels-full-wrapper\" ><div id=\"pgc-1025-0-0\"  class=\"panel-grid-cell\" ><div id=\"panel-1025-0-0-0\" class=\"so-panel widget widget_sow-editor panel-first-child\" data-index=\"0\" ><div\n\t\t\t\n\t\t\tclass=\"so-widget-sow-editor so-widget-sow-editor-base\"\n\t\t\t\n\t\t>\n<div class=\"siteorigin-widget-tinymce textwidget\">\n\t<h1><strong>SISTEMA DE GESTI\u00d3N<br \/>\nDE APRENDIZAJE<\/strong><\/h1>\n<\/div>\n<\/div><\/div><div id=\"panel-1025-0-0-1\" class=\"so-panel widget widget_sow-editor panel-last-child\" data-index=\"1\" ><div class=\"panel-widget-style panel-widget-style-for-1025-0-0-1\" ><div\n\t\t\t\n\t\t\tclass=\"so-widget-sow-editor so-widget-sow-editor-base\"\n\t\t\t\n\t\t>\n<div class=\"siteorigin-widget-tinymce textwidget\">\n\t<p>Nuestra soluci\u00f3n de sistema para el manejo de aprendizaje ofrece una experiencia personalizada desde el primer momento.<\/p>\n<\/div>\n<\/div><\/div><\/div><\/div><div id=\"pgc-1025-0-1\"  class=\"panel-grid-cell\" ><div id=\"panel-1025-0-1-0\" class=\"so-panel widget widget_sow-editor panel-first-child panel-last-child\" data-index=\"2\" ><div\n\t\t\t\n\t\t\tclass=\"so-widget-sow-editor so-widget-sow-editor-base\"\n\t\t\t\n\t\t>\n<div class=\"siteorigin-widget-tinymce textwidget\">\n\t<p><img loading=\"lazy\" decoding=\"async\" class=\"wp-image-1031 aligncenter\" src=\"https:\/\/renovasolutions.com\/wp-content\/uploads\/2024\/09\/gestion-aprendizaje-1.svg\" alt=\"\" width=\"575\" height=\"472\" \/><\/p>\n<\/div>\n<\/div><\/div><\/div><\/div><\/div><\/div><div id=\"pg-1025-1\"  class=\"panel-grid panel-has-style\" ><div class=\"siteorigin-panels-stretch panel-row-style panel-row-style-for-1025-1\" data-stretch-type=\"full\" ><div class=\"so-panels-full-wrapper\" ><div id=\"pgc-1025-1-0\"  class=\"panel-grid-cell\" ><div id=\"panel-1025-1-0-0\" class=\"so-panel widget widget_sow-editor panel-first-child\" data-index=\"3\" ><div class=\"panel-widget-style panel-widget-style-for-1025-1-0-0\" ><div\n\t\t\t\n\t\t\tclass=\"so-widget-sow-editor so-widget-sow-editor-base\"\n\t\t\t\n\t\t>\n<div class=\"siteorigin-widget-tinymce textwidget\">\n\t<p style=\"text-align: center;\">Puede personalizar el aspecto de su portal con elementos reconocibles de su marca, como el logotipo y los colores de la empresa, lo que garantiza una experiencia coherente para sus empleados. Adem\u00e1s, puede crear programas de desarrollo espec\u00edficos y determinar qui\u00e9n tiene acceso a ellos.<\/p>\n<\/div>\n<\/div><\/div><\/div><div id=\"panel-1025-1-0-1\" class=\"so-panel widget widget_sow-editor panel-last-child\" data-index=\"4\" ><div\n\t\t\t\n\t\t\tclass=\"so-widget-sow-editor so-widget-sow-editor-base\"\n\t\t\t\n\t\t>\n<div class=\"siteorigin-widget-tinymce textwidget\">\n\t<h3 style=\"text-align: left;\">Con nuestro sistema, tiene acceso ilimitado a cursos b\u00e1sicos de formaci\u00f3n, lo que le permite ofrecer una amplia gama de contenido de aprendizaje a sus empleados.<\/h3>\n<\/div>\n<\/div><\/div><\/div><\/div><\/div><\/div><div id=\"pg-1025-2\"  class=\"panel-grid panel-has-style\" ><div class=\"so-rounded siteorigin-panels-stretch panel-row-style panel-row-style-for-1025-2\" data-stretch-type=\"full\" ><div class=\"so-panels-full-wrapper\" ><div id=\"pgc-1025-2-0\"  class=\"panel-grid-cell\" ><div id=\"panel-1025-2-0-0\" class=\"so-panel widget widget_sow-editor panel-first-child panel-last-child\" data-index=\"5\" ><div class=\"panel-widget-style panel-widget-style-for-1025-2-0-0\" ><div\n\t\t\t\n\t\t\tclass=\"so-widget-sow-editor so-widget-sow-editor-base\"\n\t\t\t\n\t\t>\n<div class=\"siteorigin-widget-tinymce textwidget\">\n\t<p>Puede personalizar el aspecto de su portal con elementos reconocibles de su marca, como el logotipo y los colores de la empresa, lo que garantiza una experiencia coherente para sus empleados. Adem\u00e1s, puede crear programas de desarrollo espec\u00edficos y determinar qui\u00e9n tiene acceso a ellos.<\/p>\n<p><strong><span style=\"color: #00b4ac;\">Adem\u00e1s, nuestra plataforma proporciona herramientas integrales para el cumplimiento normativo:<\/span><\/strong><\/p>\n<\/div>\n<\/div><\/div><\/div><\/div><\/div><\/div><\/div><div id=\"pg-1025-3\"  class=\"panel-grid panel-has-style\" ><div class=\"so-rounded siteorigin-panels-stretch panel-row-style panel-row-style-for-1025-3\" data-stretch-type=\"full\" ><div class=\"so-panels-full-wrapper\" ><div id=\"pgc-1025-3-0\"  class=\"panel-grid-cell\" ><div id=\"panel-1025-3-0-0\" class=\"so-panel widget widget_sow-editor panel-first-child\" data-index=\"6\" ><div\n\t\t\t\n\t\t\tclass=\"so-widget-sow-editor so-widget-sow-editor-base\"\n\t\t\t\n\t\t>\n<div class=\"siteorigin-widget-tinymce textwidget\">\n\t<p><img loading=\"lazy\" decoding=\"async\" class=\"alignnone  wp-image-1068\" src=\"https:\/\/renovasolutions.com\/wp-content\/uploads\/2024\/09\/documentacion.png\" alt=\"\" width=\"128\" height=\"156\" \/><\/p>\n<\/div>\n<\/div><\/div><div id=\"panel-1025-3-0-1\" class=\"so-panel widget widget_sow-editor panel-last-child\" data-index=\"7\" ><div\n\t\t\t\n\t\t\tclass=\"so-widget-sow-editor so-widget-sow-editor-base\"\n\t\t\t\n\t\t>\n<div class=\"siteorigin-widget-tinymce textwidget\">\n\t<p><strong>DOCUMENTACI\u00d3N<\/strong><\/p>\n<p>Puede documentar el cumplimiento. Tambi\u00e9n generar y presentar informes a las agencias pertinentes.<\/p>\n<\/div>\n<\/div><\/div><\/div><div id=\"pgc-1025-3-1\"  class=\"panel-grid-cell\" ><div id=\"panel-1025-3-1-0\" class=\"so-panel widget widget_sow-editor panel-first-child\" data-index=\"8\" ><div\n\t\t\t\n\t\t\tclass=\"so-widget-sow-editor so-widget-sow-editor-base\"\n\t\t\t\n\t\t>\n<div class=\"siteorigin-widget-tinymce textwidget\">\n\t<p><img loading=\"lazy\" decoding=\"async\" class=\"alignnone  wp-image-1073\" src=\"https:\/\/renovasolutions.com\/wp-content\/uploads\/2024\/09\/informes-detallados.png\" alt=\"\" width=\"110\" height=\"157\" \/><\/p>\n<\/div>\n<\/div><\/div><div id=\"panel-1025-3-1-1\" class=\"so-panel widget widget_sow-editor panel-last-child\" data-index=\"9\" ><div\n\t\t\t\n\t\t\tclass=\"so-widget-sow-editor so-widget-sow-editor-base\"\n\t\t\t\n\t\t>\n<div class=\"siteorigin-widget-tinymce textwidget\">\n\t<p><strong>INFORMES DETALLADOS<\/strong><\/p>\n<p>Puede tomar decisiones informadas basadas en el progreso de los alumnos y las m\u00e9tricas clave de finalizaci\u00f3n del curso con informes en tiempo real y datos visuales detallados.<\/p>\n<\/div>\n<\/div><\/div><\/div><div id=\"pgc-1025-3-2\"  class=\"panel-grid-cell\" ><div id=\"panel-1025-3-2-0\" class=\"so-panel widget widget_sow-editor panel-first-child\" data-index=\"10\" ><div\n\t\t\t\n\t\t\tclass=\"so-widget-sow-editor so-widget-sow-editor-base\"\n\t\t\t\n\t\t>\n<div class=\"siteorigin-widget-tinymce textwidget\">\n\t<p><img loading=\"lazy\" decoding=\"async\" class=\"alignnone  wp-image-1076\" src=\"https:\/\/renovasolutions.com\/wp-content\/uploads\/2024\/09\/progreso-y-rendimiento.png\" alt=\"\" width=\"152\" height=\"155\" \/><\/p>\n<\/div>\n<\/div><\/div><div id=\"panel-1025-3-2-1\" class=\"so-panel widget widget_sow-editor panel-last-child\" data-index=\"11\" ><div\n\t\t\t\n\t\t\tclass=\"so-widget-sow-editor so-widget-sow-editor-base\"\n\t\t\t\n\t\t>\n<div class=\"siteorigin-widget-tinymce textwidget\">\n\t<p><strong>PROGRESO Y RENDIMIENTO<\/strong><\/p>\n<p>Puede acceder a informes a escala local y global en cualquier momento, lo que le permite mantenerse al tanto del progreso y el rendimiento del aprendizaje en toda su organizaci\u00f3n.<\/p>\n<\/div>\n<\/div><\/div><\/div><\/div><\/div><\/div><\/div>","protected":false},"excerpt":{"rendered":"<p>SISTEMA DE GESTI\u00d3N DE APRENDIZAJE Nuestra soluci\u00f3n de sistema para el manejo de aprendizaje ofrece una experiencia personalizada desde el primer momento. Puede personalizar el aspecto de su portal con elementos reconocibles de su marca, como el logotipo y los colores de la empresa, lo que garantiza una experiencia coherente para sus empleados. Adem\u00e1s, puede [&hellip;]<\/p>\n","protected":false},"author":6,"featured_media":0,"parent":0,"menu_order":0,"comment_status":"closed","ping_status":"closed","template":"","meta":{"inline_featured_image":false,"footnotes":""},"class_list":["post-1025","page","type-page","status-publish","hentry","post"],"_links":{"self":[{"href":"https:\/\/renovasolutions.com\/es\/wp-json\/wp\/v2\/pages\/1025","targetHints":{"allow":["GET"]}}],"collection":[{"href":"https:\/\/renovasolutions.com\/es\/wp-json\/wp\/v2\/pages"}],"about":[{"href":"https:\/\/renovasolutions.com\/es\/wp-json\/wp\/v2\/types\/page"}],"author":[{"embeddable":true,"href":"https:\/\/renovasolutions.com\/es\/wp-json\/wp\/v2\/users\/6"}],"replies":[{"embeddable":true,"href":"https:\/\/renovasolutions.com\/es\/wp-json\/wp\/v2\/comments?post=1025"}],"version-history":[{"count":53,"href":"https:\/\/renovasolutions.com\/es\/wp-json\/wp\/v2\/pages\/1025\/revisions"}],"predecessor-version":[{"id":2908,"href":"https:\/\/renovasolutions.com\/es\/wp-json\/wp\/v2\/pages\/1025\/revisions\/2908"}],"wp:attachment":[{"href":"https:\/\/renovasolutions.com\/es\/wp-json\/wp\/v2\/media?parent=1025"}],"curies":[{"name":"wp","href":"https:\/\/api.w.org\/{rel}","templated":true}]}}